{"id":100062,"date":"2025-09-17T13:24:35","date_gmt":"2025-09-17T11:24:35","guid":{"rendered":"https:\/\/galicianparts.com\/shop\/producto\/51764867-kit-tubos-modulo-calefaccion-fiat-doblo-1-9jtd-2005-nuevo-original\/"},"modified":"2025-12-11T14:36:57","modified_gmt":"2025-12-11T12:36:57","slug":"51764867-kit-tubos-modulo-calefaccion-fiat-doblo-1-9jtd-2005-nuevo-original","status":"publish","type":"product","link":"https:\/\/galicianparts.com\/shop\/producto\/51764867-kit-tubos-modulo-calefaccion-fiat-doblo-1-9jtd-2005-nuevo-original\/","title":{"rendered":"51764867 Kit tubos m\u00f3dulo calefacci\u00f3n Fiat Doblo 1.9JTD (2005-&#8230;) NUEVO ORIGINAL"},"content":{"rendered":"<p>Pack de los manguitos del radiador del m\u00f3dulo de la calefacci\u00f3n de:<br \/>\nFIAT PROFESSIONAL &#8211; 3C DOBLO REST. 2005 (2005-&#8230;.) 1910\u00a0JTD\u00a08V\u00a0CF4\u00a0105CV\/77KW \/ 1910\u00a0JTD\u00a08V\u00a0CF4\u00a0100CV\/74KW<br \/>\nFIAT PROFESSIONAL &#8211; 3C DOBLO REST. 2005 (2005-&#8230;.) 1910\u00a0JTD\u00a08V\u00a0CF4\u00a0105CV\/77KW \/ 1910\u00a0JTD\u00a08V\u00a0CF4\u00a0100CV\/74KW \/ AIRE ACONDICIONADO<\/p>\n<p>LA PIEZA ES NUEVA Y ORIGINAL.<\/p>\n","protected":false},"excerpt":{"rendered":"<p>Pack de los manguitos del radiador del m\u00f3dulo de la calefacci\u00f3n de: FIAT PROFESSIONAL &#8211; 3C DOBLO REST. 2005 (2005-&#8230;.) 1910\u00a0JTD\u00a08V\u00a0CF4\u00a0105CV\/77KW \/ 1910\u00a0JTD\u00a08V\u00a0CF4\u00a0100CV\/74KW FIAT PROFESSIONAL &#8211; 3C DOBLO REST. 2005 (2005-&#8230;.) 1910\u00a0JTD\u00a08V\u00a0CF4\u00a0105CV\/77KW \/ 1910\u00a0JTD\u00a08V\u00a0CF4\u00a0100CV\/74KW \/ AIRE ACONDICIONADO LA PIEZA ES NUEVA Y ORIGINAL.<\/p>\n","protected":false},"featured_media":100066,"template":"","meta":{"_seopress_robots_primary_cat":"","_seopress_titles_title":"","_seopress_titles_desc":"","_seopress_robots_index":""},"product_cat":[87,20],"product_tag":[],"class_list":{"0":"post-100062","1":"product","2":"type-product","3":"status-publish","4":"has-post-thumbnail","6":"product_cat-recambios-fiat-doblo","7":"product_cat-recambios-fiat","9":"first","10":"outofstock","11":"taxable","12":"shipping-taxable","13":"purchasable","14":"product-type-simple"},"_links":{"self":[{"href":"https:\/\/galicianparts.com\/shop\/wp-json\/wp\/v2\/product\/100062"}],"collection":[{"href":"https:\/\/galicianparts.com\/shop\/wp-json\/wp\/v2\/product"}],"about":[{"href":"https:\/\/galicianparts.com\/shop\/wp-json\/wp\/v2\/types\/product"}],"wp:featuredmedia":[{"embeddable":true,"href":"https:\/\/galicianparts.com\/shop\/wp-json\/wp\/v2\/media\/100066"}],"wp:attachment":[{"href":"https:\/\/galicianparts.com\/shop\/wp-json\/wp\/v2\/media?parent=100062"}],"wp:term":[{"taxonomy":"product_cat","embeddable":true,"href":"https:\/\/galicianparts.com\/shop\/wp-json\/wp\/v2\/product_cat?post=100062"},{"taxonomy":"product_tag","embeddable":true,"href":"https:\/\/galicianparts.com\/shop\/wp-json\/wp\/v2\/product_tag?post=100062"}],"curies":[{"name":"wp","href":"https:\/\/api.w.org\/{rel}","templated":true}]}}