{"id":100145,"date":"2025-09-18T12:53:24","date_gmt":"2025-09-18T10:53:24","guid":{"rendered":"https:\/\/galicianparts.com\/shop\/producto\/7724243-junta-soporte-mariposa-inyeccion-fiat-uno-1-0-1-1-1989-1995-original\/"},"modified":"2025-09-18T12:57:07","modified_gmt":"2025-09-18T10:57:07","slug":"7724243-junta-soporte-mariposa-inyeccion-fiat-uno-1-0-1-1-1989-1995-original","status":"publish","type":"product","link":"https:\/\/galicianparts.com\/shop\/producto\/7724243-junta-soporte-mariposa-inyeccion-fiat-uno-1-0-1-1-1989-1995-original\/","title":{"rendered":"7724243 Junta soporte mariposa inyecci\u00f3n Fiat Uno 1.0-1.1 (1989-1995) ORIGINAL"},"content":{"rendered":"<p>Brida, separador t\u00e9rmico del soporte del cuerpo de la mariposa de inyecci\u00f3n, con el peque\u00f1o desperfecto que se ve en las im\u00e1genes de:<br \/>\nFIAT &#8211; MR UNO R\/89 1.0-1.1 (1989-1995) 1000 USA&#8217;83 \/ 1108 USA&#8217;83 (51CV) \/ 1100 USA&#8217;83 (49CV)<\/p>\n<p>LA PIEZA ES NUEVA Y ORIGINAL.<\/p>\n","protected":false},"excerpt":{"rendered":"<p>Brida, separador t\u00e9rmico del soporte del cuerpo de la mariposa de inyecci\u00f3n, con el peque\u00f1o desperfecto que se ve en las im\u00e1genes de: FIAT &#8211; MR UNO R\/89 1.0-1.1 (1989-1995) 1000 USA&#8217;83 \/ 1108 USA&#8217;83 (51CV) \/ 1100 USA&#8217;83 (49CV) LA PIEZA ES NUEVA Y ORIGINAL.<\/p>\n","protected":false},"featured_media":100149,"template":"","meta":{"_seopress_robots_primary_cat":"","_seopress_titles_title":"","_seopress_titles_desc":"","_seopress_robots_index":""},"product_cat":[20,114],"product_tag":[],"class_list":{"0":"post-100145","1":"product","2":"type-product","3":"status-publish","4":"has-post-thumbnail","6":"product_cat-recambios-fiat","7":"product_cat-recambios-fiat-uno","9":"first","10":"instock","11":"taxable","12":"shipping-taxable","13":"purchasable","14":"product-type-simple"},"_links":{"self":[{"href":"https:\/\/galicianparts.com\/shop\/wp-json\/wp\/v2\/product\/100145"}],"collection":[{"href":"https:\/\/galicianparts.com\/shop\/wp-json\/wp\/v2\/product"}],"about":[{"href":"https:\/\/galicianparts.com\/shop\/wp-json\/wp\/v2\/types\/product"}],"wp:featuredmedia":[{"embeddable":true,"href":"https:\/\/galicianparts.com\/shop\/wp-json\/wp\/v2\/media\/100149"}],"wp:attachment":[{"href":"https:\/\/galicianparts.com\/shop\/wp-json\/wp\/v2\/media?parent=100145"}],"wp:term":[{"taxonomy":"product_cat","embeddable":true,"href":"https:\/\/galicianparts.com\/shop\/wp-json\/wp\/v2\/product_cat?post=100145"},{"taxonomy":"product_tag","embeddable":true,"href":"https:\/\/galicianparts.com\/shop\/wp-json\/wp\/v2\/product_tag?post=100145"}],"curies":[{"name":"wp","href":"https:\/\/api.w.org\/{rel}","templated":true}]}}