{"id":100164,"date":"2025-09-19T10:06:17","date_gmt":"2025-09-19T08:06:17","guid":{"rendered":"https:\/\/galicianparts.com\/shop\/producto\/46533392-conector-porton-trasero-fiat-bravo-brava-nuevo-original\/"},"modified":"2026-02-13T11:05:46","modified_gmt":"2026-02-13T09:05:46","slug":"46533392-conector-porton-trasero-fiat-bravo-brava-nuevo-original","status":"publish","type":"product","link":"https:\/\/galicianparts.com\/shop\/producto\/46533392-conector-porton-trasero-fiat-bravo-brava-nuevo-original\/","title":{"rendered":"46533392 Conector port\u00f3n trasero Fiat Bravo \/Brava NUEVO ORIGINAL"},"content":{"rendered":"<p>Conexi\u00f3n del limpiaparabrisas posterior, cableado, instalaci\u00f3n el\u00e9ctrica del port\u00f3n del maletero de:<br \/>\nFIAT &#8211; 1M BRAVA G.98 BZ\/DS (1998-2001)<br \/>\nFIAT &#8211; 1L BRAVO G.98 BZ\/DS (1998-2001)<\/p>\n<p>LA PIEZA ES NUEVA Y ORIGINAL.<\/p>\n","protected":false},"excerpt":{"rendered":"<p>Conexi\u00f3n del limpiaparabrisas posterior, cableado, instalaci\u00f3n el\u00e9ctrica del port\u00f3n del maletero de: FIAT &#8211; 1M BRAVA G.98 BZ\/DS (1998-2001) FIAT &#8211; 1L BRAVO G.98 BZ\/DS (1998-2001) LA PIEZA ES NUEVA Y ORIGINAL.<\/p>\n","protected":false},"featured_media":100168,"template":"","meta":{"_seopress_robots_primary_cat":"","_seopress_titles_title":"","_seopress_titles_desc":"","_seopress_robots_index":""},"product_cat":[81,82,20],"product_tag":[],"class_list":{"0":"post-100164","1":"product","2":"type-product","3":"status-publish","4":"has-post-thumbnail","6":"product_cat-recambios-fiat-brava","7":"product_cat-recambios-fiat-bravo","8":"product_cat-recambios-fiat","10":"first","11":"outofstock","12":"taxable","13":"shipping-taxable","14":"purchasable","15":"product-type-simple"},"_links":{"self":[{"href":"https:\/\/galicianparts.com\/shop\/wp-json\/wp\/v2\/product\/100164"}],"collection":[{"href":"https:\/\/galicianparts.com\/shop\/wp-json\/wp\/v2\/product"}],"about":[{"href":"https:\/\/galicianparts.com\/shop\/wp-json\/wp\/v2\/types\/product"}],"wp:featuredmedia":[{"embeddable":true,"href":"https:\/\/galicianparts.com\/shop\/wp-json\/wp\/v2\/media\/100168"}],"wp:attachment":[{"href":"https:\/\/galicianparts.com\/shop\/wp-json\/wp\/v2\/media?parent=100164"}],"wp:term":[{"taxonomy":"product_cat","embeddable":true,"href":"https:\/\/galicianparts.com\/shop\/wp-json\/wp\/v2\/product_cat?post=100164"},{"taxonomy":"product_tag","embeddable":true,"href":"https:\/\/galicianparts.com\/shop\/wp-json\/wp\/v2\/product_tag?post=100164"}],"curies":[{"name":"wp","href":"https:\/\/api.w.org\/{rel}","templated":true}]}}