{"id":100441,"date":"2025-11-06T14:14:58","date_gmt":"2025-11-06T12:14:58","guid":{"rendered":"https:\/\/galicianparts.com\/shop\/producto\/ma-129-filtro-aire-clean-ma129-fiat-ritmo-124-lancia-beta-seat-autobianchi-peugeot\/"},"modified":"2025-11-06T14:19:18","modified_gmt":"2025-11-06T12:19:18","slug":"ma-129-filtro-aire-clean-ma129-fiat-ritmo-124-lancia-beta-seat-autobianchi-peugeot","status":"publish","type":"product","link":"https:\/\/galicianparts.com\/shop\/producto\/ma-129-filtro-aire-clean-ma129-fiat-ritmo-124-lancia-beta-seat-autobianchi-peugeot\/","title":{"rendered":"MA 129 Filtro aire CLEAN MA129 Fiat Ritmo \/124 \/Lancia Beta \/Seat \/Autobianchi \/Peugeot"},"content":{"rendered":"<p>4363009 Filtro de aire Clean MA 129 de:<br \/>\nDi\u00e1metro exterior: 231mm<br \/>\nDi\u00e1metro interior: 182mm<br \/>\nAlto: 60mm<\/p>\n<p>FIAT Ritmo I Cabrio<br \/>\n1.6 100, A\u00f1o 10.1985 &#8211; 12.1987, 1585 ccm, 100 cv<br \/>\nFIAT Ritmo I Hatchback (138)<br \/>\n1.6, A\u00f1o 01.1983 &#8211; 12.1987, 1585 ccm, 100 cv<br \/>\n1.6, A\u00f1o 05.1981 &#8211; 12.1987, 1585 ccm, 105 cv<br \/>\nFiat Ritmo ABARTH (138A_)<br \/>\n125 TC 2.0 (138.A_), A\u00f1o 11.1981 &#8211; 12.1987, 1995 ccm, 125 cv<br \/>\nFIAT 124 Sport Spider (124)<br \/>\n1.7 Sport, A\u00f1o 01.1973 &#8211; 07.1975, 1739 ccm, 112 cv<br \/>\n1800 Sport (CS1), A\u00f1o 01.1972 &#8211; 12.1977, 1756 ccm, 118 cv<br \/>\nFIAT 131 Berlina (131)<br \/>\n1.4 Super Mirafiori, A\u00f1o 04.1981 &#8211; 12.1983, 1367 ccm, 75 cv<br \/>\n1.6 Super, A\u00f1o 03.1978 &#8211; 01.1984, 1585 ccm, 97 cv<br \/>\n1.6 Super Mirafiori, A\u00f1o 03.1979 &#8211; 03.1982, 1585 ccm, 98 cv<br \/>\n2.0 Abarth Rally, A\u00f1o 01.1976 &#8211; 07.1980, 1995 ccm, 140 cv<br \/>\n2.0 Racing, A\u00f1o 06.1978 &#8211; 12.1981, 1995 ccm, 115 cv<br \/>\n2.0 Super, A\u00f1o 01.1981 &#8211; 12.1984, 1995 ccm, 113 cv<br \/>\nFIAT 131 Familiare \/ Panorama (131)<br \/>\n1.6 Super, A\u00f1o 12.1979 &#8211; 12.1981, 1585 ccm, 97 cv<br \/>\n2.0 Mirafiori (131AF2), A\u00f1o 11.1980 &#8211; 12.1984, 1995 ccm, 114 cv<br \/>\n2.0 Super, A\u00f1o 01.1981 &#8211; 12.1984, 1995 ccm, 113 cv<br \/>\nFIAT Argenta (132)<br \/>\n1.6, A\u00f1o 04.1981 &#8211; 12.1985, 1585 ccm, 98 cv<br \/>\n1.6 i.e, A\u00f1o 04.1981 &#8211; 12.1985, 1585 ccm, 90 cv<br \/>\n2, A\u00f1o 06.1978 &#8211; 12.1985, 1995 ccm, 113 cv<br \/>\n2.0 Volumex, A\u00f1o 06.1984 &#8211; 07.1985, 1995 ccm, 135 cv<br \/>\nFIAT 124 Berlina (124)<br \/>\n1200 (124A), A\u00f1o 09.1967 &#8211; 07.1975, 1197 ccm, 65 cv<br \/>\n1.2, A\u00f1o 07.1966 &#8211; 10.1973, 1197 ccm, 60 cv<br \/>\n1400 Special, A\u00f1o 12.1968 &#8211; 12.1972, 1438 ccm, 70 cv<br \/>\n1400 Special (124A), A\u00f1o 01.1971 &#8211; 07.1975, 1438 ccm, 75 cv<br \/>\n1500 Special T, A\u00f1o 01.1971 &#8211; 07.1975, 1438 ccm, 80 cv<br \/>\n1600 Special T (124A), A\u00f1o 01.1973 &#8211; 07.1975, 1592 ccm, 95 cv<br \/>\nFIAT 124 Familiare (124)<br \/>\n1.2, A\u00f1o 04.1967 &#8211; 05.1973, 1197 ccm, 60 cv<br \/>\n1.2, A\u00f1o 05.1973 &#8211; 03.1975, 1197 ccm, 65 cv<br \/>\nFIAT 124 Coup\u00e9 (124)<br \/>\n1.4 Sport, A\u00f1o 06.1967 &#8211; 10.1972, 1438 ccm, 90 cv<br \/>\n1600, A\u00f1o 01.1973 &#8211; 02.1976, 1592 ccm, 105 cv<br \/>\n1.6, A\u00f1o 11.1971 &#8211; 10.1973, 1608 ccm, 100 cv<br \/>\n1.6, A\u00f1o 04.1970 &#8211; 10.1973, 1608 ccm, 110 cv<br \/>\n1.6 Sport, A\u00f1o 08.1972 &#8211; 12.1975, 1592 ccm, 104 cv<br \/>\n1600 Sport, A\u00f1o 08.1972 &#8211; 02.1976, 1592 ccm, 108 cv<br \/>\n1800 Sport, A\u00f1o 01.1973 &#8211; 02.1976, 1756 ccm, 112 cv<br \/>\n1.8 Sport, A\u00f1o 01.1973 &#8211; 02.1976, 1756 ccm, 118 cv<br \/>\nFIAT 125 Berlina (125)<br \/>\n1.6, A\u00f1o 07.1967 &#8211; 03.1974, 1608 ccm, 90 cv<br \/>\n1.6 (TA), A\u00f1o 10.1968 &#8211; 10.1973, 1608 ccm, 100 cv<br \/>\nFIAT 1500 Cabrio<br \/>\n1.5, A\u00f1o 06.1964 &#8211; 10.1967, 1481 ccm, 67 cv<br \/>\n1.5, A\u00f1o 06.1964 &#8211; 10.1967, 1481 ccm, 75 cv<br \/>\nFIAT 1500-2300 Berlina<br \/>\n1.5 L, A\u00f1o 10.1963 &#8211; 12.1970, 1471 ccm, 75 cv<br \/>\nFIAT 132 (132_)<br \/>\n1.6, A\u00f1o 05.1977 &#8211; 09.1982, 1585 ccm, 88 cv<br \/>\n1.6, A\u00f1o 03.1977 &#8211; 12.1981, 1585 ccm, 90 cv<br \/>\n1.6, A\u00f1o 01.1976 &#8211; 12.1982, 1585 ccm, 98 cv<br \/>\n1.6, A\u00f1o 04.1972 &#8211; 01.1976, 1592 ccm, 98 cv<br \/>\n1.7 GLS, A\u00f1o 04.1974 &#8211; 12.1975, 1756 ccm, 107 cv<br \/>\n1.7 GLS, A\u00f1o 11.1975 &#8211; 01.1977, 1756 ccm, 112 cv<br \/>\n1.7 Special, A\u00f1o 04.1972 &#8211; 01.1974, 1756 ccm, 105 cv<br \/>\n2.0, A\u00f1o 01.1976 &#8211; 06.1981, 1995 ccm, 113 cv<\/p>\n<p>LANCIA Beta H.P.E. (828)<br \/>\n1.6, A\u00f1o 08.1980 &#8211; 09.1984, 1585 ccm, 101 cv<br \/>\n2000 (828.BF), A\u00f1o 04.1979 &#8211; 09.1984, 1995 ccm, 116 cv<br \/>\n2000 (828.BF), A\u00f1o 05.1976 &#8211; 05.1978, 1995 ccm, 120 cv<br \/>\n2000 i.e. (828BF), A\u00f1o 05.1981 &#8211; 09.1984, 1995 ccm, 122 cv<br \/>\nLANCIA Beta Coup\u00e9 (828)<br \/>\n1.4 1300, A\u00f1o 12.1981 &#8211; 12.1984, 1367 ccm, 84 cv<br \/>\n1.6, A\u00f1o 04.1976 &#8211; 12.1984, 1585 ccm, 101 cv<br \/>\n1800 (828AC1, 828BF), A\u00f1o 09.1974 &#8211; 12.1976, 1739 ccm, 120 cv<br \/>\n2000 (828.BC), A\u00f1o 04.1976 &#8211; 12.1984, 1995 ccm, 120 cv<br \/>\n2000 (828BC_), A\u00f1o 01.1981 &#8211; 12.1984, 1991 ccm, 116 cv<br \/>\nLANCIA Beta Spider (828)<br \/>\n1.6, A\u00f1o 05.1976 &#8211; 10.1986, 1585 ccm, 100 cv<br \/>\n2.0, A\u00f1o 04.1979 &#8211; 10.1986, 1995 ccm, 116 cv<br \/>\n2.0, A\u00f1o 05.1976 &#8211; 11.1979, 1995 ccm, 120 cv<br \/>\nLANCIA Beta Hatchback (828)<br \/>\n1.3, A\u00f1o 04.1976 &#8211; 07.1982, 1297 ccm, 83 cv<br \/>\n1.4, A\u00f1o 08.1973 &#8211; 07.1976, 1438 ccm, 90 cv<br \/>\n1.6, A\u00f1o 08.1973 &#8211; 07.1982, 1585 ccm, 101 cv<br \/>\n1.8, A\u00f1o 08.1973 &#8211; 07.1976, 1756 ccm, 110 cv<br \/>\n2.0, A\u00f1o 07.1978 &#8211; 07.1982, 1995 ccm, 115 cv<br \/>\n2.0, A\u00f1o 04.1976 &#8211; 07.1978, 1995 ccm, 120 cv<br \/>\nLANCIA Beta Berlina (828_)<br \/>\n1600 (828DB1), A\u00f1o 03.1976 &#8211; 10.1986, 1585 ccm, 100 cv<\/p>\n<p>AUTOBIANCHI A111 Berlina<br \/>\n1.4, A\u00f1o 08.1969 &#8211; 11.1972, 1438 ccm, 70 cv<\/p>\n<p>SEAT Ronda (022A)<br \/>\n1.6, A\u00f1o 08.1983 &#8211; 09.1985, 1592 ccm, 92 cv<br \/>\nSEAT 131 Sed\u00e1n (A\u00f1o 05.1975 &#8211; 12.1986)<br \/>\n1.5, A\u00f1o 03.1982 &#8211; 01.1985, 1438 ccm, 75 cv<br \/>\n1.6, A\u00f1o 03.1982 &#8211; 01.1985, 1592 ccm, 97 cv<br \/>\n2.0, A\u00f1o 06.1978 &#8211; 12.1985, 1994 ccm, 116 cv<br \/>\nSEAT 124 Berlina<br \/>\n1.6, A\u00f1o 09.1976 &#8211; 10.1980, 1585 ccm, 95 cv<br \/>\n1.6, A\u00f1o 09.1975 &#8211; 08.1976, 1608 ccm, 98 cv<br \/>\n1.8, A\u00f1o 09.1975 &#8211; 10.1980, 1756 ccm, 118 cv<br \/>\n1.4 1430, A\u00f1o 01.1970 &#8211; 12.1976, 1438 ccm, 75 cv<br \/>\n2.0, A\u00f1o 04.1979 &#8211; 10.1980, 1995 ccm, 116 cv<br \/>\n1.2 LS, A\u00f1o 01.1968 &#8211; 10.1980, 1197 ccm, 65 cv<br \/>\nSEAT 124 Familiar<br \/>\n1.2 LS, A\u00f1o 01.1970 &#8211; 12.1976, 1197 ccm, 65 cv<br \/>\nSEAT 132 Sed\u00e1n (132A)<br \/>\n1.6, A\u00f1o 05.1973 &#8211; 12.1980, 1592 ccm, 98 cv<br \/>\n1.8, A\u00f1o 05.1973 &#8211; 12.1980, 1756 ccm, 105 cv<\/p>\n<p>PEUGEOT 205 II Hatchback<br \/>\n1.6 GTX, A\u00f1o 01.1987 &#8211; 10.1991, 1592 ccm, 94 cv<\/p>\n<p>LA PIEZA ES NUEVA Y ORIGINAL.<\/p>\n","protected":false},"excerpt":{"rendered":"<p>4363009 Filtro de aire Clean MA 129 de: Di\u00e1metro exterior: 231mm Di\u00e1metro interior: 182mm Alto: 60mm FIAT Ritmo I Cabrio 1.6 100, A\u00f1o 10.1985 &#8211; 12.1987, 1585 ccm, 100 cv FIAT Ritmo I Hatchback (138) 1.6, A\u00f1o 01.1983 &#8211; 12.1987, 1585 ccm, 100 cv 1.6, A\u00f1o 05.1981 &#8211; 12.1987, 1585 ccm, 105 cv Fiat Ritmo [&hellip;]<\/p>\n","protected":false},"featured_media":100442,"template":"","meta":{"_seopress_robots_primary_cat":"","_seopress_titles_title":"","_seopress_titles_desc":"","_seopress_robots_index":""},"product_cat":[159,65,66,199,70,71,232,78,235,62,79,25,116,20,21,24,103,165,26],"product_tag":[],"class_list":{"0":"post-100441","1":"product","2":"type-product","3":"status-publish","4":"has-post-thumbnail","6":"product_cat-recambios-seat-124","7":"product_cat-recambios-fiat-124","8":"product_cat-recambios-fiat-125","9":"product_cat-recambios-seat-131","10":"product_cat-recambios-fiat-131","11":"product_cat-recambios-fiat-132","12":"product_cat-recambios-seat-132","13":"product_cat-recambios-fiat-1500","14":"product_cat-recambios-peugeot-205","15":"product_cat-recambios-autobianchi-a111","16":"product_cat-recambios-fiat-argenta","17":"product_cat-recambios-autobianchi","18":"product_cat-recambios-lancia-beta","19":"product_cat-recambios-fiat","20":"product_cat-recambios-lancia","21":"product_cat-recambios-peugeot","22":"product_cat-recambios-fiat-ritmo","23":"product_cat-recambios-seat-ronda","24":"product_cat-recambios-seat","26":"first","27":"instock","28":"taxable","29":"shipping-taxable","30":"purchasable","31":"product-type-simple"},"_links":{"self":[{"href":"https:\/\/galicianparts.com\/shop\/wp-json\/wp\/v2\/product\/100441"}],"collection":[{"href":"https:\/\/galicianparts.com\/shop\/wp-json\/wp\/v2\/product"}],"about":[{"href":"https:\/\/galicianparts.com\/shop\/wp-json\/wp\/v2\/types\/product"}],"wp:featuredmedia":[{"embeddable":true,"href":"https:\/\/galicianparts.com\/shop\/wp-json\/wp\/v2\/media\/100442"}],"wp:attachment":[{"href":"https:\/\/galicianparts.com\/shop\/wp-json\/wp\/v2\/media?parent=100441"}],"wp:term":[{"taxonomy":"product_cat","embeddable":true,"href":"https:\/\/galicianparts.com\/shop\/wp-json\/wp\/v2\/product_cat?post=100441"},{"taxonomy":"product_tag","embeddable":true,"href":"https:\/\/galicianparts.com\/shop\/wp-json\/wp\/v2\/product_tag?post=100441"}],"curies":[{"name":"wp","href":"https:\/\/api.w.org\/{rel}","templated":true}]}}