{"id":100976,"date":"2026-04-29T13:33:13","date_gmt":"2026-04-29T11:33:13","guid":{"rendered":"https:\/\/galicianparts.com\/shop\/producto\/46723412-motor-trampilla-calefaccion-lancia-lybra-1999-2005-nuevo-original\/"},"modified":"2026-04-29T13:36:25","modified_gmt":"2026-04-29T11:36:25","slug":"46723412-motor-trampilla-calefaccion-lancia-lybra-1999-2005-nuevo-original","status":"publish","type":"product","link":"https:\/\/galicianparts.com\/shop\/producto\/46723412-motor-trampilla-calefaccion-lancia-lybra-1999-2005-nuevo-original\/","title":{"rendered":"46723412 Motor trampilla calefacci\u00f3n Lancia Lybra (1999-2005) NUEVO ORIGINAL"},"content":{"rendered":"<p>Motor de la compuerta el\u00e9ctrica del modulo de la calefacci\u00f3n y aire acondicionado de:<br \/>\nLANCIA &#8211; SX LYBRA BZ (1999-2005)<br \/>\nLANCIA &#8211; SY LYBRA DS (1999-2005)<\/p>\n<p>LA PIEZA ES NUEVA Y ORIGINAL.<\/p>\n","protected":false},"excerpt":{"rendered":"<p>Motor de la compuerta el\u00e9ctrica del modulo de la calefacci\u00f3n y aire acondicionado de: LANCIA &#8211; SX LYBRA BZ (1999-2005) LANCIA &#8211; SY LYBRA DS (1999-2005) LA PIEZA ES NUEVA Y ORIGINAL.<\/p>\n","protected":false},"featured_media":100977,"template":"","meta":{"_seopress_robots_primary_cat":"","_seopress_titles_title":"","_seopress_titles_desc":"","_seopress_robots_index":""},"product_cat":[21,120],"product_tag":[],"class_list":{"0":"post-100976","1":"product","2":"type-product","3":"status-publish","4":"has-post-thumbnail","6":"product_cat-recambios-lancia","7":"product_cat-recambios-lancia-lybra","9":"first","10":"instock","11":"taxable","12":"shipping-taxable","13":"purchasable","14":"product-type-simple"},"_links":{"self":[{"href":"https:\/\/galicianparts.com\/shop\/wp-json\/wp\/v2\/product\/100976"}],"collection":[{"href":"https:\/\/galicianparts.com\/shop\/wp-json\/wp\/v2\/product"}],"about":[{"href":"https:\/\/galicianparts.com\/shop\/wp-json\/wp\/v2\/types\/product"}],"wp:featuredmedia":[{"embeddable":true,"href":"https:\/\/galicianparts.com\/shop\/wp-json\/wp\/v2\/media\/100977"}],"wp:attachment":[{"href":"https:\/\/galicianparts.com\/shop\/wp-json\/wp\/v2\/media?parent=100976"}],"wp:term":[{"taxonomy":"product_cat","embeddable":true,"href":"https:\/\/galicianparts.com\/shop\/wp-json\/wp\/v2\/product_cat?post=100976"},{"taxonomy":"product_tag","embeddable":true,"href":"https:\/\/galicianparts.com\/shop\/wp-json\/wp\/v2\/product_tag?post=100976"}],"curies":[{"name":"wp","href":"https:\/\/api.w.org\/{rel}","templated":true}]}}