{"id":10100,"date":"2020-12-11T18:11:07","date_gmt":"2020-12-11T16:11:07","guid":{"rendered":"https:\/\/galicianparts.com\/shop\/producto\/71719057-kit-cojinetes-bancada-fiat-lancia-alfa-romeo-original\/"},"modified":"2021-09-17T09:32:03","modified_gmt":"2021-09-17T07:32:03","slug":"71719057-kit-cojinetes-bancada-fiat-lancia-alfa-romeo-original","status":"publish","type":"product","link":"https:\/\/galicianparts.com\/shop\/producto\/71719057-kit-cojinetes-bancada-fiat-lancia-alfa-romeo-original\/","title":{"rendered":"71719057 Kit cojinetes bancada Fiat \/ Lancia \/ Alfa Romeo ORIGINAL"},"content":{"rendered":"<p>Juego, set de cojinetes de bancada 0,000 de:<br \/>\nLancia Dedra (835) 1.9 TDs 92cv , 2.0 ie 117cv , 2.0 ie 117cv , 2.0 ie Turbo 172cv , 2.0 ie Turbo 165cv<br \/>\nLancia Dedra (835) 94 1.9 TDs 92cv , 2.0 ie 117cv , 2.0 ie 16V 139c<br \/>\nLancia Dedra FL94 SW (835) 2.0 ie Familiar 139cv , 2.0 ie 4&#215;4 Familiar int\u00e9grale139cv , 1.9 Tds Familiar 92cv<br \/>\nLancia Delta (831) R86  ,1600 Turbo 140cv , 1.9 TD 80cv , 2.0 i Turbo 165cv<br \/>\nLancia Delta (836) MQ93 2.0 i 16V 139cv , 1.9 TD 92cv<br \/>\nLancia Kappa (838) 2.0 ie 16V Turbo 205cv<br \/>\nLancia Prisma 1.9 TD 80cv , 1900 D 65cv,<br \/>\nLancia Thema (834) 2000 ie Turbo 165cv<br \/>\nLancia Thema (834) 92 2.0 i 16V 155cv , 2.0 i 16V 155cv , 2.0 i 16V Turbo 205cv<br \/>\nLancia Thema (834) RL88 2000 ie 16V Turbo 180cv , 2000 16V Turbo (834AC) 181 cv<br \/>\nLancia Thema (834)92 SW 2.0 i 16V 155cv , 2.0 i 16V Turbo 205cv<br \/>\nAlfa Romeo 145 1.9 TD 90cv<br \/>\nAlfa Romeo 146 1.9 TDs 90cv<br \/>\nAlfa Romeo 155 1.9 TD 90cv , 2.0 i 16V Turbo Q4 190cv<br \/>\nAlfa Romeo 164 2.0 Turbo 175cv<br \/>\nFiat Coupe (PC) 2.0 i 16V 142cv , 2.0 i 16V Turbo 195cv<br \/>\nFiat Croma (154) 2.0 CHT 90cv , 2.0 ie Turbo 155cv , 2.0 ie Turbo 153cv , 2.0 ie Blindado Turbo 153cv , 2.0 ie 16V 140cv , 2.0 ie Turbo 150cv , 2.0 TDiD 115cv<br \/>\nFiat Ducato (230-231-232-234) 10Q 1.9 TD Combi corto 82cv , 14Q 1.9 TD Combi mediano 82cv , 14Q 1.9 TD Combi corto 82cv , 10Q 1.9 TD Combi mediano 82cv<br \/>\nFiat Ducato Nuovo (279-280\/2\/4) 14Q 1.9 TD Furg\u00f3n 80cv , 10Q 1.9 TD Furg\u00f3n 80cv<br \/>\nFiat Ducato R90 10Q 1.9 TD Combi 82 cv , 14Q 1.9 TD Combi 82 cv , 10Q 1.9 TD Furg\u00f3n 82 cv , 14Q 1.9 TD Furg\u00f3n 82 cv<br \/>\nFiat Fiorino (146) 93 1.7 TDS Furg\u00f3n 63cv<br \/>\nFiat Palio Week End (178) 1.7 TD 64cv , 1.7 TD 70cv<br \/>\nFiat Punto (176) 1.7 TD 72cv , 1.7 TD Sociedad 71cv , 1.7 TD 70cv , 1.7 TD Sociedad 70cv , 1.7 TD Sociedad 63cv , 1.7 TD 63cv<br \/>\nFiat Punto (176) Van 1.7 TD Van Furg\u00f3n 72cv , 1.7 TD Van Furg\u00f3n 63cv , 1.7 TD Van Furg\u00f3n 70cv<br \/>\nFiat Regata (138) RL86 1.9 TD 80cv<br \/>\nFiat Ritmo III (138) 1.9 TD Turbo 80cv<br \/>\nFiat Tempra (160) 1.9 TDs 82cv , 1.9 TDs Empresa 92cv , 1.9 TDs 92cv<br \/>\nFiat Tipo (160) 1.9 TDs 82cv , 1.9 TDs 92cv , 1.9 TDs Comercial 92cv , 2.0 ie 16V 145cv<br \/>\nFiat Tipo (160) RL 93 1.9 TD 82cv , 1.9 TD 92cv , 2.0 ie 16v Sport 142cv , 2.0 ie 16v Sport 140cv<br \/>\nFiat Uno (146) R89 1.4 TD Comercial 71cv , 1.4 TD 71cv , 1.9 D 60cv<\/p>\n<p>LA PIEZA ES NUEVA Y ORIGINAL.<\/p>\n","protected":false},"excerpt":{"rendered":"<p>Juego, set de cojinetes de bancada 0,000 de: Lancia Dedra (835) 1.9 TDs 92cv , 2.0 ie 117cv , 2.0 ie 117cv , 2.0 ie Turbo 172cv , 2.0 ie Turbo 165cv Lancia Dedra (835) 94 1.9 TDs 92cv , 2.0 ie 117cv , 2.0 ie 16V 139c Lancia Dedra FL94 SW (835) 2.0 ie [&hellip;]<\/p>\n","protected":false},"featured_media":10101,"template":"","meta":{"_seopress_robots_primary_cat":"","_seopress_titles_title":"","_seopress_titles_desc":"","_seopress_robots_index":""},"product_cat":[45,46,48,54,16,85,86,117,118,88,20,91,119,21,98,123,101,102,103,111,124,112,114],"product_tag":[],"class_list":{"0":"post-10100","1":"product","2":"type-product","3":"status-publish","4":"has-post-thumbnail","6":"product_cat-recambios-alfa-romeo-145","7":"product_cat-recambios-alfa-romeo-146","8":"product_cat-recambios-alfa-romeo-155","9":"product_cat-recambios-alfa-romeo-164","10":"product_cat-recambios-alfa-romeo","11":"product_cat-recambios-fiat-coupe","12":"product_cat-recambios-fiat-croma","13":"product_cat-recambios-lancia-dedra","14":"product_cat-recambios-lancia-delta","15":"product_cat-recambios-fiat-ducato","16":"product_cat-recambios-fiat","17":"product_cat-recambios-fiat-fiorino","18":"product_cat-recambios-lancia-kappa","19":"product_cat-recambios-lancia","20":"product_cat-recambios-fiat-palio","21":"product_cat-recambios-lancia-prisma","22":"product_cat-recambios-fiat-punto","23":"product_cat-recambios-fiat-regata","24":"product_cat-recambios-fiat-ritmo","25":"product_cat-recambios-fiat-tempra","26":"product_cat-recambios-lancia-thema","27":"product_cat-recambios-fiat-tipo","28":"product_cat-recambios-fiat-uno","30":"first","31":"outofstock","32":"taxable","33":"shipping-taxable","34":"purchasable","35":"product-type-simple"},"_links":{"self":[{"href":"https:\/\/galicianparts.com\/shop\/wp-json\/wp\/v2\/product\/10100"}],"collection":[{"href":"https:\/\/galicianparts.com\/shop\/wp-json\/wp\/v2\/product"}],"about":[{"href":"https:\/\/galicianparts.com\/shop\/wp-json\/wp\/v2\/types\/product"}],"wp:featuredmedia":[{"embeddable":true,"href":"https:\/\/galicianparts.com\/shop\/wp-json\/wp\/v2\/media\/10101"}],"wp:attachment":[{"href":"https:\/\/galicianparts.com\/shop\/wp-json\/wp\/v2\/media?parent=10100"}],"wp:term":[{"taxonomy":"product_cat","embeddable":true,"href":"https:\/\/galicianparts.com\/shop\/wp-json\/wp\/v2\/product_cat?post=10100"},{"taxonomy":"product_tag","embeddable":true,"href":"https:\/\/galicianparts.com\/shop\/wp-json\/wp\/v2\/product_tag?post=10100"}],"curies":[{"name":"wp","href":"https:\/\/api.w.org\/{rel}","templated":true}]}}