{"id":101062,"date":"2026-05-14T12:53:07","date_gmt":"2026-05-14T10:53:07","guid":{"rendered":"https:\/\/galicianparts.com\/shop\/producto\/0280130214-sensor-temperatura-arranque-frio-lancia-beta-fiat-ritmo-124-alfa-75-nuevo\/"},"modified":"2026-05-14T12:56:16","modified_gmt":"2026-05-14T10:56:16","slug":"0280130214-sensor-temperatura-arranque-frio-lancia-beta-fiat-ritmo-124-alfa-75-nuevo","status":"publish","type":"product","link":"https:\/\/galicianparts.com\/shop\/producto\/0280130214-sensor-temperatura-arranque-frio-lancia-beta-fiat-ritmo-124-alfa-75-nuevo\/","title":{"rendered":"0280130214 Sensor temperatura arranque frio Lancia Beta \/Fiat Ritmo \/124 \/Alfa 75 NUEVO"},"content":{"rendered":"<p>4393600 Interruptor t\u00e9rmico temporizado Bosch del inyector de arranque en fr\u00edo de:<br \/>\nM\u00e9trica: 14 x 1.5<br \/>\nAncho llave: 24<br \/>\nRango: Corte a 35\u00b0C \/ M\u00e1ximo 8 segundos<\/p>\n<p>FIAT Regata Weekend<br \/>\n75 1.5(138 B3.048, 138 C2.048, 138 C3.048, 149 C1.000), A\u00f1o 09.1984 &#8211; 07.1989, 1498 ccm, 75 cv<br \/>\nFIAT Ritmo I Hatchback (138)<br \/>\n1.5, A\u00f1o 01.1978 &#8211; 12.1988, 1498 ccm, 75 cv<br \/>\nFIAT 124 Sport Spider (124)<br \/>\n2.0, A\u00f1o 04.1972 &#8211; 11.1985, 1995 ccm, 105 cv<br \/>\nFIAT Uno Hatchback (146)<br \/>\n75 i.e. 1.5, A\u00f1o 10.1985 &#8211; 12.1993, 1498 ccm, 75 cv<br \/>\nFIAT 132 (132_)<br \/>\n2.0 i.e., A\u00f1o 01.1980 &#8211; 12.1982, 1995 ccm, 122 cv<\/p>\n<p>ALFA ROMEO Spider (115)<br \/>\n2000 (115680, 115681), A\u00f1o 08.1986 &#8211; 12.1990, 1962 ccm, 116 cv<br \/>\nALFA ROMEO 6 (119)<br \/>\n2.5 i.e., A\u00f1o 10.1983 &#8211; 12.1986, 2492 ccm, 150 cv<br \/>\nALFA ROMEO 75 (162B)<br \/>\n2.5 V6 (162.B3), A\u00f1o 05.1985 &#8211; 08.1986, 2492 ccm, 150 cv<br \/>\n2.5 V6 (162B3), A\u00f1o 02.1986 &#8211; 12.1990, 2492 ccm, 158 cv<br \/>\n3.0 V6 Cat (162.B6A), A\u00f1o 01.1987 &#8211; 02.1992, 2959 ccm, 185 cv<br \/>\nALFA ROMEO 90 (162)<br \/>\n2.5 i.e. V6, A\u00f1o 10.1984 &#8211; 07.1987, 2492 ccm, 150 cv<br \/>\n2.5 i.e. V6 (162A), A\u00f1o 09.1984 &#8211; 11.1987, 2492 ccm, 155 cv<br \/>\nALFA ROMEO GTV (116)<br \/>\n2.5 6, A\u00f1o 11.1980 &#8211; 02.1987, 2492 ccm, 158 cv<\/p>\n<p>LANCIA Thema Berlina (834)<br \/>\n2.8 2850 V6 i.e., A\u00f1o 11.1984 &#8211; 09.1988, 2849 ccm, 150 cv<br \/>\nLANCIA Beta H.P.E. (828)<br \/>\n2000 i.e. (828BF), A\u00f1o 05.1981 &#8211; 09.1984, 1995 ccm, 122 cv<br \/>\nLANCIA Trevi (828)<br \/>\n2000 i.e. (828DB13), A\u00f1o 05.1980 &#8211; 01.1987, 1995 ccm, 122 cv<br \/>\nLANCIA Prisma (831)<br \/>\n1.5 (831AB), A\u00f1o 09.1985 &#8211; 02.1992, 1498 ccm, 75 cv<br \/>\nLANCIA Beta Coup\u00e9 (828)<br \/>\n2000 i.e. (828.BC), A\u00f1o 12.1981 &#8211; 12.1984, 1995 ccm, 122 cv<br \/>\nLANCIA Gamma Coup\u00e9 (830)<br \/>\n2500 (830AC_), A\u00f1o 09.1977 &#8211; 10.1986, 2484 ccm, 140 cv<br \/>\nLANCIA Beta Berlina (828_)<br \/>\n2.0 (828DB1), A\u00f1o 06.1978 &#8211; 10.1982, 1995 ccm, 122 cv<\/p>\n<p>CITRO\u00cbN CX I Familiar<br \/>\n2400 GTi, A\u00f1o 07.1982 &#8211; 06.1983, 2347 ccm, 128 cv<br \/>\nCITRO\u00cbN CX I Hatchback<br \/>\n2400 GTi, A\u00f1o 06.1977 &#8211; 06.1982, 2347 ccm, 128 cv<br \/>\n2400 GTi, A\u00f1o 06.1977 &#8211; 06.1982, 2347 ccm, 131 cv<br \/>\n2.5 GTi Turbo 2, A\u00f1o 06.1984 &#8211; 08.1985, 2500 ccm, 166 cv<br \/>\nCITRO\u00cbN CX II Hatchback<br \/>\n2.5 GTi Turbo 2, A\u00f1o 08.1985 &#8211; 12.1992, 2500 ccm, 166 cv<\/p>\n<p>PEUGEOT 505 Berlina<br \/>\n2.2 Turbo, A\u00f1o 07.1985 &#8211; 09.1988, 2155 ccm, 179 cv<br \/>\n2.2 Turbo Injection, A\u00f1o 01.1986 &#8211; 12.1987, 2155 ccm, 150 cv<br \/>\n2.2 Turbo Injection, A\u00f1o 03.1984 &#8211; 10.1988, 2155 ccm, 155 cv<br \/>\n2.2 Turbo Injection, A\u00f1o 06.1987 &#8211; 12.1988, 2155 ccm, 174 cv<br \/>\nPEUGEOT 604 Berlina<br \/>\n2.8 GTI, A\u00f1o 09.1983 &#8211; 07.1987, 2849 ccm, 150 cv<\/p>\n<p>LA PIEZA ES NUEVA Y ORIGINAL BOSCH.<\/p>\n","protected":false},"excerpt":{"rendered":"<p>4393600 Interruptor t\u00e9rmico temporizado Bosch del inyector de arranque en fr\u00edo de: M\u00e9trica: 14 x 1.5 Ancho llave: 24 Rango: Corte a 35\u00b0C \/ M\u00e1ximo 8 segundos FIAT Regata Weekend 75 1.5(138 B3.048, 138 C2.048, 138 C3.048, 149 C1.000), A\u00f1o 09.1984 &#8211; 07.1989, 1498 ccm, 75 cv FIAT Ritmo I Hatchback (138) 1.5, A\u00f1o 01.1978 [&hellip;]<\/p>\n","protected":false},"featured_media":101063,"template":"","meta":{"_seopress_robots_primary_cat":"","_seopress_titles_title":"","_seopress_titles_desc":"","_seopress_robots_index":""},"product_cat":[65,71,153,352,349,58,342,16,116,23,136,20,231,55,21,24,123,102,103,56,124,225,114],"product_tag":[],"class_list":{"0":"post-101062","1":"product","2":"type-product","3":"status-publish","4":"has-post-thumbnail","6":"product_cat-recambios-fiat-124","7":"product_cat-recambios-fiat-132","8":"product_cat-recambios-peugeot-505","9":"product_cat-recambios-alfa-romeo-6","10":"product_cat-recambios-peugeot-604","11":"product_cat-recambios-alfa-romeo-75","12":"product_cat-recambios-alfa-romeo-90","13":"product_cat-recambios-alfa-romeo","14":"product_cat-recambios-lancia-beta","15":"product_cat-recambios-citroen","16":"product_cat-recambios-citroen-cx","17":"product_cat-recambios-fiat","18":"product_cat-recambios-lancia-gamma","19":"product_cat-recambios-alfa-romeo-gtv","20":"product_cat-recambios-lancia","21":"product_cat-recambios-peugeot","22":"product_cat-recambios-lancia-prisma","23":"product_cat-recambios-fiat-regata","24":"product_cat-recambios-fiat-ritmo","25":"product_cat-recambios-alfa-romeo-spider","26":"product_cat-recambios-lancia-thema","27":"product_cat-recambios-lancia-trevi","28":"product_cat-recambios-fiat-uno","30":"first","31":"instock","32":"taxable","33":"shipping-taxable","34":"purchasable","35":"product-type-simple"},"_links":{"self":[{"href":"https:\/\/galicianparts.com\/shop\/wp-json\/wp\/v2\/product\/101062"}],"collection":[{"href":"https:\/\/galicianparts.com\/shop\/wp-json\/wp\/v2\/product"}],"about":[{"href":"https:\/\/galicianparts.com\/shop\/wp-json\/wp\/v2\/types\/product"}],"wp:featuredmedia":[{"embeddable":true,"href":"https:\/\/galicianparts.com\/shop\/wp-json\/wp\/v2\/media\/101063"}],"wp:attachment":[{"href":"https:\/\/galicianparts.com\/shop\/wp-json\/wp\/v2\/media?parent=101062"}],"wp:term":[{"taxonomy":"product_cat","embeddable":true,"href":"https:\/\/galicianparts.com\/shop\/wp-json\/wp\/v2\/product_cat?post=101062"},{"taxonomy":"product_tag","embeddable":true,"href":"https:\/\/galicianparts.com\/shop\/wp-json\/wp\/v2\/product_tag?post=101062"}],"curies":[{"name":"wp","href":"https:\/\/api.w.org\/{rel}","templated":true}]}}