{"id":10171,"date":"2020-12-14T20:50:27","date_gmt":"2020-12-14T18:50:27","guid":{"rendered":"https:\/\/galicianparts.com\/shop\/producto\/5964767-silentblock-brazo-suspension-tras-fiat-ritmo-regata-strada-seat-ibiza-malaga\/"},"modified":"2025-06-06T12:29:14","modified_gmt":"2025-06-06T10:29:14","slug":"5964767-silentblock-brazo-suspension-tras-fiat-ritmo-regata-strada-seat-ibiza-malaga","status":"publish","type":"product","link":"https:\/\/galicianparts.com\/shop\/producto\/5964767-silentblock-brazo-suspension-tras-fiat-ritmo-regata-strada-seat-ibiza-malaga\/","title":{"rendered":"5964767 Silentblock brazo suspensi\u00f3n tras. Fiat Ritmo \/Regata \/Seat Ibiza \/M\u00e1laga ORIGINAL"},"content":{"rendered":"<p>Casquillo del brazo oscilante, trapecio trasero de:<br \/>\nDi\u00e1metro exterior: 30mm<br \/>\nDi\u00e1metro interior: 13mm<\/p>\n<p>FIAT Regata Berlina (138)<br \/>\n1.6 Super 100, A\u00f1o 10.1983 &#8211; 07.1989, 1585 ccm, 95 cv<br \/>\n1.6 Super 100, A\u00f1o 10.1983 &#8211; 12.1990, 1585 ccm, 101 cv<br \/>\n1.7 Di\u00e9sel 60, A\u00f1o 09.1983 &#8211; 12.1986, 1714 ccm, 58 cv<br \/>\n1.7 Di\u00e9sel 60, A\u00f1o 05.1985 &#8211; 03.1989, 1698 ccm, 60 cv<br \/>\n1.9 Di\u00e9sel 65, A\u00f1o 04.1984 &#8211; 07.1989, 1929 ccm, 65 cv<br \/>\n1.3 70, A\u00f1o 09.1983 &#8211; 07.1989, 1301 ccm, 65 cv<br \/>\n1.3 70, A\u00f1o 09.1983 &#8211; 07.1986, 1301 ccm, 68 cv<br \/>\n1.5 75, A\u00f1o 12.1983 &#8211; 07.1989, 1498 ccm, 75 cv<br \/>\n1.9 Turbodi\u00e9sel 80, A\u00f1o 05.1986 &#8211; 07.1989, 1929 ccm, 80 cv<br \/>\n1.5 85, A\u00f1o 05.1985 &#8211; 12.1987, 1498 ccm, 79 cv<br \/>\n1.6 85, A\u00f1o 10.1983 &#8211; 06.1990, 1585 ccm, 82 cv<br \/>\n1.5 Super 85, A\u00f1o 09.1983 &#8211; 04.1985, 1498 ccm, 82 cv<br \/>\n1.6 i.e. 90, A\u00f1o 01.1987 &#8211; 07.1989, 1595 ccm, 90 cv<br \/>\nFIAT Regata Weekend<br \/>\n100 1.6 (RF), A\u00f1o 09.1984 &#8211; 12.1990, 1585 ccm, 101 cv<br \/>\n1.7 Di\u00e9sel 60, A\u00f1o 01.1984 &#8211; 12.1989, 1698 ccm, 60 cv<br \/>\n1.9 Di\u00e9sel 65, A\u00f1o 04.1984 &#8211; 07.1989, 1929 ccm, 65 cv<br \/>\n1.3 70, A\u00f1o 01.1984 &#8211; 07.1989, 1301 ccm, 68 cv<br \/>\n75 1.5(138 B3.048, 138 C2.048, 138 C3.048, 149 C1.000), A\u00f1o 09.1984 &#8211; 07.1989, 1498 ccm, 75 cv<br \/>\n80 Turbo Diesel 1.9 (831 D1.000), A\u00f1o 05.1986 &#8211; 07.1989, 1929 ccm, 80 cv<br \/>\n85 1.5, A\u00f1o 01.1984 &#8211; 04.1989, 1498 ccm, 82 cv<br \/>\n1.6 i.e. 90, A\u00f1o 01.1987 &#8211; 07.1989, 1595 ccm, 90 cv<br \/>\nFIAT Ritmo I Hatchback (138)<br \/>\n1.1, A\u00f1o 10.1982 &#8211; 12.1987, 1116 ccm, 55 cv<br \/>\n1.1, A\u00f1o 04.1985 &#8211; 12.1987, 1116 ccm, 58 cv<br \/>\n1.3, A\u00f1o 01.1983 &#8211; 04.1985, 1301 ccm, 68 cv<br \/>\n1.5, A\u00f1o 08.1985 &#8211; 05.1987, 1498 ccm, 79 cv<br \/>\n1.5, A\u00f1o 01.1983 &#8211; 12.1987, 1498 ccm, 82 cv<br \/>\n1.6, A\u00f1o 12.1985 &#8211; 12.1987, 1585 ccm, 90 cv<br \/>\n1.6, A\u00f1o 01.1983 &#8211; 12.1987, 1585 ccm, 100 cv<br \/>\n1.7 Diesel, A\u00f1o 05.1985 &#8211; 12.1987, 1698 ccm, 60 cv<br \/>\n1.9 TD, A\u00f1o 12.1985 &#8211; 12.1987, 1929 ccm, 80 cv<br \/>\nABARTH Ritmo (138A_)<br \/>\n125 TC 2.0 (138.A_), A\u00f1o 11.1981 &#8211; 12.1987, 1995 ccm, 125 cv<br \/>\n130 TC 2.0 (138.A_), A\u00f1o 04.1983 &#8211; 12.1987, 1995 ccm, 130 cv<\/p>\n<p>SEAT Malaga (023A)<br \/>\n1.2, A\u00f1o 05.1985 &#8211; 12.1993, 1193 ccm, 60 cv<br \/>\n1.2, A\u00f1o 11.1984 &#8211; 12.1993, 1193 ccm, 64 cv<br \/>\n1.2 i, A\u00f1o 12.1989 &#8211; 12.1993, 1193 ccm, 71 cv<br \/>\n1.5, A\u00f1o 05.1985 &#8211; 12.1993, 1461 ccm, 85 cv<br \/>\n1.5 i, A\u00f1o 01.1987 &#8211; 12.1993, 1461 ccm, 100 cv<br \/>\n1.5 i Cat, A\u00f1o 10.1986 &#8211; 12.1993, 1461 ccm, 90 cv<br \/>\n1.7 D, A\u00f1o 05.1985 &#8211; 12.1993, 1714 ccm, 54 cv<br \/>\n1.7 D, A\u00f1o 05.1990 &#8211; 12.1993, 1714 ccm, 57 cv<br \/>\nSEAT Ibiza I Hatchback (021A)<br \/>\n0.9, A\u00f1o 08.1990 &#8211; 05.1993, 903 ccm, 40 cv<br \/>\n0.9, A\u00f1o 08.1986 &#8211; 05.1993, 903 ccm, 44 cv<br \/>\n1.2, A\u00f1o 11.1984 &#8211; 12.1993, 1193 ccm, 60 cv<br \/>\n1.2, A\u00f1o 11.1984 &#8211; 12.1993, 1193 ccm, 63 cv<br \/>\n1.2 i, A\u00f1o 01.1989 &#8211; 05.1993, 1193 ccm, 71 cv<br \/>\n1.5, A\u00f1o 11.1984 &#8211; 05.1993, 1461 ccm, 85 cv<br \/>\n1.5 i, A\u00f1o 10.1986 &#8211; 05.1993, 1461 ccm, 89 cv<br \/>\n1.5 i, A\u00f1o 10.1986 &#8211; 05.1993, 1461 ccm, 100 cv<br \/>\n1.5 i Cat, A\u00f1o 10.1986 &#8211; 05.1993, 1461 ccm, 90 cv<br \/>\n1.7, A\u00f1o 01.1991 &#8211; 05.1993, 1675 ccm, 98 cv<br \/>\n1.7 D, A\u00f1o 06.1984 &#8211; 05.1993, 1714 ccm, 54 cv<br \/>\n1.7 D, A\u00f1o 08.1990 &#8211; 05.1993, 1714 ccm, 57 cv<\/p>\n<p>LA PIEZA ES NUEVA Y ORIGINAL.<\/p>\n","protected":false},"excerpt":{"rendered":"<p>Casquillo del brazo oscilante, trapecio trasero de: Di\u00e1metro exterior: 30mm Di\u00e1metro interior: 13mm FIAT Regata Berlina (138) 1.6 Super 100, A\u00f1o 10.1983 &#8211; 07.1989, 1585 ccm, 95 cv 1.6 Super 100, A\u00f1o 10.1983 &#8211; 12.1990, 1585 ccm, 101 cv 1.7 Di\u00e9sel 60, A\u00f1o 09.1983 &#8211; 12.1986, 1714 ccm, 58 cv 1.7 Di\u00e9sel 60, A\u00f1o 05.1985 [&hellip;]<\/p>\n","protected":false},"featured_media":97283,"template":"","meta":{"_seopress_robots_primary_cat":"","_seopress_titles_title":"","_seopress_titles_desc":"","_seopress_robots_index":""},"product_cat":[20,162,164,102,103,26,109],"product_tag":[],"class_list":{"0":"post-10171","1":"product","2":"type-product","3":"status-publish","4":"has-post-thumbnail","6":"product_cat-recambios-fiat","7":"product_cat-recambios-seat-ibiza","8":"product_cat-recambios-seat-malaga","9":"product_cat-recambios-fiat-regata","10":"product_cat-recambios-fiat-ritmo","11":"product_cat-recambios-seat","12":"product_cat-recambios-fiat-strada","14":"first","15":"instock","16":"taxable","17":"shipping-taxable","18":"purchasable","19":"product-type-simple"},"_links":{"self":[{"href":"https:\/\/galicianparts.com\/shop\/wp-json\/wp\/v2\/product\/10171"}],"collection":[{"href":"https:\/\/galicianparts.com\/shop\/wp-json\/wp\/v2\/product"}],"about":[{"href":"https:\/\/galicianparts.com\/shop\/wp-json\/wp\/v2\/types\/product"}],"wp:featuredmedia":[{"embeddable":true,"href":"https:\/\/galicianparts.com\/shop\/wp-json\/wp\/v2\/media\/97283"}],"wp:attachment":[{"href":"https:\/\/galicianparts.com\/shop\/wp-json\/wp\/v2\/media?parent=10171"}],"wp:term":[{"taxonomy":"product_cat","embeddable":true,"href":"https:\/\/galicianparts.com\/shop\/wp-json\/wp\/v2\/product_cat?post=10171"},{"taxonomy":"product_tag","embeddable":true,"href":"https:\/\/galicianparts.com\/shop\/wp-json\/wp\/v2\/product_tag?post=10171"}],"curies":[{"name":"wp","href":"https:\/\/api.w.org\/{rel}","templated":true}]}}