{"id":10220,"date":"2020-12-15T14:47:34","date_gmt":"2020-12-15T12:47:34","guid":{"rendered":"https:\/\/galicianparts.com\/shop\/producto\/82447640-racor-goma-latiguillo-servodireccion-fiat-croma-lancia-thema-td-original\/"},"modified":"2020-12-15T14:53:31","modified_gmt":"2020-12-15T12:53:31","slug":"82447640-racor-goma-latiguillo-servodireccion-fiat-croma-lancia-thema-td-original","status":"publish","type":"product","link":"https:\/\/galicianparts.com\/shop\/producto\/82447640-racor-goma-latiguillo-servodireccion-fiat-croma-lancia-thema-td-original\/","title":{"rendered":"82447640 Racor goma latiguillo servodirecci\u00f3n Fiat Croma \/ Lancia Thema TD ORIGINAL"},"content":{"rendered":"<p>Tubo, manguito inferior del dep\u00f3sito del l\u00edquido de direcci\u00f3n de:<br \/>\nFIAT &#8211; MJ CROMA 2500 TURBO DIESEL FL.90 (1990-1996)<br \/>\nLANCIA &#8211; SZ THEMA 2.5 TURBO DIESEL R.88 (1988-1992)<\/p>\n<p>LA PIEZA ES NUEVA Y ORIGINAL.<\/p>\n","protected":false},"excerpt":{"rendered":"<p>Tubo, manguito inferior del dep\u00f3sito del l\u00edquido de direcci\u00f3n de: FIAT &#8211; MJ CROMA 2500 TURBO DIESEL FL.90 (1990-1996) LANCIA &#8211; SZ THEMA 2.5 TURBO DIESEL R.88 (1988-1992) LA PIEZA ES NUEVA Y ORIGINAL.<\/p>\n","protected":false},"featured_media":10221,"template":"","meta":{"_seopress_robots_primary_cat":"","_seopress_titles_title":"","_seopress_titles_desc":"","_seopress_robots_index":""},"product_cat":[86,20,21,124],"product_tag":[],"class_list":{"0":"post-10220","1":"product","2":"type-product","3":"status-publish","4":"has-post-thumbnail","6":"product_cat-recambios-fiat-croma","7":"product_cat-recambios-fiat","8":"product_cat-recambios-lancia","9":"product_cat-recambios-lancia-thema","11":"first","12":"instock","13":"taxable","14":"shipping-taxable","15":"purchasable","16":"product-type-simple"},"_links":{"self":[{"href":"https:\/\/galicianparts.com\/shop\/wp-json\/wp\/v2\/product\/10220"}],"collection":[{"href":"https:\/\/galicianparts.com\/shop\/wp-json\/wp\/v2\/product"}],"about":[{"href":"https:\/\/galicianparts.com\/shop\/wp-json\/wp\/v2\/types\/product"}],"wp:featuredmedia":[{"embeddable":true,"href":"https:\/\/galicianparts.com\/shop\/wp-json\/wp\/v2\/media\/10221"}],"wp:attachment":[{"href":"https:\/\/galicianparts.com\/shop\/wp-json\/wp\/v2\/media?parent=10220"}],"wp:term":[{"taxonomy":"product_cat","embeddable":true,"href":"https:\/\/galicianparts.com\/shop\/wp-json\/wp\/v2\/product_cat?post=10220"},{"taxonomy":"product_tag","embeddable":true,"href":"https:\/\/galicianparts.com\/shop\/wp-json\/wp\/v2\/product_tag?post=10220"}],"curies":[{"name":"wp","href":"https:\/\/api.w.org\/{rel}","templated":true}]}}