{"id":10265,"date":"2020-12-15T20:44:52","date_gmt":"2020-12-15T18:44:52","guid":{"rendered":"https:\/\/galicianparts.com\/shop\/producto\/7658352-conexion-porton-trasero-fiat-cinquecento-1992-1998-nuevo-original\/"},"modified":"2023-08-08T12:53:00","modified_gmt":"2023-08-08T10:53:00","slug":"7658352-conexion-porton-trasero-fiat-cinquecento-1992-1998-nuevo-original","status":"publish","type":"product","link":"https:\/\/galicianparts.com\/shop\/producto\/7658352-conexion-porton-trasero-fiat-cinquecento-1992-1998-nuevo-original\/","title":{"rendered":"7658352 Conexi\u00f3n port\u00f3n trasero Fiat Cinquecento (1992-1998) NUEVO ORIGINAL"},"content":{"rendered":"<p>Conexi\u00f3n del limpiaparabrisas trasero, cableado, instalaci\u00f3n el\u00e9ctrica del port\u00f3n del maletero de FIAT &#8211; NM CINQUECENTO (1992-1998).<\/p>\n<p>LA PIEZA ES NUEVA Y ORIGINAL.<\/p>\n","protected":false},"excerpt":{"rendered":"<p>Conexi\u00f3n del limpiaparabrisas trasero, cableado, instalaci\u00f3n el\u00e9ctrica del port\u00f3n del maletero de FIAT &#8211; NM CINQUECENTO (1992-1998). LA PIEZA ES NUEVA Y ORIGINAL.<\/p>\n","protected":false},"featured_media":10266,"template":"","meta":{"_seopress_robots_primary_cat":"","_seopress_titles_title":"","_seopress_titles_desc":"","_seopress_robots_index":""},"product_cat":[84,20],"product_tag":[],"class_list":{"0":"post-10265","1":"product","2":"type-product","3":"status-publish","4":"has-post-thumbnail","6":"product_cat-recambios-fiat-cinquecento","7":"product_cat-recambios-fiat","9":"first","10":"outofstock","11":"taxable","12":"shipping-taxable","13":"purchasable","14":"product-type-simple"},"_links":{"self":[{"href":"https:\/\/galicianparts.com\/shop\/wp-json\/wp\/v2\/product\/10265"}],"collection":[{"href":"https:\/\/galicianparts.com\/shop\/wp-json\/wp\/v2\/product"}],"about":[{"href":"https:\/\/galicianparts.com\/shop\/wp-json\/wp\/v2\/types\/product"}],"wp:featuredmedia":[{"embeddable":true,"href":"https:\/\/galicianparts.com\/shop\/wp-json\/wp\/v2\/media\/10266"}],"wp:attachment":[{"href":"https:\/\/galicianparts.com\/shop\/wp-json\/wp\/v2\/media?parent=10265"}],"wp:term":[{"taxonomy":"product_cat","embeddable":true,"href":"https:\/\/galicianparts.com\/shop\/wp-json\/wp\/v2\/product_cat?post=10265"},{"taxonomy":"product_tag","embeddable":true,"href":"https:\/\/galicianparts.com\/shop\/wp-json\/wp\/v2\/product_tag?post=10265"}],"curies":[{"name":"wp","href":"https:\/\/api.w.org\/{rel}","templated":true}]}}