{"id":10283,"date":"2020-12-15T21:55:28","date_gmt":"2020-12-15T19:55:28","guid":{"rendered":"https:\/\/galicianparts.com\/shop\/producto\/4349654-kit-embellecedor-central-llanta-fiat-124-128-131-x1-9-nuevo-original\/"},"modified":"2022-10-05T11:11:03","modified_gmt":"2022-10-05T09:11:03","slug":"4349654-kit-embellecedor-central-llanta-fiat-124-128-131-x1-9-nuevo-original","status":"publish","type":"product","link":"https:\/\/galicianparts.com\/shop\/producto\/4349654-kit-embellecedor-central-llanta-fiat-124-128-131-x1-9-nuevo-original\/","title":{"rendered":"4349654 Pack 3 tapas centrales llanta Fiat 124 \/128 \/131 \/ X1\/9 NUEVO ORIGINAL"},"content":{"rendered":"<p>Juego de tres embellecedores, set de tres tapacubos de pl\u00e1stico para llanta de acero de modelos Fiat (1974-1979).<br \/>\nDi\u00e1metro exterior: 50 mm.<br \/>\nDi\u00e1metro interior: 46 mm.<\/p>\n<p>Fiat 124<br \/>\nFiat X1\/9<br \/>\nFiat 128<br \/>\nFiat 131<\/p>\n<p>LA PIEZA ES NUEVA Y ORIGINAL.<\/p>\n","protected":false},"excerpt":{"rendered":"<p>Juego de tres embellecedores, set de tres tapacubos de pl\u00e1stico para llanta de acero de modelos Fiat (1974-1979). Di\u00e1metro exterior: 50 mm. Di\u00e1metro interior: 46 mm. Fiat 124 Fiat X1\/9 Fiat 128 Fiat 131 LA PIEZA ES NUEVA Y ORIGINAL.<\/p>\n","protected":false},"featured_media":54438,"template":"","meta":{"_seopress_robots_primary_cat":"","_seopress_titles_title":"","_seopress_titles_desc":"","_seopress_robots_index":""},"product_cat":[65,69,70,20,206],"product_tag":[],"class_list":{"0":"post-10283","1":"product","2":"type-product","3":"status-publish","4":"has-post-thumbnail","6":"product_cat-recambios-fiat-124","7":"product_cat-recambios-fiat-128","8":"product_cat-recambios-fiat-131","9":"product_cat-recambios-fiat","10":"product_cat-recambios-fiat-x1-9","12":"first","13":"outofstock","14":"taxable","15":"shipping-taxable","16":"purchasable","17":"product-type-simple"},"_links":{"self":[{"href":"https:\/\/galicianparts.com\/shop\/wp-json\/wp\/v2\/product\/10283"}],"collection":[{"href":"https:\/\/galicianparts.com\/shop\/wp-json\/wp\/v2\/product"}],"about":[{"href":"https:\/\/galicianparts.com\/shop\/wp-json\/wp\/v2\/types\/product"}],"wp:featuredmedia":[{"embeddable":true,"href":"https:\/\/galicianparts.com\/shop\/wp-json\/wp\/v2\/media\/54438"}],"wp:attachment":[{"href":"https:\/\/galicianparts.com\/shop\/wp-json\/wp\/v2\/media?parent=10283"}],"wp:term":[{"taxonomy":"product_cat","embeddable":true,"href":"https:\/\/galicianparts.com\/shop\/wp-json\/wp\/v2\/product_cat?post=10283"},{"taxonomy":"product_tag","embeddable":true,"href":"https:\/\/galicianparts.com\/shop\/wp-json\/wp\/v2\/product_tag?post=10283"}],"curies":[{"name":"wp","href":"https:\/\/api.w.org\/{rel}","templated":true}]}}