{"id":10449,"date":"2020-12-17T19:52:10","date_gmt":"2020-12-17T17:52:10","guid":{"rendered":"https:\/\/galicianparts.com\/shop\/producto\/26125659-reten-ciguenal-fiat-242-citroen-c35-2-5d-original\/"},"modified":"2021-04-08T17:51:20","modified_gmt":"2021-04-08T15:51:20","slug":"26125659-reten-ciguenal-fiat-242-citroen-c35-2-5d-original","status":"publish","type":"product","link":"https:\/\/galicianparts.com\/shop\/producto\/26125659-reten-ciguenal-fiat-242-citroen-c35-2-5d-original\/","title":{"rendered":"26125659 Ret\u00e9n cig\u00fce\u00f1al Fiat 242 \/ Citroen C35 2.5D ORIGINAL"},"content":{"rendered":"<p>Junta, ret\u00e9n 95x112x12.5 del cig\u00fce\u00f1al del motor 2500cc diesel de:<br \/>\nFiat 242<br \/>\nCitroen C35<\/p>\n<p>LA PIEZA ES NUEVA Y ORIGINAL.<\/p>\n","protected":false},"excerpt":{"rendered":"<p>Junta, ret\u00e9n 95x112x12.5 del cig\u00fce\u00f1al del motor 2500cc diesel de: Fiat 242 Citroen C35 LA PIEZA ES NUEVA Y ORIGINAL.<\/p>\n","protected":false},"featured_media":10450,"template":"","meta":{"_seopress_robots_primary_cat":"","_seopress_titles_title":"","_seopress_titles_desc":"","_seopress_robots_index":""},"product_cat":[73,133,23,20],"product_tag":[],"class_list":{"0":"post-10449","1":"product","2":"type-product","3":"status-publish","4":"has-post-thumbnail","6":"product_cat-recambios-fiat-242","7":"product_cat-recambios-citroen-c35","8":"product_cat-recambios-citroen","9":"product_cat-recambios-fiat","11":"first","12":"instock","13":"taxable","14":"shipping-taxable","15":"purchasable","16":"product-type-simple"},"_links":{"self":[{"href":"https:\/\/galicianparts.com\/shop\/wp-json\/wp\/v2\/product\/10449"}],"collection":[{"href":"https:\/\/galicianparts.com\/shop\/wp-json\/wp\/v2\/product"}],"about":[{"href":"https:\/\/galicianparts.com\/shop\/wp-json\/wp\/v2\/types\/product"}],"wp:featuredmedia":[{"embeddable":true,"href":"https:\/\/galicianparts.com\/shop\/wp-json\/wp\/v2\/media\/10450"}],"wp:attachment":[{"href":"https:\/\/galicianparts.com\/shop\/wp-json\/wp\/v2\/media?parent=10449"}],"wp:term":[{"taxonomy":"product_cat","embeddable":true,"href":"https:\/\/galicianparts.com\/shop\/wp-json\/wp\/v2\/product_cat?post=10449"},{"taxonomy":"product_tag","embeddable":true,"href":"https:\/\/galicianparts.com\/shop\/wp-json\/wp\/v2\/product_tag?post=10449"}],"curies":[{"name":"wp","href":"https:\/\/api.w.org\/{rel}","templated":true}]}}