{"id":10518,"date":"2020-12-18T20:38:08","date_gmt":"2020-12-18T18:38:08","guid":{"rendered":"https:\/\/galicianparts.com\/shop\/producto\/5952778-pinon-inferior-distribucion-fiat-127-d-ritmo-panda-uno-fiorino-original\/"},"modified":"2021-11-17T15:24:48","modified_gmt":"2021-11-17T13:24:48","slug":"5952778-pinon-inferior-distribucion-fiat-127-d-ritmo-panda-uno-fiorino-original","status":"publish","type":"product","link":"https:\/\/galicianparts.com\/shop\/producto\/5952778-pinon-inferior-distribucion-fiat-127-d-ritmo-panda-uno-fiorino-original\/","title":{"rendered":"5952778 Pi\u00f1\u00f3n inferior distribuci\u00f3n Fiat 127 D \/ Ritmo \/ Panda \/ Uno \/ Fiorino ORIGINAL"},"content":{"rendered":"<p>Engranaje inferior de la distribuci\u00f3n de:<br \/>\nFiat 127 D<br \/>\nFiat Ritmo 130<br \/>\nFIAT &#8211; MU UNO DIESEL R\/89 (1989-1995)<br \/>\nFIAT &#8211; 2P PANDA DS (1986-1993)<br \/>\nFIAT PROFESSIONAL &#8211; 2M FIORINO (1991-1993)<\/p>\n<p>LA PIEZA ES NUEVA Y ORIGINAL.<\/p>\n","protected":false},"excerpt":{"rendered":"<p>Engranaje inferior de la distribuci\u00f3n de: Fiat 127 D Fiat Ritmo 130 FIAT &#8211; MU UNO DIESEL R\/89 (1989-1995) FIAT &#8211; 2P PANDA DS (1986-1993) FIAT PROFESSIONAL &#8211; 2M FIORINO (1991-1993) LA PIEZA ES NUEVA Y ORIGINAL.<\/p>\n","protected":false},"featured_media":10519,"template":"","meta":{"_seopress_robots_primary_cat":"","_seopress_titles_title":"","_seopress_titles_desc":"","_seopress_robots_index":""},"product_cat":[68,20,91,99,103,114],"product_tag":[],"class_list":{"0":"post-10518","1":"product","2":"type-product","3":"status-publish","4":"has-post-thumbnail","6":"product_cat-recambios-fiat-127","7":"product_cat-recambios-fiat","8":"product_cat-recambios-fiat-fiorino","9":"product_cat-recambios-fiat-panda","10":"product_cat-recambios-fiat-ritmo","11":"product_cat-recambios-fiat-uno","13":"first","14":"outofstock","15":"taxable","16":"shipping-taxable","17":"purchasable","18":"product-type-simple"},"_links":{"self":[{"href":"https:\/\/galicianparts.com\/shop\/wp-json\/wp\/v2\/product\/10518"}],"collection":[{"href":"https:\/\/galicianparts.com\/shop\/wp-json\/wp\/v2\/product"}],"about":[{"href":"https:\/\/galicianparts.com\/shop\/wp-json\/wp\/v2\/types\/product"}],"wp:featuredmedia":[{"embeddable":true,"href":"https:\/\/galicianparts.com\/shop\/wp-json\/wp\/v2\/media\/10519"}],"wp:attachment":[{"href":"https:\/\/galicianparts.com\/shop\/wp-json\/wp\/v2\/media?parent=10518"}],"wp:term":[{"taxonomy":"product_cat","embeddable":true,"href":"https:\/\/galicianparts.com\/shop\/wp-json\/wp\/v2\/product_cat?post=10518"},{"taxonomy":"product_tag","embeddable":true,"href":"https:\/\/galicianparts.com\/shop\/wp-json\/wp\/v2\/product_tag?post=10518"}],"curies":[{"name":"wp","href":"https:\/\/api.w.org\/{rel}","templated":true}]}}