{"id":10525,"date":"2020-12-18T21:04:15","date_gmt":"2020-12-18T19:04:15","guid":{"rendered":"https:\/\/galicianparts.com\/shop\/producto\/5983927-filtro-aire-fiat-x1-9-ritmo-panda-uno-regata-peugeot-504-original\/"},"modified":"2024-03-20T13:31:56","modified_gmt":"2024-03-20T11:31:56","slug":"5983927-filtro-aire-fiat-x1-9-ritmo-panda-uno-regata-peugeot-504-original","status":"publish","type":"product","link":"https:\/\/galicianparts.com\/shop\/producto\/5983927-filtro-aire-fiat-x1-9-ritmo-panda-uno-regata-peugeot-504-original\/","title":{"rendered":"5983927 Filtro aire Fiat X1\/9 \/ Ritmo \/Panda \/Uno \/Regata \/Peugeot 504 ORIGINAL"},"content":{"rendered":"<p>Filtro de aire de:<br \/>\nAltura: 161 mm<br \/>\nDi\u00e1metro: 131 mm<br \/>\nDi\u00e1metro interior: 89 mm<\/p>\n<p>FIAT Regata Berlina (138)<br \/>\n1.5 75, A\u00f1o 12.1983 &#8211; 07.1989, 1498 ccm, 75 cv<br \/>\n1.6 85, A\u00f1o 10.1983 &#8211; 06.1990, 1585 ccm, 82 cv<br \/>\nFIAT Regata Weekend<br \/>\n85 1.5, A\u00f1o 01.1984 &#8211; 04.1989, 1498 ccm, 82 cv<br \/>\nFIAT X 1\/9 (128)<br \/>\n1.5, A\u00f1o 06.1985 &#8211; 12.1989, 1499 ccm, 76 cv<br \/>\nFIAT Ritmo I Cabrio<br \/>\n50 1.3, A\u00f1o 10.1985 &#8211; 12.1987, 1302 ccm, 68 cv<br \/>\nFIAT Panda I Hatchback (141)<br \/>\n1.3 D, A\u00f1o 04.1986 &#8211; 12.1992, 1302 ccm, 37 cv<br \/>\nFIAT Uno Hatchback (146) (A\u00f1o 01.1983 &#8211; 06.2006)<br \/>\n1.3 Super di\u00e9sel, A\u00f1o 06.1983 &#8211; 03.1992, 1302 ccm, 45 cv<\/p>\n<p>PEUGEOT 504 Pick-up<br \/>\n1.6, A\u00f1o 01.1980 &#8211; 06.1987, 1618 ccm, 63 cv<\/p>\n<p>LA PIEZA ES NUEVA Y ORIGINAL.<\/p>\n","protected":false},"excerpt":{"rendered":"<p>Filtro de aire de: Altura: 161 mm Di\u00e1metro: 131 mm Di\u00e1metro interior: 89 mm FIAT Regata Berlina (138) 1.5 75, A\u00f1o 12.1983 &#8211; 07.1989, 1498 ccm, 75 cv 1.6 85, A\u00f1o 10.1983 &#8211; 06.1990, 1585 ccm, 82 cv FIAT Regata Weekend 85 1.5, A\u00f1o 01.1984 &#8211; 04.1989, 1498 ccm, 82 cv FIAT X 1\/9 (128) [&hellip;]<\/p>\n","protected":false},"featured_media":85322,"template":"","meta":{"_seopress_robots_primary_cat":"","_seopress_titles_title":"","_seopress_titles_desc":"","_seopress_robots_index":""},"product_cat":[195,20,99,24,102,103,114,206],"product_tag":[],"class_list":{"0":"post-10525","1":"product","2":"type-product","3":"status-publish","4":"has-post-thumbnail","6":"product_cat-recambios-peugeot-504","7":"product_cat-recambios-fiat","8":"product_cat-recambios-fiat-panda","9":"product_cat-recambios-peugeot","10":"product_cat-recambios-fiat-regata","11":"product_cat-recambios-fiat-ritmo","12":"product_cat-recambios-fiat-uno","13":"product_cat-recambios-fiat-x1-9","15":"first","16":"instock","17":"taxable","18":"shipping-taxable","19":"purchasable","20":"product-type-simple"},"_links":{"self":[{"href":"https:\/\/galicianparts.com\/shop\/wp-json\/wp\/v2\/product\/10525"}],"collection":[{"href":"https:\/\/galicianparts.com\/shop\/wp-json\/wp\/v2\/product"}],"about":[{"href":"https:\/\/galicianparts.com\/shop\/wp-json\/wp\/v2\/types\/product"}],"wp:featuredmedia":[{"embeddable":true,"href":"https:\/\/galicianparts.com\/shop\/wp-json\/wp\/v2\/media\/85322"}],"wp:attachment":[{"href":"https:\/\/galicianparts.com\/shop\/wp-json\/wp\/v2\/media?parent=10525"}],"wp:term":[{"taxonomy":"product_cat","embeddable":true,"href":"https:\/\/galicianparts.com\/shop\/wp-json\/wp\/v2\/product_cat?post=10525"},{"taxonomy":"product_tag","embeddable":true,"href":"https:\/\/galicianparts.com\/shop\/wp-json\/wp\/v2\/product_tag?post=10525"}],"curies":[{"name":"wp","href":"https:\/\/api.w.org\/{rel}","templated":true}]}}