{"id":10598,"date":"2020-12-21T19:08:34","date_gmt":"2020-12-21T17:08:34","guid":{"rendered":"https:\/\/galicianparts.com\/shop\/producto\/9942409-rele-abs-lancia-delta-evoluzione-nuevo-original\/"},"modified":"2021-06-06T00:21:29","modified_gmt":"2021-06-05T22:21:29","slug":"9942409-rele-abs-lancia-delta-evoluzione-nuevo-original","status":"publish","type":"product","link":"https:\/\/galicianparts.com\/shop\/producto\/9942409-rele-abs-lancia-delta-evoluzione-nuevo-original\/","title":{"rendered":"9942409 Rel\u00e9 ABS Lancia Delta Evoluzione NUEVO ORIGINAL"},"content":{"rendered":"<p>9947066 Rel\u00e9 del m\u00f3dulo del ABS de:<br \/>\nFIAT &#8211; MW TEMPRA 1750-2000 (1989-1993)<br \/>\nFIAT &#8211; MX TEMPRA DIESEL-TURBO D.(1989-1993)<br \/>\nFIAT &#8211; NY TEMPRA MAQ.93 1370-1580 (&#8217;93-&#8217;96)<br \/>\nFIAT &#8211; NZ TEMPRA MAQ.93 1750-2000 (&#8217;93-&#8217;96)<br \/>\nFIAT &#8211; NJ TEMPRA MQ.93 D-TD (1993-1996)<br \/>\nFIAT &#8211; MF TIPO DIESEL-T.DS. (1987-1993)<br \/>\nFIAT &#8211; NT TIPO MAQ.93 D-TD (1993-1995)<br \/>\nFIAT &#8211; NS TIPO MQ.93 1370-1580 (1993-1995)<br \/>\nFIAT &#8211; NU TIPO MQ.93 1750-2000 (1993-1995)<br \/>\nFIAT &#8211; MP TIPO SPORT 16V IE. (1988-1993)<br \/>\nALFA ROMEO &#8211; U6 155 TURBO BZ-DS (1992-1996)<br \/>\nLANCIA &#8211; RY DEDRA BENZINA (1989-1994)<br \/>\nLANCIA &#8211; SN DEDRA FL.94 T.DS (1994-1999)<br \/>\nLANCIA &#8211; RZ DEDRA TURBO DIESEL (1989-1994)<br \/>\nLANCIA &#8211; RT DELTA INTEGRALE 4WD (1986-1991)<br \/>\nLANCIA &#8211; SA DELTA EVOLUZIONE (1991-1994)<\/p>\n<p>LA PIEZA ES NUEVA Y ORIGINAL BOSCH.<\/p>\n","protected":false},"excerpt":{"rendered":"<p>9947066 Rel\u00e9 del m\u00f3dulo del ABS de: FIAT &#8211; MW TEMPRA 1750-2000 (1989-1993) FIAT &#8211; MX TEMPRA DIESEL-TURBO D.(1989-1993) FIAT &#8211; NY TEMPRA MAQ.93 1370-1580 (&#8217;93-&#8217;96) FIAT &#8211; NZ TEMPRA MAQ.93 1750-2000 (&#8217;93-&#8217;96) FIAT &#8211; NJ TEMPRA MQ.93 D-TD (1993-1996) FIAT &#8211; MF TIPO DIESEL-T.DS. (1987-1993) FIAT &#8211; NT TIPO MAQ.93 D-TD (1993-1995) FIAT &#8211; [&hellip;]<\/p>\n","protected":false},"featured_media":10599,"template":"","meta":{"_seopress_robots_primary_cat":"","_seopress_titles_title":"","_seopress_titles_desc":"","_seopress_robots_index":""},"product_cat":[48,16,117,118,20,21,111,112],"product_tag":[],"class_list":{"0":"post-10598","1":"product","2":"type-product","3":"status-publish","4":"has-post-thumbnail","6":"product_cat-recambios-alfa-romeo-155","7":"product_cat-recambios-alfa-romeo","8":"product_cat-recambios-lancia-dedra","9":"product_cat-recambios-lancia-delta","10":"product_cat-recambios-fiat","11":"product_cat-recambios-lancia","12":"product_cat-recambios-fiat-tempra","13":"product_cat-recambios-fiat-tipo","15":"first","16":"outofstock","17":"taxable","18":"shipping-taxable","19":"purchasable","20":"product-type-simple"},"_links":{"self":[{"href":"https:\/\/galicianparts.com\/shop\/wp-json\/wp\/v2\/product\/10598"}],"collection":[{"href":"https:\/\/galicianparts.com\/shop\/wp-json\/wp\/v2\/product"}],"about":[{"href":"https:\/\/galicianparts.com\/shop\/wp-json\/wp\/v2\/types\/product"}],"wp:featuredmedia":[{"embeddable":true,"href":"https:\/\/galicianparts.com\/shop\/wp-json\/wp\/v2\/media\/10599"}],"wp:attachment":[{"href":"https:\/\/galicianparts.com\/shop\/wp-json\/wp\/v2\/media?parent=10598"}],"wp:term":[{"taxonomy":"product_cat","embeddable":true,"href":"https:\/\/galicianparts.com\/shop\/wp-json\/wp\/v2\/product_cat?post=10598"},{"taxonomy":"product_tag","embeddable":true,"href":"https:\/\/galicianparts.com\/shop\/wp-json\/wp\/v2\/product_tag?post=10598"}],"curies":[{"name":"wp","href":"https:\/\/api.w.org\/{rel}","templated":true}]}}