{"id":10685,"date":"2020-12-22T15:11:53","date_gmt":"2020-12-22T13:11:53","guid":{"rendered":"https:\/\/galicianparts.com\/shop\/producto\/5984018-filtro-gasoil-fiat-lancia-citroen-peugeot-original\/"},"modified":"2020-12-22T16:41:35","modified_gmt":"2020-12-22T14:41:35","slug":"5984018-filtro-gasoil-fiat-lancia-citroen-peugeot-original","status":"publish","type":"product","link":"https:\/\/galicianparts.com\/shop\/producto\/5984018-filtro-gasoil-fiat-lancia-citroen-peugeot-original\/","title":{"rendered":"5984018 Filtro gasoil Fiat \/ Lancia \/ Citroen \/ Peugeot ORIGINAL"},"content":{"rendered":"<p>Filtro de combustible de:<br \/>\nCITRO\u00cbN C15 Box (VD_) (84-06)<br \/>\nCITRO\u00cbN C15 Estate (87-0)<br \/>\nCITRO\u00cbN ZX (N2) (91-99)<br \/>\nCITRO\u00cbN ZX Break (N2) (93-99)CITRO\u00cbN BX Hatchback (A\u00f1o 09.1983 &#8211; 09.1993, 60 &#8211; 90 , Gas\u00f3leo)<br \/>\nCITRO\u00cbN BX Familiar (A\u00f1o 09.1983 &#8211; 12.1994, 60 &#8211; 90 , Gas\u00f3leo)<br \/>\nCITRO\u00cbN C25 Bus (A\u00f1o 11.1981 &#8211; 02.1994, 69 &#8211; 95 , Gas\u00f3leo)<br \/>\nCITRO\u00cbN C25 Cami\u00f3n de plataforma\/Chasis (A\u00f1o 11.1983 &#8211; 01.1994, 75 &#8211; 95 , Gas\u00f3leo)<br \/>\nCITRO\u00cbN C25 Furg\u00f3n (A\u00f1o 11.1981 &#8211; 01.1994, 69 &#8211; 95 , Gas\u00f3leo)<br \/>\nCITRO\u00cbN C35 Bus (A\u00f1o 02.1980 &#8211; 01.1994, 69 , Gas\u00f3leo)<br \/>\nCITRO\u00cbN C35 Van (A\u00f1o 11.1973 &#8211; 01.1994, 61 &#8211; 69 , Gas\u00f3leo)<br \/>\nCITRO\u00cbN C35 Pick-up (A\u00f1o 11.1973 &#8211; 01.1980, 61 , Gas\u00f3leo)<br \/>\nCITRO\u00cbN CX I Hatchback (A\u00f1o 04.1983 &#8211; 08.1985, 95 , Gas\u00f3leo)<br \/>\nCITRO\u00cbN CX I Familiar (A\u00f1o 04.1983 &#8211; 08.1985, 95 , Gas\u00f3leo)<br \/>\nCITRO\u00cbN CX II Hatchback (A\u00f1o 08.1985 &#8211; 12.1992, 95 &#8211; 120 , Gas\u00f3leo)<br \/>\nCITRO\u00cbN CX II Familiar (A\u00f1o 08.1985 &#8211; 12.1992, 95 &#8211; 120 , Gas\u00f3leo)<br \/>\nCITRO\u00cbN XM I Hatchback (Y3) (A\u00f1o 05.1989 &#8211; 06.1994, 82 &#8211; 109 , Gas\u00f3leo)<br \/>\nCITRO\u00cbN XM II Hatchback (Y4) (A\u00f1o 05.1994 &#8211; 10.2000, 109 , Gas\u00f3leo)<br \/>\nCITRO\u00cbN XM I Familiar (Y3) (A\u00f1o 11.1991 &#8211; 04.1994, 82 &#8211; 109 , Gas\u00f3leo)<br \/>\nCITRO\u00cbN XM II Familiar (Y4) (A\u00f1o 05.1994 &#8211; 10.2000, 82 &#8211; 109 , Gas\u00f3leo)<br \/>\nFIAT Regata Berlina (138) (A\u00f1o 04.1984 &#8211; 07.1989, 65 , Gas\u00f3leo)<br \/>\nFIAT Regata Weekend (A\u00f1o 04.1984 &#8211; 07.1989, 65 , Gas\u00f3leo)<br \/>\nFIAT Ritmo I Hatchback (138) (A\u00f1o 10.1979 &#8211; 12.1987, 55 &#8211; 60 , Gas\u00f3leo)<br \/>\nFIAT DUCATO (280_) (82-90)<br \/>\nLANCIA Delta I (831) (A\u00f1o 10.1986 &#8211; 12.1989, 80 , Gas\u00f3leo)<br \/>\nLANCIA Prisma (831) (A\u00f1o 01.1983 &#8211; 02.1992, 65 &#8211; 80 , Gas\u00f3leo)<br \/>\nLANCIA Thema Berlina (834) (A\u00f1o 11.1984 &#8211; 07.1994, 101 &#8211; 116 , Gas\u00f3leo)<br \/>\nLANCIA Thema Familiar (834) (A\u00f1o 06.1988 &#8211; 07.1994, 115 &#8211; 116 , Gas\u00f3leo)<br \/>\nPEUGEOT 205 F Furg\u00f3n (A\u00f1o 08.1990 &#8211; 05.1997, 60 &#8211; 79 , Gas\u00f3leo)<br \/>\nPEUGEOT 205 XA\/XAD Furg\u00f3n (A\u00f1o 02.1983 &#8211; 07.1990, 60 , Gas\u00f3leo)<br \/>\nPEUGEOT 205 I Hatchback (A\u00f1o 08.1983 &#8211; 10.1987, 60 , Gas\u00f3leo)<br \/>\nPEUGEOT 205 II Hatchback (A\u00f1o 07.1987 &#8211; 09.1998, 60 &#8211; 79 , Gas\u00f3leo)<br \/>\nPEUGEOT 309 I Hatchback (A\u00f1o 06.1986 &#8211; 07.1989, 64 , Gas\u00f3leo)<br \/>\nPEUGEOT 309 II Hatchback (A\u00f1o 07.1989 &#8211; 12.1993, 60 &#8211; 78 , Gas\u00f3leo)<br \/>\nPEUGEOT 405 I Berlina (15B) (A\u00f1o 10.1987 &#8211; 12.1992, 64 &#8211; 90 , Gas\u00f3leo)<br \/>\nPEUGEOT 405 I Familiar (15E) (A\u00f1o 10.1988 &#8211; 08.1992, 64 &#8211; 90 , Gas\u00f3leo)<br \/>\nPEUGEOT 605 Berlina (A\u00f1o 06.1989 &#8211; 09.1999, 82 &#8211; 129 , Gas\u00f3leo)<br \/>\nPEUGEOT J5 Bus (280) (A\u00f1o 09.1981 &#8211; 09.1990, 73 , Gas\u00f3leo)<br \/>\nPEUGEOT J5 Bus (290) (A\u00f1o 10.1990 &#8211; 02.1994, 70 &#8211; 95 , Gas\u00f3leo)<br \/>\nPEUGEOT J5 Cami\u00f3n de plataforma\/Chasis (280) (A\u00f1o 09.1981 &#8211; 09.1990, 73 &#8211; 95 , Gas\u00f3leo)<br \/>\nPEUGEOT J5 Cami\u00f3n de plataforma\/Chasis (290) (A\u00f1o 10.1990 &#8211; 02.1994, 70 &#8211; 95 , Gas\u00f3leo)<br \/>\nPEUGEOT J5 Furg\u00f3n (280) (A\u00f1o 09.1981 &#8211; 08.1990, 69 &#8211; 95 , Gas\u00f3leo)<br \/>\nPEUGEOT J5 Furg\u00f3n (290) (A\u00f1o 09.1990 &#8211; 03.1994, 69 &#8211; 95 , Gas\u00f3leo)<\/p>\n<p>LA PIEZA ES NUEVA Y ORIGINAL.<\/p>\n","protected":false},"excerpt":{"rendered":"<p>Filtro de combustible de: CITRO\u00cbN C15 Box (VD_) (84-06) CITRO\u00cbN C15 Estate (87-0) CITRO\u00cbN ZX (N2) (91-99) CITRO\u00cbN ZX Break (N2) (93-99)CITRO\u00cbN BX Hatchback (A\u00f1o 09.1983 &#8211; 09.1993, 60 &#8211; 90 , Gas\u00f3leo) CITRO\u00cbN BX Familiar (A\u00f1o 09.1983 &#8211; 12.1994, 60 &#8211; 90 , Gas\u00f3leo) CITRO\u00cbN C25 Bus (A\u00f1o 11.1981 &#8211; 02.1994, 69 &#8211; 95 [&hellip;]<\/p>\n","protected":false},"featured_media":10686,"template":"","meta":{"_seopress_robots_primary_cat":"","_seopress_titles_title":"","_seopress_titles_desc":"","_seopress_robots_index":""},"product_cat":[235,149,150,203,130,131,132,133,23,136,118,88,20,157,21,24,123,102,103,124,142,144],"product_tag":[],"class_list":{"0":"post-10685","1":"product","2":"type-product","3":"status-publish","4":"has-post-thumbnail","6":"product_cat-recambios-peugeot-205","7":"product_cat-recambios-peugeot-309","8":"product_cat-recambios-peugeot-405","9":"product_cat-recambios-peugeot-605","10":"product_cat-recambios-citroen-bx","11":"product_cat-recambios-citroen-c15","12":"product_cat-recambios-citroen-c25","13":"product_cat-recambios-citroen-c35","14":"product_cat-recambios-citroen","15":"product_cat-recambios-citroen-cx","16":"product_cat-recambios-lancia-delta","17":"product_cat-recambios-fiat-ducato","18":"product_cat-recambios-fiat","19":"product_cat-recambios-peugeot-j5","20":"product_cat-recambios-lancia","21":"product_cat-recambios-peugeot","22":"product_cat-recambios-lancia-prisma","23":"product_cat-recambios-fiat-regata","24":"product_cat-recambios-fiat-ritmo","25":"product_cat-recambios-lancia-thema","26":"product_cat-recambios-citroen-xm","27":"product_cat-recambios-citroen-zx","29":"first","30":"instock","31":"taxable","32":"shipping-taxable","33":"purchasable","34":"product-type-simple"},"_links":{"self":[{"href":"https:\/\/galicianparts.com\/shop\/wp-json\/wp\/v2\/product\/10685"}],"collection":[{"href":"https:\/\/galicianparts.com\/shop\/wp-json\/wp\/v2\/product"}],"about":[{"href":"https:\/\/galicianparts.com\/shop\/wp-json\/wp\/v2\/types\/product"}],"wp:featuredmedia":[{"embeddable":true,"href":"https:\/\/galicianparts.com\/shop\/wp-json\/wp\/v2\/media\/10686"}],"wp:attachment":[{"href":"https:\/\/galicianparts.com\/shop\/wp-json\/wp\/v2\/media?parent=10685"}],"wp:term":[{"taxonomy":"product_cat","embeddable":true,"href":"https:\/\/galicianparts.com\/shop\/wp-json\/wp\/v2\/product_cat?post=10685"},{"taxonomy":"product_tag","embeddable":true,"href":"https:\/\/galicianparts.com\/shop\/wp-json\/wp\/v2\/product_tag?post=10685"}],"curies":[{"name":"wp","href":"https:\/\/api.w.org\/{rel}","templated":true}]}}