{"id":10707,"date":"2020-12-22T19:14:08","date_gmt":"2020-12-22T17:14:08","guid":{"rendered":"https:\/\/galicianparts.com\/shop\/producto\/7765527-pinon-marcha-atras-fiat-x1-9-128-ritmo-uno-fiorino-lancia-delta-prisma-original\/"},"modified":"2021-01-23T12:46:05","modified_gmt":"2021-01-23T10:46:05","slug":"7765527-pinon-marcha-atras-fiat-x1-9-128-ritmo-uno-fiorino-lancia-delta-prisma-original","status":"publish","type":"product","link":"https:\/\/galicianparts.com\/shop\/producto\/7765527-pinon-marcha-atras-fiat-x1-9-128-ritmo-uno-fiorino-lancia-delta-prisma-original\/","title":{"rendered":"7765527 Pi\u00f1\u00f3n marcha atr\u00e1s Fiat X1\/9 \/ 128 \/ Ritmo \/Uno \/ Fiorino \/ Lancia Delta \/ Prisma ORIGINAL"},"content":{"rendered":"<p>Engranaje di\u00e1metro exterior 65,9 x 12,3 di\u00e1metro interior 18mm y 31 dientes, de la marcha atr\u00e1s del cambio de:<br \/>\nFIAT 128<br \/>\nFIAT X1\/9<br \/>\nFIAT RITMO<br \/>\nFIAT REGATA<br \/>\nFIAT &#8211; 2B DUNA BENZINA\/DIESEL (1986-1990)<br \/>\nFIAT &#8211; XP ELBA CSL (1991-1996)<br \/>\nFIAT &#8211; XR MILLE (1994-1995)<br \/>\nFIAT &#8211; ML UNO CS (1988-1990)<br \/>\nLANCIA DELTA<br \/>\nLANCIA PRISMA<br \/>\nFIAT PROFESSIONAL &#8211; 2M FIORINO (1991-1993)<br \/>\nFIAT PROFESSIONAL &#8211; 2N FIORINO RL (1993-2000)<\/p>\n<p>LA PIEZA ES NUEVA Y ORIGINAL.<\/p>\n","protected":false},"excerpt":{"rendered":"<p>Engranaje di\u00e1metro exterior 65,9 x 12,3 di\u00e1metro interior 18mm y 31 dientes, de la marcha atr\u00e1s del cambio de: FIAT 128 FIAT X1\/9 FIAT RITMO FIAT REGATA FIAT &#8211; 2B DUNA BENZINA\/DIESEL (1986-1990) FIAT &#8211; XP ELBA CSL (1991-1996) FIAT &#8211; XR MILLE (1994-1995) FIAT &#8211; ML UNO CS (1988-1990) LANCIA DELTA LANCIA PRISMA FIAT [&hellip;]<\/p>\n","protected":false},"featured_media":10708,"template":"","meta":{"_seopress_robots_primary_cat":"","_seopress_titles_title":"","_seopress_titles_desc":"","_seopress_robots_index":""},"product_cat":[69,118,89,90,20,91,21,123,102,103,114,206],"product_tag":[],"class_list":{"0":"post-10707","1":"product","2":"type-product","3":"status-publish","4":"has-post-thumbnail","6":"product_cat-recambios-fiat-128","7":"product_cat-recambios-lancia-delta","8":"product_cat-recambios-fiat-duna","9":"product_cat-recambios-fiat-elba","10":"product_cat-recambios-fiat","11":"product_cat-recambios-fiat-fiorino","12":"product_cat-recambios-lancia","13":"product_cat-recambios-lancia-prisma","14":"product_cat-recambios-fiat-regata","15":"product_cat-recambios-fiat-ritmo","16":"product_cat-recambios-fiat-uno","17":"product_cat-recambios-fiat-x1-9","19":"first","20":"outofstock","21":"taxable","22":"shipping-taxable","23":"purchasable","24":"product-type-simple"},"_links":{"self":[{"href":"https:\/\/galicianparts.com\/shop\/wp-json\/wp\/v2\/product\/10707"}],"collection":[{"href":"https:\/\/galicianparts.com\/shop\/wp-json\/wp\/v2\/product"}],"about":[{"href":"https:\/\/galicianparts.com\/shop\/wp-json\/wp\/v2\/types\/product"}],"wp:featuredmedia":[{"embeddable":true,"href":"https:\/\/galicianparts.com\/shop\/wp-json\/wp\/v2\/media\/10708"}],"wp:attachment":[{"href":"https:\/\/galicianparts.com\/shop\/wp-json\/wp\/v2\/media?parent=10707"}],"wp:term":[{"taxonomy":"product_cat","embeddable":true,"href":"https:\/\/galicianparts.com\/shop\/wp-json\/wp\/v2\/product_cat?post=10707"},{"taxonomy":"product_tag","embeddable":true,"href":"https:\/\/galicianparts.com\/shop\/wp-json\/wp\/v2\/product_tag?post=10707"}],"curies":[{"name":"wp","href":"https:\/\/api.w.org\/{rel}","templated":true}]}}