{"id":10842,"date":"2021-01-04T18:58:48","date_gmt":"2021-01-04T16:58:48","guid":{"rendered":"https:\/\/galicianparts.com\/shop\/producto\/42490520-kit-juntas-bomba-direccion-fiat-ducato-citroen-peugeot-original\/"},"modified":"2024-04-17T20:14:16","modified_gmt":"2024-04-17T18:14:16","slug":"42490520-kit-juntas-bomba-direccion-fiat-ducato-citroen-peugeot-original","status":"publish","type":"product","link":"https:\/\/galicianparts.com\/shop\/producto\/42490520-kit-juntas-bomba-direccion-fiat-ducato-citroen-peugeot-original\/","title":{"rendered":"42490520 Kit juntas bomba direcci\u00f3n Fiat Ducato \/ Citroen \/ Peugeot ORIGINAL"},"content":{"rendered":"<p>Kit de juntas t\u00f3ricas y ret\u00e9n de la bomba de servodirecci\u00f3n de:<br \/>\nFIAT PROFESSIONAL &#8211; ND DUCATO 4X4 R.90 (1990-1994)<br \/>\nFIAT PROFESSIONAL &#8211; PE DUCATO&#8217;94 DIESEL (1994-2002)<br \/>\nFIAT PROFESSIONAL &#8211; NA NUOVO DUCATO DS.R.90 (1990-1994)<br \/>\nCITROEN C35<br \/>\nCITROEN JUMPER<br \/>\nPEUGEOT BOXER<br \/>\nPEUGEOT J5<\/p>\n<p>LA PIEZA ES NUEVA Y ORIGINAL.<\/p>\n","protected":false},"excerpt":{"rendered":"<p>Kit de juntas t\u00f3ricas y ret\u00e9n de la bomba de servodirecci\u00f3n de: FIAT PROFESSIONAL &#8211; ND DUCATO 4X4 R.90 (1990-1994) FIAT PROFESSIONAL &#8211; PE DUCATO&#8217;94 DIESEL (1994-2002) FIAT PROFESSIONAL &#8211; NA NUOVO DUCATO DS.R.90 (1990-1994) CITROEN C35 CITROEN JUMPER PEUGEOT BOXER PEUGEOT J5 LA PIEZA ES NUEVA Y ORIGINAL.<\/p>\n","protected":false},"featured_media":10843,"template":"","meta":{"_seopress_robots_primary_cat":"","_seopress_titles_title":"","_seopress_titles_desc":"","_seopress_robots_index":""},"product_cat":[155,133,23,88,20,157,137,24],"product_tag":[],"class_list":{"0":"post-10842","1":"product","2":"type-product","3":"status-publish","4":"has-post-thumbnail","6":"product_cat-recambios-peugeot-boxer","7":"product_cat-recambios-citroen-c35","8":"product_cat-recambios-citroen","9":"product_cat-recambios-fiat-ducato","10":"product_cat-recambios-fiat","11":"product_cat-recambios-peugeot-j5","12":"product_cat-recambios-citroen-jumper","13":"product_cat-recambios-peugeot","15":"first","16":"outofstock","17":"taxable","18":"shipping-taxable","19":"purchasable","20":"product-type-simple"},"_links":{"self":[{"href":"https:\/\/galicianparts.com\/shop\/wp-json\/wp\/v2\/product\/10842"}],"collection":[{"href":"https:\/\/galicianparts.com\/shop\/wp-json\/wp\/v2\/product"}],"about":[{"href":"https:\/\/galicianparts.com\/shop\/wp-json\/wp\/v2\/types\/product"}],"wp:featuredmedia":[{"embeddable":true,"href":"https:\/\/galicianparts.com\/shop\/wp-json\/wp\/v2\/media\/10843"}],"wp:attachment":[{"href":"https:\/\/galicianparts.com\/shop\/wp-json\/wp\/v2\/media?parent=10842"}],"wp:term":[{"taxonomy":"product_cat","embeddable":true,"href":"https:\/\/galicianparts.com\/shop\/wp-json\/wp\/v2\/product_cat?post=10842"},{"taxonomy":"product_tag","embeddable":true,"href":"https:\/\/galicianparts.com\/shop\/wp-json\/wp\/v2\/product_tag?post=10842"}],"curies":[{"name":"wp","href":"https:\/\/api.w.org\/{rel}","templated":true}]}}