{"id":10891,"date":"2021-01-04T21:45:58","date_gmt":"2021-01-04T19:45:58","guid":{"rendered":"https:\/\/galicianparts.com\/shop\/producto\/71736126-filtro-de-aire-fiat-lancia-alfa-romeo-original\/"},"modified":"2022-03-15T19:47:56","modified_gmt":"2022-03-15T17:47:56","slug":"71736126-filtro-de-aire-fiat-lancia-alfa-romeo-original","status":"publish","type":"product","link":"https:\/\/galicianparts.com\/shop\/producto\/71736126-filtro-de-aire-fiat-lancia-alfa-romeo-original\/","title":{"rendered":"71736126 Filtro de aire Fiat \/ Lancia \/ Alfa Romeo ORIGINAL"},"content":{"rendered":"<p>Filtro de aire de 245x180x40mm v\u00e1lido para:<br \/>\nALFA ROMEO 155 (167) (A\u00f1o 01.1992 &#8211; 12.1997, 105 &#8211; 190 , Gas\u00f3leo,Gasolina)<br \/>\nALFA ROMEO GTV (916, 916C) (A\u00f1o 06.1995 &#8211; 09.1998, 202 , Gasolina)<br \/>\nALFA ROMEO Spider (916, 916S) (A\u00f1o 05.1998 &#8211; 04.2005, 202 , Gasolina)<br \/>\nFIAT Coupe (175) (A\u00f1o 11.1993 &#8211; 08.2000, 131 &#8211; 220 , Gasolina)<br \/>\nFIAT Fiorino II Furg\u00f3n (146) (A\u00f1o 01.1988 &#8211; 05.2001, 63 &#8211; 75 , Gas\u00f3leo,Gasolina)<br \/>\nFIAT Fiorino II Pick-up (146) (A\u00f1o 01.1988 &#8211; 05.2001, 63 &#8211; 75 , Gas\u00f3leo,Gasolina)<br \/>\nFIAT Uno Hatchback (146) (A\u00f1o 12.1992 &#8211; 12.1995, 90 , Gasolina)<br \/>\nFIAT &#8211; XP ELBA CSL (1991-1996)<br \/>\nFIAT &#8211; XR MILLE (1994-1995)<br \/>\nLANCIA Dedra Berlina (835) (A\u00f1o 08.1989 &#8211; 07.1999, 90 &#8211; 139 , Gasolina)<br \/>\nLANCIA Dedra Familiar (835) (A\u00f1o 07.1994 &#8211; 07.1999, 90 &#8211; 139 , Gasolina)<br \/>\nLANCIA Delta I (831) (A\u00f1o 11.1986 &#8211; 01.1994, 166 &#8211; 211 , Gasolina)<br \/>\nLANCIA Delta II (836) (A\u00f1o 06.1993 &#8211; 08.1999, 90 &#8211; 193 , Gasolina)<\/p>\n<p>LA PIEZA ES NUEVA Y ORIGINAL.<\/p>\n","protected":false},"excerpt":{"rendered":"<p>Filtro de aire de 245x180x40mm v\u00e1lido para: ALFA ROMEO 155 (167) (A\u00f1o 01.1992 &#8211; 12.1997, 105 &#8211; 190 , Gas\u00f3leo,Gasolina) ALFA ROMEO GTV (916, 916C) (A\u00f1o 06.1995 &#8211; 09.1998, 202 , Gasolina) ALFA ROMEO Spider (916, 916S) (A\u00f1o 05.1998 &#8211; 04.2005, 202 , Gasolina) FIAT Coupe (175) (A\u00f1o 11.1993 &#8211; 08.2000, 131 &#8211; 220 , [&hellip;]<\/p>\n","protected":false},"featured_media":10892,"template":"","meta":{"_seopress_robots_primary_cat":"","_seopress_titles_title":"","_seopress_titles_desc":"","_seopress_robots_index":""},"product_cat":[48,16,85,117,118,90,20,91,55,21,56,114],"product_tag":[],"class_list":{"0":"post-10891","1":"product","2":"type-product","3":"status-publish","4":"has-post-thumbnail","6":"product_cat-recambios-alfa-romeo-155","7":"product_cat-recambios-alfa-romeo","8":"product_cat-recambios-fiat-coupe","9":"product_cat-recambios-lancia-dedra","10":"product_cat-recambios-lancia-delta","11":"product_cat-recambios-fiat-elba","12":"product_cat-recambios-fiat","13":"product_cat-recambios-fiat-fiorino","14":"product_cat-recambios-alfa-romeo-gtv","15":"product_cat-recambios-lancia","16":"product_cat-recambios-alfa-romeo-spider","17":"product_cat-recambios-fiat-uno","19":"first","20":"outofstock","21":"taxable","22":"shipping-taxable","23":"purchasable","24":"product-type-simple"},"_links":{"self":[{"href":"https:\/\/galicianparts.com\/shop\/wp-json\/wp\/v2\/product\/10891"}],"collection":[{"href":"https:\/\/galicianparts.com\/shop\/wp-json\/wp\/v2\/product"}],"about":[{"href":"https:\/\/galicianparts.com\/shop\/wp-json\/wp\/v2\/types\/product"}],"wp:featuredmedia":[{"embeddable":true,"href":"https:\/\/galicianparts.com\/shop\/wp-json\/wp\/v2\/media\/10892"}],"wp:attachment":[{"href":"https:\/\/galicianparts.com\/shop\/wp-json\/wp\/v2\/media?parent=10891"}],"wp:term":[{"taxonomy":"product_cat","embeddable":true,"href":"https:\/\/galicianparts.com\/shop\/wp-json\/wp\/v2\/product_cat?post=10891"},{"taxonomy":"product_tag","embeddable":true,"href":"https:\/\/galicianparts.com\/shop\/wp-json\/wp\/v2\/product_tag?post=10891"}],"curies":[{"name":"wp","href":"https:\/\/api.w.org\/{rel}","templated":true}]}}