{"id":10918,"date":"2021-01-05T13:05:53","date_gmt":"2021-01-05T11:05:53","guid":{"rendered":"https:\/\/galicianparts.com\/shop\/producto\/71765243-kit-de-filtros-fiat-doblo-qubo-linea-original\/"},"modified":"2021-01-07T19:47:38","modified_gmt":"2021-01-07T17:47:38","slug":"71765243-kit-de-filtros-fiat-doblo-qubo-linea-original","status":"publish","type":"product","link":"https:\/\/galicianparts.com\/shop\/producto\/71765243-kit-de-filtros-fiat-doblo-qubo-linea-original\/","title":{"rendered":"71765243 Kit de filtros Fiat Doblo \/ Qubo \/ Linea ORIGINAL"},"content":{"rendered":"<p>Kit de filtros de aire, aceite y habit\u00e1culo de:<br \/>\nFIAT Doblo II Cami\u00f3n de plataforma\/Chasis (263) (A\u00f1o 02.2010 &#8211; &#8230;, 75 &#8211; 135 , Gas\u00f3leo, Gasolina)<br \/>\nFIAT Doblo II Familiar (263) (A\u00f1o 02.2010 &#8211; &#8230;, 90 Gas\u00f3leo<br \/>\nFIAT Doblo II Furg\u00f3n \/ Familiar (263) (A\u00f1o 02.2010 &#8211; &#8230;, 75  Gas\u00f3leo<br \/>\nFIAT Linea (323, 110) (A\u00f1o 06.2007 &#8211; &#8230;, 90 , Gas\u00f3leo)<br \/>\nFIAT Qubo (225) (A\u00f1o 02.2008 &#8211; &#8230;, 75 &#8211; 95 , Gas\u00f3leo)<\/p>\n<p>LA PIEZA ES NUEVA Y ORIGINAL.<\/p>\n","protected":false},"excerpt":{"rendered":"<p>Kit de filtros de aire, aceite y habit\u00e1culo de: FIAT Doblo II Cami\u00f3n de plataforma\/Chasis (263) (A\u00f1o 02.2010 &#8211; &#8230;, 75 &#8211; 135 , Gas\u00f3leo, Gasolina) FIAT Doblo II Familiar (263) (A\u00f1o 02.2010 &#8211; &#8230;, 90 Gas\u00f3leo FIAT Doblo II Furg\u00f3n \/ Familiar (263) (A\u00f1o 02.2010 &#8211; &#8230;, 75 Gas\u00f3leo FIAT Linea (323, 110) (A\u00f1o [&hellip;]<\/p>\n","protected":false},"featured_media":10919,"template":"","meta":{"_seopress_robots_primary_cat":"","_seopress_titles_title":"","_seopress_titles_desc":"","_seopress_robots_index":""},"product_cat":[87,20,91,94],"product_tag":[],"class_list":{"0":"post-10918","1":"product","2":"type-product","3":"status-publish","4":"has-post-thumbnail","6":"product_cat-recambios-fiat-doblo","7":"product_cat-recambios-fiat","8":"product_cat-recambios-fiat-fiorino","9":"product_cat-recambios-fiat-linea","11":"first","12":"instock","13":"taxable","14":"shipping-taxable","15":"purchasable","16":"product-type-simple"},"_links":{"self":[{"href":"https:\/\/galicianparts.com\/shop\/wp-json\/wp\/v2\/product\/10918"}],"collection":[{"href":"https:\/\/galicianparts.com\/shop\/wp-json\/wp\/v2\/product"}],"about":[{"href":"https:\/\/galicianparts.com\/shop\/wp-json\/wp\/v2\/types\/product"}],"wp:featuredmedia":[{"embeddable":true,"href":"https:\/\/galicianparts.com\/shop\/wp-json\/wp\/v2\/media\/10919"}],"wp:attachment":[{"href":"https:\/\/galicianparts.com\/shop\/wp-json\/wp\/v2\/media?parent=10918"}],"wp:term":[{"taxonomy":"product_cat","embeddable":true,"href":"https:\/\/galicianparts.com\/shop\/wp-json\/wp\/v2\/product_cat?post=10918"},{"taxonomy":"product_tag","embeddable":true,"href":"https:\/\/galicianparts.com\/shop\/wp-json\/wp\/v2\/product_tag?post=10918"}],"curies":[{"name":"wp","href":"https:\/\/api.w.org\/{rel}","templated":true}]}}