{"id":10940,"date":"2021-01-07T14:42:27","date_gmt":"2021-01-07T12:42:27","guid":{"rendered":"https:\/\/galicianparts.com\/shop\/producto\/4140311-pinon-distribucion-m-1197-fiat-124-125-132-850-autobianchi-a111-primula\/"},"modified":"2021-01-07T14:45:46","modified_gmt":"2021-01-07T12:45:46","slug":"4140311-pinon-distribucion-m-1197-fiat-124-125-132-850-autobianchi-a111-primula","status":"publish","type":"product","link":"https:\/\/galicianparts.com\/shop\/producto\/4140311-pinon-distribucion-m-1197-fiat-124-125-132-850-autobianchi-a111-primula\/","title":{"rendered":"4140311 Pi\u00f1\u00f3n distribuci\u00f3n M.1197 Fiat 124 \/ 125 \/ 132 \/ 850 \/ Autobianchi A111 \/ Primula"},"content":{"rendered":"<p>Engranaje del \u00e1rbol de levas de la distribuci\u00f3n del motor 1197cc de:<br \/>\nAUTOBIANCHI PRIMULA 2\u00aa SERIE<br \/>\nAUTOBIANCHI A111<br \/>\nFIAT 124 (1966-&#8230;)<br \/>\nFIAT 125<br \/>\nFIAT 132<br \/>\nFIAT 850<br \/>\nLA PIEZA ES NUEVA Y ORIGINAL.<\/p>\n","protected":false},"excerpt":{"rendered":"<p>Engranaje del \u00e1rbol de levas de la distribuci\u00f3n del motor 1197cc de: AUTOBIANCHI PRIMULA 2\u00aa SERIE AUTOBIANCHI A111 FIAT 124 (1966-&#8230;) FIAT 125 FIAT 132 FIAT 850 LA PIEZA ES NUEVA Y ORIGINAL.<\/p>\n","protected":false},"featured_media":10941,"template":"","meta":{"_seopress_robots_primary_cat":"","_seopress_titles_title":"","_seopress_titles_desc":"","_seopress_robots_index":""},"product_cat":[65,66,71,76,62,25,20,236],"product_tag":[],"class_list":{"0":"post-10940","1":"product","2":"type-product","3":"status-publish","4":"has-post-thumbnail","6":"product_cat-recambios-fiat-124","7":"product_cat-recambios-fiat-125","8":"product_cat-recambios-fiat-132","9":"product_cat-recambios-fiat-850","10":"product_cat-recambios-autobianchi-a111","11":"product_cat-recambios-autobianchi","12":"product_cat-recambios-fiat","13":"product_cat-recambios-autobianchi-primula","15":"first","16":"instock","17":"taxable","18":"shipping-taxable","19":"purchasable","20":"product-type-simple"},"_links":{"self":[{"href":"https:\/\/galicianparts.com\/shop\/wp-json\/wp\/v2\/product\/10940"}],"collection":[{"href":"https:\/\/galicianparts.com\/shop\/wp-json\/wp\/v2\/product"}],"about":[{"href":"https:\/\/galicianparts.com\/shop\/wp-json\/wp\/v2\/types\/product"}],"wp:featuredmedia":[{"embeddable":true,"href":"https:\/\/galicianparts.com\/shop\/wp-json\/wp\/v2\/media\/10941"}],"wp:attachment":[{"href":"https:\/\/galicianparts.com\/shop\/wp-json\/wp\/v2\/media?parent=10940"}],"wp:term":[{"taxonomy":"product_cat","embeddable":true,"href":"https:\/\/galicianparts.com\/shop\/wp-json\/wp\/v2\/product_cat?post=10940"},{"taxonomy":"product_tag","embeddable":true,"href":"https:\/\/galicianparts.com\/shop\/wp-json\/wp\/v2\/product_tag?post=10940"}],"curies":[{"name":"wp","href":"https:\/\/api.w.org\/{rel}","templated":true}]}}