{"id":10962,"date":"2021-01-07T17:50:31","date_gmt":"2021-01-07T15:50:31","guid":{"rendered":"https:\/\/galicianparts.com\/shop\/producto\/26126159-reten-interior-buje-rueda-delantera-fiat-242-citroen-c35-original\/"},"modified":"2023-10-25T10:48:41","modified_gmt":"2023-10-25T08:48:41","slug":"26126159-reten-interior-buje-rueda-delantera-fiat-242-citroen-c35-original","status":"publish","type":"product","link":"https:\/\/galicianparts.com\/shop\/producto\/26126159-reten-interior-buje-rueda-delantera-fiat-242-citroen-c35-original\/","title":{"rendered":"26126159 Ret\u00e9n interior buje rueda delantera Fiat 242 \/Citro\u00ebn C35 ORIGINAL"},"content":{"rendered":"<p>Ret\u00e9n interior del buje de las ruedas delanteras de:<br \/>\nDi\u00e1metro interior: 68 mm<br \/>\nDi\u00e1metro exterior: 87 mm<br \/>\nAltura: 8 mm<\/p>\n<p>FIAT 242-Serie Furg\u00f3n<br \/>\n1.6, A\u00f1o 10.1975 &#8211; 07.1982, 1585 ccm, 63 cv<br \/>\n2.2 D, A\u00f1o 10.1975 &#8211; 08.1980, 2175 ccm, 63 cv<br \/>\n2.5 D, A\u00f1o 08.1980 &#8211; 07.1982, 2498 ccm, 71 cv<\/p>\n<p>CITRO\u00cbN C35<br \/>\n2.0, A\u00f1o 11.1973 &#8211; 01.1994, 1985 ccm, 88 cv<br \/>\n2.2 D, A\u00f1o 11.1973 &#8211; 01.1980, 2175 ccm, 61 cv<br \/>\n2.5 D, A\u00f1o 02.1980 &#8211; 01.1994, 2498 ccm, 69 cv<\/p>\n<p>LA PIEZA ES NUEVA Y ORIGINAL.<\/p>\n","protected":false},"excerpt":{"rendered":"<p>Ret\u00e9n interior del buje de las ruedas delanteras de: Di\u00e1metro interior: 68 mm Di\u00e1metro exterior: 87 mm Altura: 8 mm FIAT 242-Serie Furg\u00f3n 1.6, A\u00f1o 10.1975 &#8211; 07.1982, 1585 ccm, 63 cv 2.2 D, A\u00f1o 10.1975 &#8211; 08.1980, 2175 ccm, 63 cv 2.5 D, A\u00f1o 08.1980 &#8211; 07.1982, 2498 ccm, 71 cv CITRO\u00cbN C35 2.0, [&hellip;]<\/p>\n","protected":false},"featured_media":79649,"template":"","meta":{"_seopress_robots_primary_cat":"","_seopress_titles_title":"","_seopress_titles_desc":"","_seopress_robots_index":""},"product_cat":[73,133,23,20],"product_tag":[],"class_list":{"0":"post-10962","1":"product","2":"type-product","3":"status-publish","4":"has-post-thumbnail","6":"product_cat-recambios-fiat-242","7":"product_cat-recambios-citroen-c35","8":"product_cat-recambios-citroen","9":"product_cat-recambios-fiat","11":"first","12":"instock","13":"taxable","14":"shipping-taxable","15":"purchasable","16":"product-type-simple"},"_links":{"self":[{"href":"https:\/\/galicianparts.com\/shop\/wp-json\/wp\/v2\/product\/10962"}],"collection":[{"href":"https:\/\/galicianparts.com\/shop\/wp-json\/wp\/v2\/product"}],"about":[{"href":"https:\/\/galicianparts.com\/shop\/wp-json\/wp\/v2\/types\/product"}],"wp:featuredmedia":[{"embeddable":true,"href":"https:\/\/galicianparts.com\/shop\/wp-json\/wp\/v2\/media\/79649"}],"wp:attachment":[{"href":"https:\/\/galicianparts.com\/shop\/wp-json\/wp\/v2\/media?parent=10962"}],"wp:term":[{"taxonomy":"product_cat","embeddable":true,"href":"https:\/\/galicianparts.com\/shop\/wp-json\/wp\/v2\/product_cat?post=10962"},{"taxonomy":"product_tag","embeddable":true,"href":"https:\/\/galicianparts.com\/shop\/wp-json\/wp\/v2\/product_tag?post=10962"}],"curies":[{"name":"wp","href":"https:\/\/api.w.org\/{rel}","templated":true}]}}