{"id":11015,"date":"2021-01-08T12:12:19","date_gmt":"2021-01-08T10:12:19","guid":{"rendered":"https:\/\/galicianparts.com\/shop\/producto\/5894748-portalamparas-con-bombilla-verde-calefaccion-fiat-croma-1990-1996-nuevo-original\/"},"modified":"2024-03-06T23:07:43","modified_gmt":"2024-03-06T21:07:43","slug":"5894748-portalamparas-con-bombilla-verde-calefaccion-fiat-croma-1990-1996-nuevo-original","status":"publish","type":"product","link":"https:\/\/galicianparts.com\/shop\/producto\/5894748-portalamparas-con-bombilla-verde-calefaccion-fiat-croma-1990-1996-nuevo-original\/","title":{"rendered":"5894748 Portal\u00e1mparas con bombilla verde calefacci\u00f3n Fiat Croma (1990-1996) NUEVO ORIGINAL"},"content":{"rendered":"<p>Portal\u00e1mparas con bombilla de color verde del embellecedor de la calefacci\u00f3n de:<br \/>\nFIAT &#8211; MZ CROMA CHT FL.90 (1990-1992)<br \/>\nFIAT &#8211; MY CROMA IE-IE TB. FL.90 (1990-1996)<br \/>\nFIAT &#8211; NQ CROMA IE. 2500 V6 (1993-1996)<br \/>\nFIAT &#8211; MJ CROMA TURBO DS FL.90 (1990-1996)<\/p>\n<p>LA PIEZA ES NUEVA Y ORIGINAL.<\/p>\n","protected":false},"excerpt":{"rendered":"<p>Portal\u00e1mparas con bombilla de color verde del embellecedor de la calefacci\u00f3n de: FIAT &#8211; MZ CROMA CHT FL.90 (1990-1992) FIAT &#8211; MY CROMA IE-IE TB. FL.90 (1990-1996) FIAT &#8211; NQ CROMA IE. 2500 V6 (1993-1996) FIAT &#8211; MJ CROMA TURBO DS FL.90 (1990-1996) LA PIEZA ES NUEVA Y ORIGINAL.<\/p>\n","protected":false},"featured_media":11016,"template":"","meta":{"_seopress_robots_primary_cat":"","_seopress_titles_title":"","_seopress_titles_desc":"","_seopress_robots_index":""},"product_cat":[86,20],"product_tag":[],"class_list":{"0":"post-11015","1":"product","2":"type-product","3":"status-publish","4":"has-post-thumbnail","6":"product_cat-recambios-fiat-croma","7":"product_cat-recambios-fiat","9":"first","10":"outofstock","11":"taxable","12":"shipping-taxable","13":"purchasable","14":"product-type-simple"},"_links":{"self":[{"href":"https:\/\/galicianparts.com\/shop\/wp-json\/wp\/v2\/product\/11015"}],"collection":[{"href":"https:\/\/galicianparts.com\/shop\/wp-json\/wp\/v2\/product"}],"about":[{"href":"https:\/\/galicianparts.com\/shop\/wp-json\/wp\/v2\/types\/product"}],"wp:featuredmedia":[{"embeddable":true,"href":"https:\/\/galicianparts.com\/shop\/wp-json\/wp\/v2\/media\/11016"}],"wp:attachment":[{"href":"https:\/\/galicianparts.com\/shop\/wp-json\/wp\/v2\/media?parent=11015"}],"wp:term":[{"taxonomy":"product_cat","embeddable":true,"href":"https:\/\/galicianparts.com\/shop\/wp-json\/wp\/v2\/product_cat?post=11015"},{"taxonomy":"product_tag","embeddable":true,"href":"https:\/\/galicianparts.com\/shop\/wp-json\/wp\/v2\/product_tag?post=11015"}],"curies":[{"name":"wp","href":"https:\/\/api.w.org\/{rel}","templated":true}]}}