{"id":11067,"date":"2021-01-08T15:11:14","date_gmt":"2021-01-08T13:11:14","guid":{"rendered":"https:\/\/galicianparts.com\/shop\/producto\/4371572-filtro-de-aire-fiat-x1-9-131-panda-ritmo-uno-seat-lancia-original\/"},"modified":"2025-11-20T11:09:18","modified_gmt":"2025-11-20T09:09:18","slug":"4371572-filtro-de-aire-fiat-x1-9-131-panda-ritmo-uno-seat-lancia-original","status":"publish","type":"product","link":"https:\/\/galicianparts.com\/shop\/producto\/4371572-filtro-de-aire-fiat-x1-9-131-panda-ritmo-uno-seat-lancia-original\/","title":{"rendered":"4371572 Filtro aire Fiat X1\/9 \/ 131 \/Panda \/Ritmo \/Uno \/Seat Panda \/Ibiza ORIGINAL"},"content":{"rendered":"<p>71736143 \/ 4434951 Filtro de aire de:<br \/>\nAltura: 55 mm<br \/>\nDi\u00e1metro interior: 182 mm<br \/>\nDi\u00e1metro: 232 mm<\/p>\n<p>FIAT Ritmo I Cabrio<br \/>\n1.5 80, A\u00f1o 03.1983 &#8211; 12.1986, 1498 ccm, 82 cv<br \/>\nFIAT Ritmo I Hatchback (138)<br \/>\n1.0, A\u00f1o 09.1978 &#8211; 09.1982, 1049 ccm, 60 cv<br \/>\n1.1, A\u00f1o 10.1982 &#8211; 12.1987, 1116 ccm, 55 cv<br \/>\n1.3, A\u00f1o 01.1978 &#8211; 08.1985, 1301 ccm, 65 cv<br \/>\n1.3, A\u00f1o 01.1983 &#8211; 04.1985, 1301 ccm, 68 cv<br \/>\n1.3, A\u00f1o 01.1981 &#8211; 09.1982, 1301 ccm, 75 cv<br \/>\n1.5, A\u00f1o 01.1978 &#8211; 12.1988, 1498 ccm, 75 cv<br \/>\nFIAT 131 Berlina (131)<br \/>\n1.3 Mirafiori, A\u00f1o 10.1974 &#8211; 09.1981, 1297 ccm, 54 cv<br \/>\n1.3 Mirafiori (131A), A\u00f1o 10.1974 &#8211; 12.1982, 1297 ccm, 65 cv<br \/>\n1.3 Super Mirafiori, A\u00f1o 03.1978 &#8211; 12.1980, 1297 ccm, 78 cv<br \/>\n1.4 Mirafiori, A\u00f1o 11.1980 &#8211; 01.1984, 1367 ccm, 70 cv<br \/>\n1.4 Super Mirafiori, A\u00f1o 04.1981 &#8211; 12.1983, 1367 ccm, 75 cv<br \/>\n1.6 (131A1), A\u00f1o 10.1974 &#8211; 09.1981, 1585 ccm, 75 cv<br \/>\n1.6 Super, A\u00f1o 03.1978 &#8211; 01.1984, 1585 ccm, 97 cv<br \/>\n1.6 Super Mirafiori, A\u00f1o 03.1979 &#8211; 03.1982, 1585 ccm, 98 cv<br \/>\n2.0 Abarth Rally, A\u00f1o 01.1976 &#8211; 07.1980, 1995 ccm, 140 cv<br \/>\n2.0 Racing, A\u00f1o 06.1978 &#8211; 12.1981, 1995 ccm, 115 cv<br \/>\n2.0 Super, A\u00f1o 01.1981 &#8211; 12.1984, 1995 ccm, 113 cv<br \/>\nFIAT 131 Familiare \/ Panorama (131)<br \/>\n1.3 Mirafiori (131AF), A\u00f1o 03.1975 &#8211; 12.1978, 1297 ccm, 54 cv<br \/>\n1.3 Mirafiori, A\u00f1o 03.1975 &#8211; 03.1982, 1297 ccm, 65 cv<br \/>\n1.6, A\u00f1o 11.1980 &#8211; 12.1984, 1585 ccm, 85 cv<br \/>\n1.6 CL, A\u00f1o 03.1975 &#8211; 12.1978, 1585 ccm, 75 cv<br \/>\n1.6 Super, A\u00f1o 12.1979 &#8211; 12.1981, 1585 ccm, 97 cv<br \/>\n2.0 Super, A\u00f1o 01.1981 &#8211; 12.1984, 1995 ccm, 113 cv<br \/>\nFIAT Panda I Hatchback (141)<br \/>\n750, A\u00f1o 01.1986 &#8211; 10.2003, 770 ccm, 34 cv<br \/>\n800, A\u00f1o 02.1981 &#8211; 12.1985, 843 ccm, 34 cv<br \/>\n0.9, A\u00f1o 04.1992 &#8211; 12.1996, 899 ccm, 40 cv<br \/>\n0.9, A\u00f1o 10.1980 &#8211; 06.1994, 903 ccm, 45 cv<br \/>\n1.0, A\u00f1o 09.1982 &#8211; 08.1983, 965 ccm, 48 cv<br \/>\n1.0 4&#215;4, A\u00f1o 09.1983 &#8211; 12.1986, 965 ccm, 48 cv<br \/>\nFIAT Fiorino I (147)<br \/>\n1.0, A\u00f1o 01.1980 &#8211; 12.1987, 1049 ccm, 50 cv<br \/>\n1.0, A\u00f1o 12.1986 &#8211; 04.1988, 1049 ccm, 56 cv<br \/>\n1.1 60, A\u00f1o 11.1986 &#8211; 04.1988, 1116 ccm, 55 cv<br \/>\nFIAT Uno Hatchback (146)<br \/>\n45 0.9, A\u00f1o 03.1983 &#8211; 09.1992, 903 ccm, 45 cv<br \/>\n0.9 45, A\u00f1o 02.1984 &#8211; 12.1988, 903 ccm, 46 cv<br \/>\n1.1 55, A\u00f1o 01.1983 &#8211; 08.1989, 1116 ccm, 54 cv<br \/>\n1.1 60, A\u00f1o 05.1985 &#8211; 08.1989, 1116 ccm, 58 cv<br \/>\nFIAT 242-Serie<br \/>\n1.6, A\u00f1o 10.1975 &#8211; 07.1982, 1585 ccm, 63 cv<br \/>\n1.9, A\u00f1o 10.1975 &#8211; 07.1982, 1995 ccm, 69 cv<br \/>\n2.2 D, A\u00f1o 10.1975 &#8211; 08.1980, 2175 ccm, 63 cv<br \/>\n2.5 D, A\u00f1o 08.1980 &#8211; 07.1982, 2498 ccm, 71 cv<\/p>\n<p>SEAT Marbella (28)<br \/>\n0.8, A\u00f1o 08.1986 &#8211; 12.1993, 843 ccm, 34 cv<br \/>\n0.9, A\u00f1o 01.1987 &#8211; 12.1993, 903 ccm, 40 cv<br \/>\n0.9, A\u00f1o 07.1997 &#8211; 10.1998, 899 ccm, 44 cv<br \/>\n0.9 Cat, A\u00f1o 01.1990 &#8211; 11.1996, 903 ccm, 40 cv<br \/>\n0.9 Cat, A\u00f1o 11.1996 &#8211; 10.1998, 899 ccm, 41 cv<br \/>\nSEAT Terra (24)<br \/>\n0.9, A\u00f1o 02.1987 &#8211; 12.1996, 903 ccm, 40 cv<br \/>\n0.9 Cat, A\u00f1o 02.1992 &#8211; 12.1994, 903 ccm, 40 cv<br \/>\nSEAT Ibiza I Hatchback (021A)<br \/>\n0.9, A\u00f1o 08.1990 &#8211; 05.1993, 903 ccm, 40 cv<br \/>\n0.9, A\u00f1o 08.1986 &#8211; 05.1993, 903 ccm, 44 cv<br \/>\n1.2, A\u00f1o 11.1984 &#8211; 12.1993, 1193 ccm, 60 cv<br \/>\n1.2, A\u00f1o 11.1984 &#8211; 12.1993, 1193 ccm, 63 cv<br \/>\nSEAT Panda (141A)<br \/>\n0.9, A\u00f1o 10.1980 &#8211; 12.1986, 903 ccm, 42 cv<\/p>\n<p>LA PIEZA ES NUEVA Y ORIGINAL.<\/p>\n","protected":false},"excerpt":{"rendered":"<p>71736143 \/ 4434951 Filtro de aire de: Altura: 55 mm Di\u00e1metro interior: 182 mm Di\u00e1metro: 232 mm FIAT Ritmo I Cabrio 1.5 80, A\u00f1o 03.1983 &#8211; 12.1986, 1498 ccm, 82 cv FIAT Ritmo I Hatchback (138) 1.0, A\u00f1o 09.1978 &#8211; 09.1982, 1049 ccm, 60 cv 1.1, A\u00f1o 10.1982 &#8211; 12.1987, 1116 ccm, 55 cv 1.3, [&hellip;]<\/p>\n","protected":false},"featured_media":83784,"template":"","meta":{"_seopress_robots_primary_cat":"","_seopress_titles_title":"","_seopress_titles_desc":"","_seopress_robots_index":""},"product_cat":[70,73,20,91,162,207,99,237,103,26,233,114],"product_tag":[],"class_list":{"0":"post-11067","1":"product","2":"type-product","3":"status-publish","4":"has-post-thumbnail","6":"product_cat-recambios-fiat-131","7":"product_cat-recambios-fiat-242","8":"product_cat-recambios-fiat","9":"product_cat-recambios-fiat-fiorino","10":"product_cat-recambios-seat-ibiza","11":"product_cat-recambios-seat-marbella","12":"product_cat-recambios-fiat-panda","13":"product_cat-recambios-seat-panda","14":"product_cat-recambios-fiat-ritmo","15":"product_cat-recambios-seat","16":"product_cat-recambios-seat-terra","17":"product_cat-recambios-fiat-uno","19":"first","20":"instock","21":"taxable","22":"shipping-taxable","23":"purchasable","24":"product-type-simple"},"_links":{"self":[{"href":"https:\/\/galicianparts.com\/shop\/wp-json\/wp\/v2\/product\/11067"}],"collection":[{"href":"https:\/\/galicianparts.com\/shop\/wp-json\/wp\/v2\/product"}],"about":[{"href":"https:\/\/galicianparts.com\/shop\/wp-json\/wp\/v2\/types\/product"}],"wp:featuredmedia":[{"embeddable":true,"href":"https:\/\/galicianparts.com\/shop\/wp-json\/wp\/v2\/media\/83784"}],"wp:attachment":[{"href":"https:\/\/galicianparts.com\/shop\/wp-json\/wp\/v2\/media?parent=11067"}],"wp:term":[{"taxonomy":"product_cat","embeddable":true,"href":"https:\/\/galicianparts.com\/shop\/wp-json\/wp\/v2\/product_cat?post=11067"},{"taxonomy":"product_tag","embeddable":true,"href":"https:\/\/galicianparts.com\/shop\/wp-json\/wp\/v2\/product_tag?post=11067"}],"curies":[{"name":"wp","href":"https:\/\/api.w.org\/{rel}","templated":true}]}}