{"id":11721,"date":"2021-01-20T20:32:30","date_gmt":"2021-01-20T18:32:30","guid":{"rendered":"https:\/\/galicianparts.com\/shop\/producto\/712736060-boton-regulacion-cinturon-fiat-coupe-fiat-punto-gt-nuevo-original\/"},"modified":"2024-07-08T10:18:36","modified_gmt":"2024-07-08T08:18:36","slug":"712736060-boton-regulacion-cinturon-fiat-coupe-fiat-punto-gt-nuevo-original","status":"publish","type":"product","link":"https:\/\/galicianparts.com\/shop\/producto\/712736060-boton-regulacion-cinturon-fiat-coupe-fiat-punto-gt-nuevo-original\/","title":{"rendered":"712736060 Bot\u00f3n regulaci\u00f3n cintur\u00f3n Fiat Coupe \/ Fiat Punto GT NUEVO ORIGINAL"},"content":{"rendered":"<p>Bot\u00f3n color gris, para regular la altura del cintur\u00f3n de seguridad de:<br \/>\nFIAT &#8211; PC COUPE&#8217; (1994-1996)<br \/>\nFIAT &#8211; PX COUPE&#8217; GAMMA&#8217;96 (1996-2000)<br \/>\nFIAT &#8211; NV PUNTO 55-60-75-90 (1993-1997)<br \/>\nFIAT &#8211; 1A PUNTO BZ. GAMMA &#8217;97 (1997-1999)<br \/>\nFIAT &#8211; NX PUNTO D-TD (1993-1997)<br \/>\nFIAT &#8211; NW PUNTO GT (1993-1997)<br \/>\nFIAT &#8211; 1B PUNTO TB.DS. GAMMA&#8217;97 (1997-1999)<\/p>\n<p>LA PIEZA ES NUEVA Y ORIGINAL.<\/p>\n","protected":false},"excerpt":{"rendered":"<p>Bot\u00f3n color gris, para regular la altura del cintur\u00f3n de seguridad de: FIAT &#8211; PC COUPE&#8217; (1994-1996) FIAT &#8211; PX COUPE&#8217; GAMMA&#8217;96 (1996-2000) FIAT &#8211; NV PUNTO 55-60-75-90 (1993-1997) FIAT &#8211; 1A PUNTO BZ. GAMMA &#8217;97 (1997-1999) FIAT &#8211; NX PUNTO D-TD (1993-1997) FIAT &#8211; NW PUNTO GT (1993-1997) FIAT &#8211; 1B PUNTO TB.DS. GAMMA&#8217;97 [&hellip;]<\/p>\n","protected":false},"featured_media":11722,"template":"","meta":{"_seopress_robots_primary_cat":"","_seopress_titles_title":"","_seopress_titles_desc":"","_seopress_robots_index":""},"product_cat":[85,20,101],"product_tag":[],"class_list":{"0":"post-11721","1":"product","2":"type-product","3":"status-publish","4":"has-post-thumbnail","6":"product_cat-recambios-fiat-coupe","7":"product_cat-recambios-fiat","8":"product_cat-recambios-fiat-punto","10":"first","11":"outofstock","12":"taxable","13":"shipping-taxable","14":"purchasable","15":"product-type-simple"},"_links":{"self":[{"href":"https:\/\/galicianparts.com\/shop\/wp-json\/wp\/v2\/product\/11721"}],"collection":[{"href":"https:\/\/galicianparts.com\/shop\/wp-json\/wp\/v2\/product"}],"about":[{"href":"https:\/\/galicianparts.com\/shop\/wp-json\/wp\/v2\/types\/product"}],"wp:featuredmedia":[{"embeddable":true,"href":"https:\/\/galicianparts.com\/shop\/wp-json\/wp\/v2\/media\/11722"}],"wp:attachment":[{"href":"https:\/\/galicianparts.com\/shop\/wp-json\/wp\/v2\/media?parent=11721"}],"wp:term":[{"taxonomy":"product_cat","embeddable":true,"href":"https:\/\/galicianparts.com\/shop\/wp-json\/wp\/v2\/product_cat?post=11721"},{"taxonomy":"product_tag","embeddable":true,"href":"https:\/\/galicianparts.com\/shop\/wp-json\/wp\/v2\/product_tag?post=11721"}],"curies":[{"name":"wp","href":"https:\/\/api.w.org\/{rel}","templated":true}]}}