{"id":11831,"date":"2021-01-22T14:14:58","date_gmt":"2021-01-22T12:14:58","guid":{"rendered":"https:\/\/galicianparts.com\/shop\/producto\/4429871-cable-de-embrague-fiat-132-argenta-nuevo-original\/"},"modified":"2024-07-31T09:49:40","modified_gmt":"2024-07-31T07:49:40","slug":"4429871-cable-de-embrague-fiat-132-argenta-nuevo-original","status":"publish","type":"product","link":"https:\/\/galicianparts.com\/shop\/producto\/4429871-cable-de-embrague-fiat-132-argenta-nuevo-original\/","title":{"rendered":"4429871 Cable embrague L 1160mm Fiat 132 \/Argenta NUEVO ORIGINAL"},"content":{"rendered":"<p>Cable del embrague de:<br \/>\nLargo: 1160 mm<\/p>\n<p>FIAT Argenta (132)<br \/>\n2, A\u00f1o 07.1978 &#8211; 12.1985, 1995 ccm, 113 cv<br \/>\n2.0 i.e., A\u00f1o 07.1981 &#8211; 07.1986, 1995 ccm, 122 cv<br \/>\n2.5 Di\u00e9sel, A\u00f1o 07.1981 &#8211; 12.1985, 2445 ccm, 72 cv<br \/>\nFIAT 132 (132_)<br \/>\n1.6, A\u00f1o 03.1977 &#8211; 12.1981, 1585 ccm, 90 cv<br \/>\n2.0, A\u00f1o 01.1976 &#8211; 07.1981, 1995 ccm, 113 cv<br \/>\n2.0 i.e., A\u00f1o 01.1980 &#8211; 12.1982, 1995 ccm, 122 cv<br \/>\n2.5 D, A\u00f1o 07.1978 &#8211; 07.1982, 2445 ccm, 72 cv<\/p>\n<p>LA PIEZA ES NUEVA Y ORIGINAL.<\/p>\n","protected":false},"excerpt":{"rendered":"<p>Cable del embrague de: Largo: 1160 mm FIAT Argenta (132) 2, A\u00f1o 07.1978 &#8211; 12.1985, 1995 ccm, 113 cv 2.0 i.e., A\u00f1o 07.1981 &#8211; 07.1986, 1995 ccm, 122 cv 2.5 Di\u00e9sel, A\u00f1o 07.1981 &#8211; 12.1985, 2445 ccm, 72 cv FIAT 132 (132_) 1.6, A\u00f1o 03.1977 &#8211; 12.1981, 1585 ccm, 90 cv 2.0, A\u00f1o 01.1976 &#8211; [&hellip;]<\/p>\n","protected":false},"featured_media":11832,"template":"","meta":{"_seopress_robots_primary_cat":"","_seopress_titles_title":"","_seopress_titles_desc":"","_seopress_robots_index":""},"product_cat":[71,79,20],"product_tag":[],"class_list":{"0":"post-11831","1":"product","2":"type-product","3":"status-publish","4":"has-post-thumbnail","6":"product_cat-recambios-fiat-132","7":"product_cat-recambios-fiat-argenta","8":"product_cat-recambios-fiat","10":"first","11":"instock","12":"taxable","13":"shipping-taxable","14":"purchasable","15":"product-type-simple"},"_links":{"self":[{"href":"https:\/\/galicianparts.com\/shop\/wp-json\/wp\/v2\/product\/11831"}],"collection":[{"href":"https:\/\/galicianparts.com\/shop\/wp-json\/wp\/v2\/product"}],"about":[{"href":"https:\/\/galicianparts.com\/shop\/wp-json\/wp\/v2\/types\/product"}],"wp:featuredmedia":[{"embeddable":true,"href":"https:\/\/galicianparts.com\/shop\/wp-json\/wp\/v2\/media\/11832"}],"wp:attachment":[{"href":"https:\/\/galicianparts.com\/shop\/wp-json\/wp\/v2\/media?parent=11831"}],"wp:term":[{"taxonomy":"product_cat","embeddable":true,"href":"https:\/\/galicianparts.com\/shop\/wp-json\/wp\/v2\/product_cat?post=11831"},{"taxonomy":"product_tag","embeddable":true,"href":"https:\/\/galicianparts.com\/shop\/wp-json\/wp\/v2\/product_tag?post=11831"}],"curies":[{"name":"wp","href":"https:\/\/api.w.org\/{rel}","templated":true}]}}