{"id":12065,"date":"2021-01-27T14:58:44","date_gmt":"2021-01-27T12:58:44","guid":{"rendered":"https:\/\/galicianparts.com\/shop\/producto\/7586916-casquillo-varillaje-fiat-lancia-alfa-romeo-citroen-peugeot-nuevo-original\/"},"modified":"2024-06-04T13:30:53","modified_gmt":"2024-06-04T11:30:53","slug":"7586916-casquillo-varillaje-fiat-lancia-alfa-romeo-citroen-peugeot-nuevo-original","status":"publish","type":"product","link":"https:\/\/galicianparts.com\/shop\/producto\/7586916-casquillo-varillaje-fiat-lancia-alfa-romeo-citroen-peugeot-nuevo-original\/","title":{"rendered":"7586916 Casquillo varillaje Fiat \/Lancia \/Alfa Romeo \/Citro\u00ebn \/Peugeot NUEVO ORIGINAL"},"content":{"rendered":"<p>Casquillo, bul\u00f3n inferior de la palanca de cambios del varillaje de:<br \/>\nLargo: 35 mm<br \/>\nDi\u00e1metro exterior: 12 mm<br \/>\nDi\u00e1metro interior: 6 mm<\/p>\n<p>FIAT &#8211; PK BARCHETTA (1995-2004)<br \/>\nFIAT &#8211; 1V BRAVA BZ\/DS (1995-1998)<br \/>\nFIAT &#8211; 1U BRAVO BZ\/DS (1995-1998)<br \/>\nFIAT &#8211; 2B DUNA BENZINA\/DIESEL (1986-1990)<br \/>\nFIAT &#8211; XP ELBA CSL (1991-1996)<br \/>\nFIAT &#8211; PT MAREA BENZINA (1996-1999)<br \/>\nFIAT &#8211; 1S PANDA 4X2 MAQ 91 (1991-2003)<br \/>\nFIAT &#8211; LV PANDA 4X2 RL\/86(1985-1991)<br \/>\nFIAT &#8211; 1T PANDA 4X4 MAQ 91 (1991-2003)<br \/>\nFIAT &#8211; 2P PANDA DS (1986-1993)<br \/>\nFIAT &#8211; NV PUNTO 55-60-75-90 (1993-1997)<br \/>\nFIAT &#8211; 1A PUNTO BZ. GAMMA &#8217;97 (1997-1999)<br \/>\nFIAT &#8211; PF PUNTO CABRIO (1994-1997)<br \/>\nFIAT &#8211; 1C PUNTO CABRIO GAMMA&#8217;97 (1997-2000)<br \/>\nFIAT &#8211; NX PUNTO D-TD (1993-1997)<br \/>\nFIAT &#8211; NW PUNTO GT (1993-1997)<br \/>\nFIAT &#8211; 1B PUNTO TB.DS. GAMMA&#8217;97 (1997-1999)<br \/>\nFIAT &#8211; ML UNO CS (1988-1990)<br \/>\nFIAT &#8211; MU UNO DIESEL R\/89 (1989-1995)<br \/>\nFIAT &#8211; 1D UNO MONDO (1995-2010)<br \/>\nFIAT &#8211; MS UNO R\/89 1.1-1370-1.5 (1989-1995)<br \/>\nFIAT &#8211; MR UNO R\/89 900-1.0-1.1 (1989-1995)<br \/>\nALFA ROMEO &#8211; U1 145 BZ\/DS (1994-1996)<br \/>\nALFA ROMEO &#8211; U2 146 BZ\/DS (1995-1996)<br \/>\nLANCIA &#8211; SU Y (1995-2000)<br \/>\nLANCIA &#8211; ZL Y10 FL.89 (1988-1992)<br \/>\nLANCIA &#8211; ZM Y10 R.92 (1992-1995)<br \/>\nFIAT PROFESSIONAL &#8211; PD DUCATO &#8217;94 BENZINA (1994-2002)<br \/>\nFIAT PROFESSIONAL &#8211; ND DUCATO 4X4 R.90 (1990-1994)<br \/>\nFIAT PROFESSIONAL &#8211; PE DUCATO&#8217;94 DIESEL (1994-2002)<br \/>\nFIAT PROFESSIONAL &#8211; 2M FIORINO (1991-1993)<br \/>\nFIAT PROFESSIONAL &#8211; 2N FIORINO RL (1993-2000)<br \/>\nFIAT PROFESSIONAL &#8211; NB NUOVO DUCATO BZ R.90 (1990-1994)<br \/>\nFIAT PROFESSIONAL &#8211; NA NUOVO DUCATO DS.R.90 (1990-1994)<br \/>\nFIAT PROFESSIONAL &#8211; NC TALENTO R.90 (1990-1994)<br \/>\nCITROEN C25<br \/>\nCITROEN JUMPER<br \/>\nPEUGEOT J5<br \/>\nPEUGEOT BOXER<\/p>\n<p>LA PIEZA ES NUEVA Y ORIGINAL.<\/p>\n","protected":false},"excerpt":{"rendered":"<p>Casquillo, bul\u00f3n inferior de la palanca de cambios del varillaje de: Largo: 35 mm Di\u00e1metro exterior: 12 mm Di\u00e1metro interior: 6 mm FIAT &#8211; PK BARCHETTA (1995-2004) FIAT &#8211; 1V BRAVA BZ\/DS (1995-1998) FIAT &#8211; 1U BRAVO BZ\/DS (1995-1998) FIAT &#8211; 2B DUNA BENZINA\/DIESEL (1986-1990) FIAT &#8211; XP ELBA CSL (1991-1996) FIAT &#8211; PT MAREA [&hellip;]<\/p>\n","protected":false},"featured_media":12068,"template":"","meta":{"_seopress_robots_primary_cat":"","_seopress_titles_title":"","_seopress_titles_desc":"","_seopress_robots_index":""},"product_cat":[45,46,16,80,155,81,82,132,23,88,89,90,20,91,157,137,21,95,99,24,101,114,126,127],"product_tag":[],"class_list":{"0":"post-12065","1":"product","2":"type-product","3":"status-publish","4":"has-post-thumbnail","6":"product_cat-recambios-alfa-romeo-145","7":"product_cat-recambios-alfa-romeo-146","8":"product_cat-recambios-alfa-romeo","9":"product_cat-recambios-fiat-barchetta","10":"product_cat-recambios-peugeot-boxer","11":"product_cat-recambios-fiat-brava","12":"product_cat-recambios-fiat-bravo","13":"product_cat-recambios-citroen-c25","14":"product_cat-recambios-citroen","15":"product_cat-recambios-fiat-ducato","16":"product_cat-recambios-fiat-duna","17":"product_cat-recambios-fiat-elba","18":"product_cat-recambios-fiat","19":"product_cat-recambios-fiat-fiorino","20":"product_cat-recambios-peugeot-j5","21":"product_cat-recambios-citroen-jumper","22":"product_cat-recambios-lancia","23":"product_cat-recambios-fiat-marea","24":"product_cat-recambios-fiat-panda","25":"product_cat-recambios-peugeot","26":"product_cat-recambios-fiat-punto","27":"product_cat-recambios-fiat-uno","28":"product_cat-recambios-lancia-y10","29":"product_cat-recambios-lancia-ypsilon","31":"first","32":"instock","33":"taxable","34":"shipping-taxable","35":"purchasable","36":"product-type-simple"},"_links":{"self":[{"href":"https:\/\/galicianparts.com\/shop\/wp-json\/wp\/v2\/product\/12065"}],"collection":[{"href":"https:\/\/galicianparts.com\/shop\/wp-json\/wp\/v2\/product"}],"about":[{"href":"https:\/\/galicianparts.com\/shop\/wp-json\/wp\/v2\/types\/product"}],"wp:featuredmedia":[{"embeddable":true,"href":"https:\/\/galicianparts.com\/shop\/wp-json\/wp\/v2\/media\/12068"}],"wp:attachment":[{"href":"https:\/\/galicianparts.com\/shop\/wp-json\/wp\/v2\/media?parent=12065"}],"wp:term":[{"taxonomy":"product_cat","embeddable":true,"href":"https:\/\/galicianparts.com\/shop\/wp-json\/wp\/v2\/product_cat?post=12065"},{"taxonomy":"product_tag","embeddable":true,"href":"https:\/\/galicianparts.com\/shop\/wp-json\/wp\/v2\/product_tag?post=12065"}],"curies":[{"name":"wp","href":"https:\/\/api.w.org\/{rel}","templated":true}]}}