{"id":12305,"date":"2021-01-29T13:43:17","date_gmt":"2021-01-29T11:43:17","guid":{"rendered":"https:\/\/galicianparts.com\/shop\/producto\/82424480-valvula-antirretorno-deposito-combustible-lancia-delta-evoluzione-nueva-original\/"},"modified":"2021-08-01T15:58:01","modified_gmt":"2021-08-01T13:58:01","slug":"82424480-valvula-antirretorno-deposito-combustible-lancia-delta-evoluzione-nueva-original","status":"publish","type":"product","link":"https:\/\/galicianparts.com\/shop\/producto\/82424480-valvula-antirretorno-deposito-combustible-lancia-delta-evoluzione-nueva-original\/","title":{"rendered":"82424480 V\u00e1lvula antirretorno dep\u00f3sito combustible Lancia Delta Evoluzione NUEVA ORIGINAL"},"content":{"rendered":"<p>V\u00e1lvula antirretorno del dep\u00f3sito de combustible de:<br \/>\nLANCIA &#8211; RT DELTA 4WD INTEGRALE (1986-1991)<br \/>\nLANCIA &#8211; SA DELTA EVOLUZIONE (1991-1994)<br \/>\nLANCIA &#8211; TB DELTA R.86 BZ\/DS (1986-1992)<\/p>\n<p>LA PIEZA ES NUEVA Y ORIGINAL.<\/p>\n","protected":false},"excerpt":{"rendered":"<p>V\u00e1lvula antirretorno del dep\u00f3sito de combustible de: LANCIA &#8211; RT DELTA 4WD INTEGRALE (1986-1991) LANCIA &#8211; SA DELTA EVOLUZIONE (1991-1994) LANCIA &#8211; TB DELTA R.86 BZ\/DS (1986-1992) LA PIEZA ES NUEVA Y ORIGINAL.<\/p>\n","protected":false},"featured_media":12306,"template":"","meta":{"_seopress_robots_primary_cat":"","_seopress_titles_title":"","_seopress_titles_desc":"","_seopress_robots_index":""},"product_cat":[118,21],"product_tag":[],"class_list":{"0":"post-12305","1":"product","2":"type-product","3":"status-publish","4":"has-post-thumbnail","6":"product_cat-recambios-lancia-delta","7":"product_cat-recambios-lancia","9":"first","10":"outofstock","11":"taxable","12":"shipping-taxable","13":"purchasable","14":"product-type-simple"},"_links":{"self":[{"href":"https:\/\/galicianparts.com\/shop\/wp-json\/wp\/v2\/product\/12305"}],"collection":[{"href":"https:\/\/galicianparts.com\/shop\/wp-json\/wp\/v2\/product"}],"about":[{"href":"https:\/\/galicianparts.com\/shop\/wp-json\/wp\/v2\/types\/product"}],"wp:featuredmedia":[{"embeddable":true,"href":"https:\/\/galicianparts.com\/shop\/wp-json\/wp\/v2\/media\/12306"}],"wp:attachment":[{"href":"https:\/\/galicianparts.com\/shop\/wp-json\/wp\/v2\/media?parent=12305"}],"wp:term":[{"taxonomy":"product_cat","embeddable":true,"href":"https:\/\/galicianparts.com\/shop\/wp-json\/wp\/v2\/product_cat?post=12305"},{"taxonomy":"product_tag","embeddable":true,"href":"https:\/\/galicianparts.com\/shop\/wp-json\/wp\/v2\/product_tag?post=12305"}],"curies":[{"name":"wp","href":"https:\/\/api.w.org\/{rel}","templated":true}]}}