{"id":12324,"date":"2021-01-29T14:24:19","date_gmt":"2021-01-29T12:24:19","guid":{"rendered":"https:\/\/galicianparts.com\/shop\/producto\/5992415-valvula-de-la-inyeccion-lancia-dleta-1-6-r-86-1986-1992-nueva-original\/"},"modified":"2026-01-05T15:56:14","modified_gmt":"2026-01-05T13:56:14","slug":"5992415-valvula-de-la-inyeccion-lancia-dleta-1-6-r-86-1986-1992-nueva-original","status":"publish","type":"product","link":"https:\/\/galicianparts.com\/shop\/producto\/5992415-valvula-de-la-inyeccion-lancia-dleta-1-6-r-86-1986-1992-nueva-original\/","title":{"rendered":"5992415 V\u00e1lvula de la admisi\u00f3n Lancia Delta 1.6 R.86 (1986-1992) NUEVA ORIGINAL"},"content":{"rendered":"<p>V\u00e1lvula del cuerpo de la mariposa de Lancia Delta 1600cc R.86 (1986-1992)<\/p>\n<p>LA PIEZA ES NUEVA Y ORIGINAL.<\/p>\n","protected":false},"excerpt":{"rendered":"<p>V\u00e1lvula del cuerpo de la mariposa de Lancia Delta 1600cc R.86 (1986-1992) LA PIEZA ES NUEVA Y ORIGINAL.<\/p>\n","protected":false},"featured_media":12325,"template":"","meta":{"_seopress_robots_primary_cat":"","_seopress_titles_title":"","_seopress_titles_desc":"","_seopress_robots_index":""},"product_cat":[118,21],"product_tag":[],"class_list":{"0":"post-12324","1":"product","2":"type-product","3":"status-publish","4":"has-post-thumbnail","6":"product_cat-recambios-lancia-delta","7":"product_cat-recambios-lancia","9":"first","10":"outofstock","11":"taxable","12":"shipping-taxable","13":"purchasable","14":"product-type-simple"},"_links":{"self":[{"href":"https:\/\/galicianparts.com\/shop\/wp-json\/wp\/v2\/product\/12324"}],"collection":[{"href":"https:\/\/galicianparts.com\/shop\/wp-json\/wp\/v2\/product"}],"about":[{"href":"https:\/\/galicianparts.com\/shop\/wp-json\/wp\/v2\/types\/product"}],"wp:featuredmedia":[{"embeddable":true,"href":"https:\/\/galicianparts.com\/shop\/wp-json\/wp\/v2\/media\/12325"}],"wp:attachment":[{"href":"https:\/\/galicianparts.com\/shop\/wp-json\/wp\/v2\/media?parent=12324"}],"wp:term":[{"taxonomy":"product_cat","embeddable":true,"href":"https:\/\/galicianparts.com\/shop\/wp-json\/wp\/v2\/product_cat?post=12324"},{"taxonomy":"product_tag","embeddable":true,"href":"https:\/\/galicianparts.com\/shop\/wp-json\/wp\/v2\/product_tag?post=12324"}],"curies":[{"name":"wp","href":"https:\/\/api.w.org\/{rel}","templated":true}]}}