{"id":12449,"date":"2021-02-01T17:44:40","date_gmt":"2021-02-01T15:44:40","guid":{"rendered":"https:\/\/galicianparts.com\/shop\/producto\/46559975-manguito-bomba-servodireccion-fiat-multipla-1998-2010-nuevo-original\/"},"modified":"2025-10-01T20:42:18","modified_gmt":"2025-10-01T18:42:18","slug":"46559975-manguito-bomba-servodireccion-fiat-multipla-1998-2010-nuevo-original","status":"publish","type":"product","link":"https:\/\/galicianparts.com\/shop\/producto\/46559975-manguito-bomba-servodireccion-fiat-multipla-1998-2010-nuevo-original\/","title":{"rendered":"46559975 Manguito bomba servodirecci\u00f3n Fiat Multipla (1998-2010) NUEVO ORIGINAL"},"content":{"rendered":"<p>Tubo, latiguillo de dep\u00f3sito de l\u00edquido de direcci\u00f3n  a la bomba de direcci\u00f3n asistida de FIAT &#8211; 1F MULTIPLA (1998-2010)<\/p>\n<p>LA PIEZA ES NUEVA Y ORIGINAL.<\/p>\n","protected":false},"excerpt":{"rendered":"<p>Tubo, latiguillo de dep\u00f3sito de l\u00edquido de direcci\u00f3n a la bomba de direcci\u00f3n asistida de FIAT &#8211; 1F MULTIPLA (1998-2010) LA PIEZA ES NUEVA Y ORIGINAL.<\/p>\n","protected":false},"featured_media":12450,"template":"","meta":{"_seopress_robots_primary_cat":"","_seopress_titles_title":"","_seopress_titles_desc":"","_seopress_robots_index":""},"product_cat":[20,96],"product_tag":[],"class_list":{"0":"post-12449","1":"product","2":"type-product","3":"status-publish","4":"has-post-thumbnail","6":"product_cat-recambios-fiat","7":"product_cat-recambios-fiat-multipla","9":"first","10":"instock","11":"taxable","12":"shipping-taxable","13":"purchasable","14":"product-type-simple"},"_links":{"self":[{"href":"https:\/\/galicianparts.com\/shop\/wp-json\/wp\/v2\/product\/12449"}],"collection":[{"href":"https:\/\/galicianparts.com\/shop\/wp-json\/wp\/v2\/product"}],"about":[{"href":"https:\/\/galicianparts.com\/shop\/wp-json\/wp\/v2\/types\/product"}],"wp:featuredmedia":[{"embeddable":true,"href":"https:\/\/galicianparts.com\/shop\/wp-json\/wp\/v2\/media\/12450"}],"wp:attachment":[{"href":"https:\/\/galicianparts.com\/shop\/wp-json\/wp\/v2\/media?parent=12449"}],"wp:term":[{"taxonomy":"product_cat","embeddable":true,"href":"https:\/\/galicianparts.com\/shop\/wp-json\/wp\/v2\/product_cat?post=12449"},{"taxonomy":"product_tag","embeddable":true,"href":"https:\/\/galicianparts.com\/shop\/wp-json\/wp\/v2\/product_tag?post=12449"}],"curies":[{"name":"wp","href":"https:\/\/api.w.org\/{rel}","templated":true}]}}