{"id":12537,"date":"2021-02-02T14:03:08","date_gmt":"2021-02-02T12:03:08","guid":{"rendered":"https:\/\/galicianparts.com\/shop\/producto\/46522371-arbol-de-levas-admision-m-1-2-16v-fiat-bravo-stilo-punto-lancia-nuevo-original\/"},"modified":"2021-02-02T14:06:22","modified_gmt":"2021-02-02T12:06:22","slug":"46522371-arbol-de-levas-admision-m-1-2-16v-fiat-bravo-stilo-punto-lancia-nuevo-original","status":"publish","type":"product","link":"https:\/\/galicianparts.com\/shop\/producto\/46522371-arbol-de-levas-admision-m-1-2-16v-fiat-bravo-stilo-punto-lancia-nuevo-original\/","title":{"rendered":"46522371 \u00c1rbol de levas admisi\u00f3n M 1.2 16v Fiat Bravo \/ Stilo \/ Punto \/ Lancia NUEVO ORIGINAL"},"content":{"rendered":"<p>\u00c1rbol de levas de las v\u00e1lvulas de la admisi\u00f3n del motor 1200cc 16v de:<br \/>\nFIAT &#8211; 1M BRAVA G.98 (1998-2001)<br \/>\nFIAT &#8211; 1L BRAVO G.98 (1998-2001)<br \/>\nFIAT &#8211; 2S IDEA (2003-2008)<br \/>\nFIAT &#8211; 4D IDEA (2008-2012)<br \/>\nFIAT &#8211; 1Q MAREA BZ GAMMA&#8217;99 (1999-2002)<br \/>\nFIAT &#8211; 2H PALIO 2V EXTRA EUROPA REST. 2002 (2002-2011)<br \/>\nFIAT &#8211; 3D PALIO 2V REST.2 (2005-2011)<br \/>\nFIAT &#8211; 2G PALIO WE EUROPA REST. (2002-2004)<br \/>\nFIAT &#8211; 2K PALIO WE EXTRA EUROPA REST. 2002 (2002-2008)<br \/>\nFIAT &#8211; 1N PUNTO BZ (1999-2003)<br \/>\nFIAT &#8211; 2U PUNTO FL.&#8217;03 (2003-2010)<br \/>\nFIAT &#8211; 2L SIENA EXTRA EUROPA REST.(2002-2012)<br \/>\nFIAT &#8211; 3E SIENA REST.2 (2005-2011)<br \/>\nFIAT &#8211; 2C STILO (2001-2003)<br \/>\nLANCIA &#8211; TA Y FL.2000 (2000-2003)<br \/>\nLANCIA &#8211; TE YPSILON (2003-2009)<\/p>\n<p>LA PIEZA ES NUEVA Y ORIGINAL.<\/p>\n","protected":false},"excerpt":{"rendered":"<p>\u00c1rbol de levas de las v\u00e1lvulas de la admisi\u00f3n del motor 1200cc 16v de: FIAT &#8211; 1M BRAVA G.98 (1998-2001) FIAT &#8211; 1L BRAVO G.98 (1998-2001) FIAT &#8211; 2S IDEA (2003-2008) FIAT &#8211; 4D IDEA (2008-2012) FIAT &#8211; 1Q MAREA BZ GAMMA&#8217;99 (1999-2002) FIAT &#8211; 2H PALIO 2V EXTRA EUROPA REST. 2002 (2002-2011) FIAT &#8211; [&hellip;]<\/p>\n","protected":false},"featured_media":12538,"template":"","meta":{"_seopress_robots_primary_cat":"","_seopress_titles_title":"","_seopress_titles_desc":"","_seopress_robots_index":""},"product_cat":[81,82,20,93,21,95,98,101,107,108,127],"product_tag":[],"class_list":{"0":"post-12537","1":"product","2":"type-product","3":"status-publish","4":"has-post-thumbnail","6":"product_cat-recambios-fiat-brava","7":"product_cat-recambios-fiat-bravo","8":"product_cat-recambios-fiat","9":"product_cat-recambios-fiat-idea","10":"product_cat-recambios-lancia","11":"product_cat-recambios-fiat-marea","12":"product_cat-recambios-fiat-palio","13":"product_cat-recambios-fiat-punto","14":"product_cat-recambios-fiat-siena","15":"product_cat-recambios-fiat-stilo","16":"product_cat-recambios-lancia-ypsilon","18":"first","19":"instock","20":"taxable","21":"shipping-taxable","22":"purchasable","23":"product-type-simple"},"_links":{"self":[{"href":"https:\/\/galicianparts.com\/shop\/wp-json\/wp\/v2\/product\/12537"}],"collection":[{"href":"https:\/\/galicianparts.com\/shop\/wp-json\/wp\/v2\/product"}],"about":[{"href":"https:\/\/galicianparts.com\/shop\/wp-json\/wp\/v2\/types\/product"}],"wp:featuredmedia":[{"embeddable":true,"href":"https:\/\/galicianparts.com\/shop\/wp-json\/wp\/v2\/media\/12538"}],"wp:attachment":[{"href":"https:\/\/galicianparts.com\/shop\/wp-json\/wp\/v2\/media?parent=12537"}],"wp:term":[{"taxonomy":"product_cat","embeddable":true,"href":"https:\/\/galicianparts.com\/shop\/wp-json\/wp\/v2\/product_cat?post=12537"},{"taxonomy":"product_tag","embeddable":true,"href":"https:\/\/galicianparts.com\/shop\/wp-json\/wp\/v2\/product_tag?post=12537"}],"curies":[{"name":"wp","href":"https:\/\/api.w.org\/{rel}","templated":true}]}}