{"id":12667,"date":"2021-02-03T18:44:19","date_gmt":"2021-02-03T16:44:19","guid":{"rendered":"https:\/\/galicianparts.com\/shop\/producto\/7589165-polea-de-correa-auxiliar-fiat-lancia-nueva-original\/"},"modified":"2021-02-03T18:46:29","modified_gmt":"2021-02-03T16:46:29","slug":"7589165-polea-de-correa-auxiliar-fiat-lancia-nueva-original","status":"publish","type":"product","link":"https:\/\/galicianparts.com\/shop\/producto\/7589165-polea-de-correa-auxiliar-fiat-lancia-nueva-original\/","title":{"rendered":"7589165 Polea de correa auxiliar Fiat \/ Lancia NUEVA ORIGINAL"},"content":{"rendered":"<p>Polea de instrumentos de Fiat \/ Lancia cl\u00e1sico.<br \/>\nDi\u00e1metro exterior 148mm<br \/>\nDi\u00e1metro interior 30mm<\/p>\n<p>LA PIEZA ES NUEVA Y ORIGINAL.<\/p>\n","protected":false},"excerpt":{"rendered":"<p>Polea de instrumentos de Fiat \/ Lancia cl\u00e1sico. Di\u00e1metro exterior 148mm Di\u00e1metro interior 30mm LA PIEZA ES NUEVA Y ORIGINAL.<\/p>\n","protected":false},"featured_media":12668,"template":"","meta":{"_seopress_robots_primary_cat":"","_seopress_titles_title":"","_seopress_titles_desc":"","_seopress_robots_index":""},"product_cat":[20,21],"product_tag":[],"class_list":{"0":"post-12667","1":"product","2":"type-product","3":"status-publish","4":"has-post-thumbnail","6":"product_cat-recambios-fiat","7":"product_cat-recambios-lancia","9":"first","10":"instock","11":"taxable","12":"shipping-taxable","13":"purchasable","14":"product-type-simple"},"_links":{"self":[{"href":"https:\/\/galicianparts.com\/shop\/wp-json\/wp\/v2\/product\/12667"}],"collection":[{"href":"https:\/\/galicianparts.com\/shop\/wp-json\/wp\/v2\/product"}],"about":[{"href":"https:\/\/galicianparts.com\/shop\/wp-json\/wp\/v2\/types\/product"}],"wp:featuredmedia":[{"embeddable":true,"href":"https:\/\/galicianparts.com\/shop\/wp-json\/wp\/v2\/media\/12668"}],"wp:attachment":[{"href":"https:\/\/galicianparts.com\/shop\/wp-json\/wp\/v2\/media?parent=12667"}],"wp:term":[{"taxonomy":"product_cat","embeddable":true,"href":"https:\/\/galicianparts.com\/shop\/wp-json\/wp\/v2\/product_cat?post=12667"},{"taxonomy":"product_tag","embeddable":true,"href":"https:\/\/galicianparts.com\/shop\/wp-json\/wp\/v2\/product_tag?post=12667"}],"curies":[{"name":"wp","href":"https:\/\/api.w.org\/{rel}","templated":true}]}}