{"id":12722,"date":"2021-02-04T12:06:12","date_gmt":"2021-02-04T10:06:12","guid":{"rendered":"https:\/\/galicianparts.com\/shop\/producto\/51747198-cerradura-del-porton-trasero-fiat-stilo-sw-2001-2007-nuevo-original\/"},"modified":"2021-11-08T14:52:42","modified_gmt":"2021-11-08T12:52:42","slug":"51747198-cerradura-del-porton-trasero-fiat-stilo-sw-2001-2007-nuevo-original","status":"publish","type":"product","link":"https:\/\/galicianparts.com\/shop\/producto\/51747198-cerradura-del-porton-trasero-fiat-stilo-sw-2001-2007-nuevo-original\/","title":{"rendered":"51747198 Cerradura del port\u00f3n trasero Fiat Stilo SW (2001-2007) NUEVO ORIGINAL"},"content":{"rendered":"<p>Cerradura el\u00e9ctrica del port\u00f3n del maletero de:<br \/>\nFIAT &#8211; 2C STILO SW (2001-2003)<br \/>\nFIAT &#8211; 2V STILO SW F.L.L. 2003 (2003-2007)<\/p>\n<p>LA PIEZA ES NUEVA Y ORIGINAL.<\/p>\n","protected":false},"excerpt":{"rendered":"<p>Cerradura el\u00e9ctrica del port\u00f3n del maletero de: FIAT &#8211; 2C STILO SW (2001-2003) FIAT &#8211; 2V STILO SW F.L.L. 2003 (2003-2007) LA PIEZA ES NUEVA Y ORIGINAL.<\/p>\n","protected":false},"featured_media":12723,"template":"","meta":{"_seopress_robots_primary_cat":"","_seopress_titles_title":"","_seopress_titles_desc":"","_seopress_robots_index":""},"product_cat":[20,108],"product_tag":[],"class_list":{"0":"post-12722","1":"product","2":"type-product","3":"status-publish","4":"has-post-thumbnail","6":"product_cat-recambios-fiat","7":"product_cat-recambios-fiat-stilo","9":"first","10":"outofstock","11":"taxable","12":"shipping-taxable","13":"purchasable","14":"product-type-simple"},"_links":{"self":[{"href":"https:\/\/galicianparts.com\/shop\/wp-json\/wp\/v2\/product\/12722"}],"collection":[{"href":"https:\/\/galicianparts.com\/shop\/wp-json\/wp\/v2\/product"}],"about":[{"href":"https:\/\/galicianparts.com\/shop\/wp-json\/wp\/v2\/types\/product"}],"wp:featuredmedia":[{"embeddable":true,"href":"https:\/\/galicianparts.com\/shop\/wp-json\/wp\/v2\/media\/12723"}],"wp:attachment":[{"href":"https:\/\/galicianparts.com\/shop\/wp-json\/wp\/v2\/media?parent=12722"}],"wp:term":[{"taxonomy":"product_cat","embeddable":true,"href":"https:\/\/galicianparts.com\/shop\/wp-json\/wp\/v2\/product_cat?post=12722"},{"taxonomy":"product_tag","embeddable":true,"href":"https:\/\/galicianparts.com\/shop\/wp-json\/wp\/v2\/product_tag?post=12722"}],"curies":[{"name":"wp","href":"https:\/\/api.w.org\/{rel}","templated":true}]}}