{"id":12931,"date":"2021-02-09T11:34:19","date_gmt":"2021-02-09T09:34:19","guid":{"rendered":"https:\/\/galicianparts.com\/shop\/producto\/7600341-motor-calefaccion-autobianchi-y10-1985-1988-nuevo-original\/"},"modified":"2024-11-20T17:30:45","modified_gmt":"2024-11-20T15:30:45","slug":"7600341-motor-calefaccion-autobianchi-y10-1985-1988-nuevo-original","status":"publish","type":"product","link":"https:\/\/galicianparts.com\/shop\/producto\/7600341-motor-calefaccion-autobianchi-y10-1985-1988-nuevo-original\/","title":{"rendered":"7600341 Motor calefacci\u00f3n Autobianchi Y10 (1985-1988) NUEVO ORIGINAL"},"content":{"rendered":"<p>Motor el\u00e9ctrico de la calefacci\u00f3n de:<br \/>\nLANCIA &#8211; Y10 (1985-1988)<br \/>\nAUTOBIANCHI &#8211; Y10 (1985-1988)<\/p>\n<p>LA PIEZA ES NUEVA Y ORIGINAL.<\/p>\n","protected":false},"excerpt":{"rendered":"<p>Motor el\u00e9ctrico de la calefacci\u00f3n de: LANCIA &#8211; Y10 (1985-1988) AUTOBIANCHI &#8211; Y10 (1985-1988) LA PIEZA ES NUEVA Y ORIGINAL.<\/p>\n","protected":false},"featured_media":12932,"template":"","meta":{"_seopress_robots_primary_cat":"","_seopress_titles_title":"","_seopress_titles_desc":"","_seopress_robots_index":""},"product_cat":[25,21,64,126],"product_tag":[],"class_list":{"0":"post-12931","1":"product","2":"type-product","3":"status-publish","4":"has-post-thumbnail","6":"product_cat-recambios-autobianchi","7":"product_cat-recambios-lancia","8":"product_cat-recambios-autobianchi-y10","9":"product_cat-recambios-lancia-y10","11":"first","12":"outofstock","13":"taxable","14":"shipping-taxable","15":"purchasable","16":"product-type-simple"},"_links":{"self":[{"href":"https:\/\/galicianparts.com\/shop\/wp-json\/wp\/v2\/product\/12931"}],"collection":[{"href":"https:\/\/galicianparts.com\/shop\/wp-json\/wp\/v2\/product"}],"about":[{"href":"https:\/\/galicianparts.com\/shop\/wp-json\/wp\/v2\/types\/product"}],"wp:featuredmedia":[{"embeddable":true,"href":"https:\/\/galicianparts.com\/shop\/wp-json\/wp\/v2\/media\/12932"}],"wp:attachment":[{"href":"https:\/\/galicianparts.com\/shop\/wp-json\/wp\/v2\/media?parent=12931"}],"wp:term":[{"taxonomy":"product_cat","embeddable":true,"href":"https:\/\/galicianparts.com\/shop\/wp-json\/wp\/v2\/product_cat?post=12931"},{"taxonomy":"product_tag","embeddable":true,"href":"https:\/\/galicianparts.com\/shop\/wp-json\/wp\/v2\/product_tag?post=12931"}],"curies":[{"name":"wp","href":"https:\/\/api.w.org\/{rel}","templated":true}]}}