{"id":13333,"date":"2021-02-11T14:42:48","date_gmt":"2021-02-11T12:42:48","guid":{"rendered":"https:\/\/galicianparts.com\/shop\/producto\/7760397-tubo-llenado-combustible-fiat-fiorino-nuevo-original\/"},"modified":"2021-02-11T14:49:01","modified_gmt":"2021-02-11T12:49:01","slug":"7760397-tubo-llenado-combustible-fiat-fiorino-nuevo-original","status":"publish","type":"product","link":"https:\/\/galicianparts.com\/shop\/producto\/7760397-tubo-llenado-combustible-fiat-fiorino-nuevo-original\/","title":{"rendered":"7760397 Tubo llenado combustible Fiat Fiorino NUEVO ORIGINAL"},"content":{"rendered":"<p>50014844 Tubo de llenado de combistible, nuevo modelo de introducci\u00f3n de combustible con brida para la fijaci\u00f3n a la carrocer\u00eda para.<br \/>\nFIAT PROFESSIONAL &#8211; 2N FIORINO RL 1300cc Gasolina (1993-2000)<br \/>\nFIAT PROFESSIONAL &#8211; 3A FIORINO EXPORT Diesel (2004-2008)<br \/>\nLA PIEZA ES NUEVA Y ORIGINAL.<\/p>\n","protected":false},"excerpt":{"rendered":"<p>50014844 Tubo de llenado de combistible, nuevo modelo de introducci\u00f3n de combustible con brida para la fijaci\u00f3n a la carrocer\u00eda para. FIAT PROFESSIONAL &#8211; 2N FIORINO RL 1300cc Gasolina (1993-2000) FIAT PROFESSIONAL &#8211; 3A FIORINO EXPORT Diesel (2004-2008) LA PIEZA ES NUEVA Y ORIGINAL.<\/p>\n","protected":false},"featured_media":13340,"template":"","meta":{"_seopress_robots_primary_cat":"","_seopress_titles_title":"","_seopress_titles_desc":"","_seopress_robots_index":""},"product_cat":[20,91],"product_tag":[],"class_list":{"0":"post-13333","1":"product","2":"type-product","3":"status-publish","4":"has-post-thumbnail","6":"product_cat-recambios-fiat","7":"product_cat-recambios-fiat-fiorino","9":"first","10":"instock","11":"taxable","12":"shipping-taxable","13":"purchasable","14":"product-type-simple"},"_links":{"self":[{"href":"https:\/\/galicianparts.com\/shop\/wp-json\/wp\/v2\/product\/13333"}],"collection":[{"href":"https:\/\/galicianparts.com\/shop\/wp-json\/wp\/v2\/product"}],"about":[{"href":"https:\/\/galicianparts.com\/shop\/wp-json\/wp\/v2\/types\/product"}],"wp:featuredmedia":[{"embeddable":true,"href":"https:\/\/galicianparts.com\/shop\/wp-json\/wp\/v2\/media\/13340"}],"wp:attachment":[{"href":"https:\/\/galicianparts.com\/shop\/wp-json\/wp\/v2\/media?parent=13333"}],"wp:term":[{"taxonomy":"product_cat","embeddable":true,"href":"https:\/\/galicianparts.com\/shop\/wp-json\/wp\/v2\/product_cat?post=13333"},{"taxonomy":"product_tag","embeddable":true,"href":"https:\/\/galicianparts.com\/shop\/wp-json\/wp\/v2\/product_tag?post=13333"}],"curies":[{"name":"wp","href":"https:\/\/api.w.org\/{rel}","templated":true}]}}