{"id":13542,"date":"2021-02-15T14:12:14","date_gmt":"2021-02-15T12:12:14","guid":{"rendered":"https:\/\/galicianparts.com\/shop\/producto\/82428041-manguito-admision-lancia-delta-1-6-1986-1992-nuevo-origina\/"},"modified":"2023-04-24T09:29:00","modified_gmt":"2023-04-24T07:29:00","slug":"82428041-manguito-admision-lancia-delta-1-6-1986-1992-nuevo-origina","status":"publish","type":"product","link":"https:\/\/galicianparts.com\/shop\/producto\/82428041-manguito-admision-lancia-delta-1-6-1986-1992-nuevo-origina\/","title":{"rendered":"82428041 Manguito admisi\u00f3n Lancia Delta 1.6 (1986-1992) NUEVO ORIGINAL"},"content":{"rendered":"<p>Tubo, manguito de la v\u00e1lvula de presi\u00f3n del aire de la admisi\u00f3n de:<br \/>\nLANCIA &#8211; TB DELTA R.86 1600cc MPI  (1986-1992)<\/p>\n<p>LA PIEZA ES NUEVA Y ORIGINAL.<\/p>\n","protected":false},"excerpt":{"rendered":"<p>Tubo, manguito de la v\u00e1lvula de presi\u00f3n del aire de la admisi\u00f3n de: LANCIA &#8211; TB DELTA R.86 1600cc MPI (1986-1992) LA PIEZA ES NUEVA Y ORIGINAL.<\/p>\n","protected":false},"featured_media":30137,"template":"","meta":{"_seopress_robots_primary_cat":"","_seopress_titles_title":"","_seopress_titles_desc":"","_seopress_robots_index":""},"product_cat":[118,21],"product_tag":[],"class_list":{"0":"post-13542","1":"product","2":"type-product","3":"status-publish","4":"has-post-thumbnail","6":"product_cat-recambios-lancia-delta","7":"product_cat-recambios-lancia","9":"first","10":"outofstock","11":"taxable","12":"shipping-taxable","13":"purchasable","14":"product-type-simple"},"_links":{"self":[{"href":"https:\/\/galicianparts.com\/shop\/wp-json\/wp\/v2\/product\/13542"}],"collection":[{"href":"https:\/\/galicianparts.com\/shop\/wp-json\/wp\/v2\/product"}],"about":[{"href":"https:\/\/galicianparts.com\/shop\/wp-json\/wp\/v2\/types\/product"}],"wp:featuredmedia":[{"embeddable":true,"href":"https:\/\/galicianparts.com\/shop\/wp-json\/wp\/v2\/media\/30137"}],"wp:attachment":[{"href":"https:\/\/galicianparts.com\/shop\/wp-json\/wp\/v2\/media?parent=13542"}],"wp:term":[{"taxonomy":"product_cat","embeddable":true,"href":"https:\/\/galicianparts.com\/shop\/wp-json\/wp\/v2\/product_cat?post=13542"},{"taxonomy":"product_tag","embeddable":true,"href":"https:\/\/galicianparts.com\/shop\/wp-json\/wp\/v2\/product_tag?post=13542"}],"curies":[{"name":"wp","href":"https:\/\/api.w.org\/{rel}","templated":true}]}}