{"id":13547,"date":"2021-02-15T14:39:45","date_gmt":"2021-02-15T12:39:45","guid":{"rendered":"https:\/\/galicianparts.com\/shop\/producto\/7593342-latiguillo-freno-trasero-fiat-124-127-128-850-seat-autobianchi-a112\/"},"modified":"2022-06-20T13:34:17","modified_gmt":"2022-06-20T11:34:17","slug":"7593342-latiguillo-freno-trasero-fiat-124-127-128-850-seat-autobianchi-a112","status":"publish","type":"product","link":"https:\/\/galicianparts.com\/shop\/producto\/7593342-latiguillo-freno-trasero-fiat-124-127-128-850-seat-autobianchi-a112\/","title":{"rendered":"7593342 Latiguillo freno L250 mm. Fiat 127 \/ Seat 127 NUEVO ORIGINAL"},"content":{"rendered":"<p>4433711 Tubo de freno de:<br \/>\nLargo: 250 mm.<\/p>\n<p>SEAT 127<br \/>\n0.9, A\u00f1o 04.1972 &#8211; 12.1982, 903 , 45<\/p>\n<p>FIAT 127 Hatchback (127)<br \/>\n0.9, A\u00f1o 06.1971 &#8211; 12.1986, 903 , 45<br \/>\n1.3 Di\u00e9sel, A\u00f1o 04.1981 &#8211; 12.1986, 1301 , 45<br \/>\nFIAT 127 Panorama (127)<br \/>\n1.0, A\u00f1o 01.1977 &#8211; 12.1986, 1049 , 50<br \/>\n1.3 D, A\u00f1o 06.1981 &#8211; 12.1986, 1301 , 45<\/p>\n<p>LA PIEZA ES NUEVA Y ORIGINAL<\/p>\n","protected":false},"excerpt":{"rendered":"<p>4433711 Tubo de freno de: Largo: 250 mm. SEAT 127 0.9, A\u00f1o 04.1972 &#8211; 12.1982, 903 , 45 FIAT 127 Hatchback (127) 0.9, A\u00f1o 06.1971 &#8211; 12.1986, 903 , 45 1.3 Di\u00e9sel, A\u00f1o 04.1981 &#8211; 12.1986, 1301 , 45 FIAT 127 Panorama (127) 1.0, A\u00f1o 01.1977 &#8211; 12.1986, 1049 , 50 1.3 D, A\u00f1o 06.1981 [&hellip;]<\/p>\n","protected":false},"featured_media":51053,"template":"","meta":{"_seopress_robots_primary_cat":"","_seopress_titles_title":"","_seopress_titles_desc":"","_seopress_robots_index":""},"product_cat":[68,179,20,26],"product_tag":[],"class_list":{"0":"post-13547","1":"product","2":"type-product","3":"status-publish","4":"has-post-thumbnail","6":"product_cat-recambios-fiat-127","7":"product_cat-recambios-seat-127","8":"product_cat-recambios-fiat","9":"product_cat-recambios-seat","11":"first","12":"instock","13":"taxable","14":"shipping-taxable","15":"purchasable","16":"product-type-simple"},"_links":{"self":[{"href":"https:\/\/galicianparts.com\/shop\/wp-json\/wp\/v2\/product\/13547"}],"collection":[{"href":"https:\/\/galicianparts.com\/shop\/wp-json\/wp\/v2\/product"}],"about":[{"href":"https:\/\/galicianparts.com\/shop\/wp-json\/wp\/v2\/types\/product"}],"wp:featuredmedia":[{"embeddable":true,"href":"https:\/\/galicianparts.com\/shop\/wp-json\/wp\/v2\/media\/51053"}],"wp:attachment":[{"href":"https:\/\/galicianparts.com\/shop\/wp-json\/wp\/v2\/media?parent=13547"}],"wp:term":[{"taxonomy":"product_cat","embeddable":true,"href":"https:\/\/galicianparts.com\/shop\/wp-json\/wp\/v2\/product_cat?post=13547"},{"taxonomy":"product_tag","embeddable":true,"href":"https:\/\/galicianparts.com\/shop\/wp-json\/wp\/v2\/product_tag?post=13547"}],"curies":[{"name":"wp","href":"https:\/\/api.w.org\/{rel}","templated":true}]}}