{"id":13680,"date":"2021-02-17T14:51:17","date_gmt":"2021-02-17T12:51:17","guid":{"rendered":"https:\/\/galicianparts.com\/shop\/producto\/92601366-capuchon-palier-lado-cambio-fiat-lancia\/"},"modified":"2022-04-26T12:56:37","modified_gmt":"2022-04-26T10:56:37","slug":"92601366-capuchon-palier-lado-cambio-fiat-lancia","status":"publish","type":"product","link":"https:\/\/galicianparts.com\/shop\/producto\/92601366-capuchon-palier-lado-cambio-fiat-lancia\/","title":{"rendered":"92601366 Capuch\u00f3n palier lado cambio Fiat \/ Lancia"},"content":{"rendered":"<p>Capuch\u00f3n de palier lado caja de cambios de:<br \/>\n FIAT Panda I Hatchback (141) (A\u00f1o 01.1986 &#8211; 10.2003, 34 &#8211; 44 CV, Gasolina)<br \/>\nFIAT Panda Van (141) (A\u00f1o 01.1986 &#8211; 07.1992, 34 CV, Gasolina)<br \/>\nFIAT Regata Berlina (138) (A\u00f1o 09.1983 &#8211; 07.1989, 58 &#8211; 68 CV, Gas\u00f3leo, Gasolina)<br \/>\nFIAT Regata Weekend (A\u00f1o 01.1984 &#8211; 12.1989, 60 &#8211; 68 CV, Gas\u00f3leo, Gasolina)<br \/>\nFIAT Ritmo I Hatchback (138) (A\u00f1o 01.1983 &#8211; 12.1987, 79 &#8211; 82 CV, Gasolina)<br \/>\nFIAT Uno Hatchback (146) (A\u00f1o 01.1983 &#8211; 10.1995, 44 &#8211; 65 CV, Gasolina)<br \/>\nLANCIA Prisma (831) (A\u00f1o 09.1985 &#8211; 02.1992, 75 &#8211; 80 CV, Gasolina)<\/p>\n<p>LANCIA &#8211; TB DELTA R.86 1.100cc  (1986-1992)<br \/>\n LA PIEZA ES NUEVA Y ORIGINAL.<\/p>\n","protected":false},"excerpt":{"rendered":"<p>Capuch\u00f3n de palier lado caja de cambios de: FIAT Panda I Hatchback (141) (A\u00f1o 01.1986 &#8211; 10.2003, 34 &#8211; 44 CV, Gasolina) FIAT Panda Van (141) (A\u00f1o 01.1986 &#8211; 07.1992, 34 CV, Gasolina) FIAT Regata Berlina (138) (A\u00f1o 09.1983 &#8211; 07.1989, 58 &#8211; 68 CV, Gas\u00f3leo, Gasolina) FIAT Regata Weekend (A\u00f1o 01.1984 &#8211; 12.1989, 60 [&hellip;]<\/p>\n","protected":false},"featured_media":13680,"template":"","meta":{"_seopress_robots_primary_cat":"","_seopress_titles_title":"","_seopress_titles_desc":"","_seopress_robots_index":""},"product_cat":[118,20,21,99,102,103,114],"product_tag":[],"class_list":{"0":"post-13680","1":"product","2":"type-product","3":"status-publish","4":"has-post-thumbnail","6":"product_cat-recambios-lancia-delta","7":"product_cat-recambios-fiat","8":"product_cat-recambios-lancia","9":"product_cat-recambios-fiat-panda","10":"product_cat-recambios-fiat-regata","11":"product_cat-recambios-fiat-ritmo","12":"product_cat-recambios-fiat-uno","14":"first","15":"outofstock","16":"taxable","17":"shipping-taxable","18":"purchasable","19":"product-type-simple"},"_links":{"self":[{"href":"https:\/\/galicianparts.com\/shop\/wp-json\/wp\/v2\/product\/13680"}],"collection":[{"href":"https:\/\/galicianparts.com\/shop\/wp-json\/wp\/v2\/product"}],"about":[{"href":"https:\/\/galicianparts.com\/shop\/wp-json\/wp\/v2\/types\/product"}],"wp:featuredmedia":[{"embeddable":true,"href":"https:\/\/galicianparts.com\/shop\/wp-json\/wp\/v2\/product\/13680"}],"wp:attachment":[{"href":"https:\/\/galicianparts.com\/shop\/wp-json\/wp\/v2\/media?parent=13680"}],"wp:term":[{"taxonomy":"product_cat","embeddable":true,"href":"https:\/\/galicianparts.com\/shop\/wp-json\/wp\/v2\/product_cat?post=13680"},{"taxonomy":"product_tag","embeddable":true,"href":"https:\/\/galicianparts.com\/shop\/wp-json\/wp\/v2\/product_tag?post=13680"}],"curies":[{"name":"wp","href":"https:\/\/api.w.org\/{rel}","templated":true}]}}