{"id":13698,"date":"2021-02-17T15:16:29","date_gmt":"2021-02-17T13:16:29","guid":{"rendered":"https:\/\/galicianparts.com\/shop\/producto\/5897370-kit-centralita-elevalunas-electrico-fiat-lineaccessori\/"},"modified":"2023-11-14T13:51:23","modified_gmt":"2023-11-14T11:51:23","slug":"5897370-kit-centralita-elevalunas-electrico-fiat-lineaccessori","status":"publish","type":"product","link":"https:\/\/galicianparts.com\/shop\/producto\/5897370-kit-centralita-elevalunas-electrico-fiat-lineaccessori\/","title":{"rendered":"5897370 Kit centralita elevalunas el\u00e9ctrico FIAT LINEACCESSORI"},"content":{"rendered":"<p>Centralita PHIPLIPS 19DP011 con fricci\u00f3n electr\u00f3nica de elevalunas.<br \/>\nLA PIEZA ES NUEVA Y ORIGINAL FIAT LINEACCESSORI.<\/p>\n","protected":false},"excerpt":{"rendered":"<p>Centralita PHIPLIPS 19DP011 con fricci\u00f3n electr\u00f3nica de elevalunas. LA PIEZA ES NUEVA Y ORIGINAL FIAT LINEACCESSORI.<\/p>\n","protected":false},"featured_media":80252,"template":"","meta":{"_seopress_robots_primary_cat":"","_seopress_titles_title":"","_seopress_titles_desc":"","_seopress_robots_index":""},"product_cat":[20],"product_tag":[],"class_list":{"0":"post-13698","1":"product","2":"type-product","3":"status-publish","4":"has-post-thumbnail","6":"product_cat-recambios-fiat","8":"first","9":"outofstock","10":"taxable","11":"shipping-taxable","12":"purchasable","13":"product-type-simple"},"_links":{"self":[{"href":"https:\/\/galicianparts.com\/shop\/wp-json\/wp\/v2\/product\/13698"}],"collection":[{"href":"https:\/\/galicianparts.com\/shop\/wp-json\/wp\/v2\/product"}],"about":[{"href":"https:\/\/galicianparts.com\/shop\/wp-json\/wp\/v2\/types\/product"}],"wp:featuredmedia":[{"embeddable":true,"href":"https:\/\/galicianparts.com\/shop\/wp-json\/wp\/v2\/media\/80252"}],"wp:attachment":[{"href":"https:\/\/galicianparts.com\/shop\/wp-json\/wp\/v2\/media?parent=13698"}],"wp:term":[{"taxonomy":"product_cat","embeddable":true,"href":"https:\/\/galicianparts.com\/shop\/wp-json\/wp\/v2\/product_cat?post=13698"},{"taxonomy":"product_tag","embeddable":true,"href":"https:\/\/galicianparts.com\/shop\/wp-json\/wp\/v2\/product_tag?post=13698"}],"curies":[{"name":"wp","href":"https:\/\/api.w.org\/{rel}","templated":true}]}}