{"id":13829,"date":"2021-02-18T18:09:13","date_gmt":"2021-02-18T16:09:13","guid":{"rendered":"https:\/\/galicianparts.com\/shop\/producto\/50901727-proteccion-moqueta-del-maletero-fiat-500-original-fiat-lineaccessori\/"},"modified":"2022-01-31T22:14:18","modified_gmt":"2022-01-31T20:14:18","slug":"50901727-proteccion-moqueta-del-maletero-fiat-500-original-fiat-lineaccessori","status":"publish","type":"product","link":"https:\/\/galicianparts.com\/shop\/producto\/50901727-proteccion-moqueta-del-maletero-fiat-500-original-fiat-lineaccessori\/","title":{"rendered":"50901727 Protecci\u00f3n moqueta del maletero Fiat 500 ORIGINAL FIAT LINEACCESSORI"},"content":{"rendered":"<p>Protecci\u00f3n de pl\u00e1stico de la moqueta del maletero de Fiat 500 (2007-&#8230;).<br \/>\nLA PIEZA ES NUEVA Y ORIGINAL FIAT LINEACCESSORI.<\/p>\n","protected":false},"excerpt":{"rendered":"<p>Protecci\u00f3n de pl\u00e1stico de la moqueta del maletero de Fiat 500 (2007-&#8230;). LA PIEZA ES NUEVA Y ORIGINAL FIAT LINEACCESSORI.<\/p>\n","protected":false},"featured_media":13830,"template":"","meta":{"_seopress_robots_primary_cat":"","_seopress_titles_title":"","_seopress_titles_desc":"","_seopress_robots_index":""},"product_cat":[74,20],"product_tag":[],"class_list":{"0":"post-13829","1":"product","2":"type-product","3":"status-publish","4":"has-post-thumbnail","6":"product_cat-recambios-fiat-500","7":"product_cat-recambios-fiat","9":"first","10":"outofstock","11":"taxable","12":"shipping-taxable","13":"purchasable","14":"product-type-simple"},"_links":{"self":[{"href":"https:\/\/galicianparts.com\/shop\/wp-json\/wp\/v2\/product\/13829"}],"collection":[{"href":"https:\/\/galicianparts.com\/shop\/wp-json\/wp\/v2\/product"}],"about":[{"href":"https:\/\/galicianparts.com\/shop\/wp-json\/wp\/v2\/types\/product"}],"wp:featuredmedia":[{"embeddable":true,"href":"https:\/\/galicianparts.com\/shop\/wp-json\/wp\/v2\/media\/13830"}],"wp:attachment":[{"href":"https:\/\/galicianparts.com\/shop\/wp-json\/wp\/v2\/media?parent=13829"}],"wp:term":[{"taxonomy":"product_cat","embeddable":true,"href":"https:\/\/galicianparts.com\/shop\/wp-json\/wp\/v2\/product_cat?post=13829"},{"taxonomy":"product_tag","embeddable":true,"href":"https:\/\/galicianparts.com\/shop\/wp-json\/wp\/v2\/product_tag?post=13829"}],"curies":[{"name":"wp","href":"https:\/\/api.w.org\/{rel}","templated":true}]}}