{"id":14111,"date":"2021-02-22T15:01:34","date_gmt":"2021-02-22T13:01:34","guid":{"rendered":"https:\/\/galicianparts.com\/shop\/producto\/46307781-palier-izq-fiat-brava-bravo-marea-1-6-16v-automatico\/"},"modified":"2021-02-22T15:09:21","modified_gmt":"2021-02-22T13:09:21","slug":"46307781-palier-izq-fiat-brava-bravo-marea-1-6-16v-automatico","status":"publish","type":"product","link":"https:\/\/galicianparts.com\/shop\/producto\/46307781-palier-izq-fiat-brava-bravo-marea-1-6-16v-automatico\/","title":{"rendered":"46307781 Palier IZQ. Fiat Brava \/ Bravo \/ Marea 1.6 16v Autom\u00e1tico"},"content":{"rendered":"<p>Palier, semieje, trasmisi\u00f3n izquierdo de cambio autom\u00e1tico<br \/>\nFIAT &#8211; 1M BRAVA G.98 1600CC 16V (1998-2001)<br \/>\nFIAT &#8211; 1L BRAVO G.98 1600CC 16V (1998-2001)<br \/>\nFIAT &#8211; 1Q MAREA BZ 1600CC 16V GAMMA&#8217;99 (1999-2002)<\/p>\n<p> LA PIEZA ES NUEVA Y ORIGINAL.<\/p>\n","protected":false},"excerpt":{"rendered":"<p>Palier, semieje, trasmisi\u00f3n izquierdo de cambio autom\u00e1tico FIAT &#8211; 1M BRAVA G.98 1600CC 16V (1998-2001) FIAT &#8211; 1L BRAVO G.98 1600CC 16V (1998-2001) FIAT &#8211; 1Q MAREA BZ 1600CC 16V GAMMA&#8217;99 (1999-2002) LA PIEZA ES NUEVA Y ORIGINAL.<\/p>\n","protected":false},"featured_media":14107,"template":"","meta":{"_seopress_robots_primary_cat":"","_seopress_titles_title":"","_seopress_titles_desc":"","_seopress_robots_index":""},"product_cat":[81,20],"product_tag":[],"class_list":{"0":"post-14111","1":"product","2":"type-product","3":"status-publish","4":"has-post-thumbnail","6":"product_cat-recambios-fiat-brava","7":"product_cat-recambios-fiat","9":"first","10":"instock","11":"taxable","12":"shipping-taxable","13":"purchasable","14":"product-type-simple"},"_links":{"self":[{"href":"https:\/\/galicianparts.com\/shop\/wp-json\/wp\/v2\/product\/14111"}],"collection":[{"href":"https:\/\/galicianparts.com\/shop\/wp-json\/wp\/v2\/product"}],"about":[{"href":"https:\/\/galicianparts.com\/shop\/wp-json\/wp\/v2\/types\/product"}],"wp:featuredmedia":[{"embeddable":true,"href":"https:\/\/galicianparts.com\/shop\/wp-json\/wp\/v2\/media\/14107"}],"wp:attachment":[{"href":"https:\/\/galicianparts.com\/shop\/wp-json\/wp\/v2\/media?parent=14111"}],"wp:term":[{"taxonomy":"product_cat","embeddable":true,"href":"https:\/\/galicianparts.com\/shop\/wp-json\/wp\/v2\/product_cat?post=14111"},{"taxonomy":"product_tag","embeddable":true,"href":"https:\/\/galicianparts.com\/shop\/wp-json\/wp\/v2\/product_tag?post=14111"}],"curies":[{"name":"wp","href":"https:\/\/api.w.org\/{rel}","templated":true}]}}