{"id":14386,"date":"2021-02-24T12:58:52","date_gmt":"2021-02-24T10:58:52","guid":{"rendered":"https:\/\/galicianparts.com\/shop\/producto\/71737376-cableado-motor-fiat-punto-1-2-8v-1999-2003-nuevo-original\/"},"modified":"2026-04-12T17:08:58","modified_gmt":"2026-04-12T15:08:58","slug":"71737376-cableado-motor-fiat-punto-1-2-8v-1999-2003-nuevo-original","status":"publish","type":"product","link":"https:\/\/galicianparts.com\/shop\/producto\/71737376-cableado-motor-fiat-punto-1-2-8v-1999-2003-nuevo-original\/","title":{"rendered":"71737376 Cableado motor  Fiat Punto 1.2 8V (1999-2003) NUEVO ORIGINAL"},"content":{"rendered":"<p>Instalaci\u00f3n el\u00e9ctrica del motor para la centralita de inyecci\u00f3n de:<br \/>\nFIAT &#8211; 1N PUNTO 1200CC 8V (1999-2003)<\/p>\n<p>LA PIEZA ES NUEVA Y ORIGINAL.<\/p>\n","protected":false},"excerpt":{"rendered":"<p>Instalaci\u00f3n el\u00e9ctrica del motor para la centralita de inyecci\u00f3n de: FIAT &#8211; 1N PUNTO 1200CC 8V (1999-2003) LA PIEZA ES NUEVA Y ORIGINAL.<\/p>\n","protected":false},"featured_media":14391,"template":"","meta":{"_seopress_robots_primary_cat":"","_seopress_titles_title":"","_seopress_titles_desc":"","_seopress_robots_index":""},"product_cat":[20,101],"product_tag":[],"class_list":{"0":"post-14386","1":"product","2":"type-product","3":"status-publish","4":"has-post-thumbnail","6":"product_cat-recambios-fiat","7":"product_cat-recambios-fiat-punto","9":"first","10":"outofstock","11":"taxable","12":"shipping-taxable","13":"purchasable","14":"product-type-simple"},"_links":{"self":[{"href":"https:\/\/galicianparts.com\/shop\/wp-json\/wp\/v2\/product\/14386"}],"collection":[{"href":"https:\/\/galicianparts.com\/shop\/wp-json\/wp\/v2\/product"}],"about":[{"href":"https:\/\/galicianparts.com\/shop\/wp-json\/wp\/v2\/types\/product"}],"wp:featuredmedia":[{"embeddable":true,"href":"https:\/\/galicianparts.com\/shop\/wp-json\/wp\/v2\/media\/14391"}],"wp:attachment":[{"href":"https:\/\/galicianparts.com\/shop\/wp-json\/wp\/v2\/media?parent=14386"}],"wp:term":[{"taxonomy":"product_cat","embeddable":true,"href":"https:\/\/galicianparts.com\/shop\/wp-json\/wp\/v2\/product_cat?post=14386"},{"taxonomy":"product_tag","embeddable":true,"href":"https:\/\/galicianparts.com\/shop\/wp-json\/wp\/v2\/product_tag?post=14386"}],"curies":[{"name":"wp","href":"https:\/\/api.w.org\/{rel}","templated":true}]}}