{"id":14407,"date":"2021-02-24T13:48:59","date_gmt":"2021-02-24T11:48:59","guid":{"rendered":"https:\/\/galicianparts.com\/shop\/producto\/7644803-valvula-presion-aire-admision-lancia-thema-2-0cc-16v-2-0-t-16v-nuevo-original\/"},"modified":"2021-04-06T10:33:55","modified_gmt":"2021-04-06T08:33:55","slug":"7644803-valvula-presion-aire-admision-lancia-thema-2-0cc-16v-2-0-t-16v-nuevo-original","status":"publish","type":"product","link":"https:\/\/galicianparts.com\/shop\/producto\/7644803-valvula-presion-aire-admision-lancia-thema-2-0cc-16v-2-0-t-16v-nuevo-original\/","title":{"rendered":"7644803 V\u00e1lvula presi\u00f3n aire admisi\u00f3n Lancia Thema 2.0cc 16V \/ 2.0 T 16V NUEVO ORIGINAL"},"content":{"rendered":"<p>Electrov\u00e1lvula de presi\u00f3n de aire de la admisi\u00f3n de:<br \/>\nLANCIA &#8211; SZ THEMA BZ 2000 CC 16V \/ 2000CC 16V TURBO R.88 (1988-1992)<\/p>\n<p> LA PIEZA ES NUEVA Y ORIGINAL.<\/p>\n","protected":false},"excerpt":{"rendered":"<p>Electrov\u00e1lvula de presi\u00f3n de aire de la admisi\u00f3n de: LANCIA &#8211; SZ THEMA BZ 2000 CC 16V \/ 2000CC 16V TURBO R.88 (1988-1992) LA PIEZA ES NUEVA Y ORIGINAL.<\/p>\n","protected":false},"featured_media":14408,"template":"","meta":{"_seopress_robots_primary_cat":"","_seopress_titles_title":"","_seopress_titles_desc":"","_seopress_robots_index":""},"product_cat":[21,124],"product_tag":[],"class_list":{"0":"post-14407","1":"product","2":"type-product","3":"status-publish","4":"has-post-thumbnail","6":"product_cat-recambios-lancia","7":"product_cat-recambios-lancia-thema","9":"first","10":"outofstock","11":"taxable","12":"shipping-taxable","13":"purchasable","14":"product-type-simple"},"_links":{"self":[{"href":"https:\/\/galicianparts.com\/shop\/wp-json\/wp\/v2\/product\/14407"}],"collection":[{"href":"https:\/\/galicianparts.com\/shop\/wp-json\/wp\/v2\/product"}],"about":[{"href":"https:\/\/galicianparts.com\/shop\/wp-json\/wp\/v2\/types\/product"}],"wp:featuredmedia":[{"embeddable":true,"href":"https:\/\/galicianparts.com\/shop\/wp-json\/wp\/v2\/media\/14408"}],"wp:attachment":[{"href":"https:\/\/galicianparts.com\/shop\/wp-json\/wp\/v2\/media?parent=14407"}],"wp:term":[{"taxonomy":"product_cat","embeddable":true,"href":"https:\/\/galicianparts.com\/shop\/wp-json\/wp\/v2\/product_cat?post=14407"},{"taxonomy":"product_tag","embeddable":true,"href":"https:\/\/galicianparts.com\/shop\/wp-json\/wp\/v2\/product_tag?post=14407"}],"curies":[{"name":"wp","href":"https:\/\/api.w.org\/{rel}","templated":true}]}}