{"id":14459,"date":"2021-02-24T15:23:31","date_gmt":"2021-02-24T13:23:31","guid":{"rendered":"https:\/\/galicianparts.com\/shop\/producto\/281131g000-filtro-aire-kia-rio-2005-nuevo-original\/"},"modified":"2025-10-22T20:24:00","modified_gmt":"2025-10-22T18:24:00","slug":"281131g000-filtro-aire-kia-rio-2005-nuevo-original","status":"publish","type":"product","link":"https:\/\/galicianparts.com\/shop\/producto\/281131g000-filtro-aire-kia-rio-2005-nuevo-original\/","title":{"rendered":"281131G000 Filtro Aire Kia Rio (2005-&#8230;) NUEVO ORIGINAL"},"content":{"rendered":"<p>KIA Rio II Hatchback (JB) (A\u00f1o 03.2005 &#8211; &#8230;, 97 &#8211; 112 , Gas\u00f3leo,Gasolina)<br \/>\n1.4 16V, A\u00f1o 03.2005 &#8211; &#8230;, 1399 , 97<br \/>\n1.5 CRDi, A\u00f1o 03.2005 &#8211; &#8230;, 1493 , 110<br \/>\n1.6 CVVT, A\u00f1o 03.2005 &#8211; &#8230;, 1599 , 112<br \/>\nKIA Rio II Berlina (JB) (A\u00f1o 03.2005 &#8211; &#8230;, 97 &#8211; 112 , Gas\u00f3leo,Gasolina)<br \/>\n1.4 16V, A\u00f1o 03.2005 &#8211; &#8230;, 1399 , 97<br \/>\n1.5 CRDi, A\u00f1o 03.2005 &#8211; &#8230;, 1493 , 110<br \/>\n1.6 16V, A\u00f1o 03.2005 &#8211; &#8230;, 1599 , 112<br \/>\nKIA Magentis II (MG) (A\u00f1o 11.2005 &#8211; &#8230;, 188 , Gasolina)<\/p>\n<p> LA PIEZA ES NUEVA Y ORIGINAL.<\/p>\n","protected":false},"excerpt":{"rendered":"<p>KIA Rio II Hatchback (JB) (A\u00f1o 03.2005 &#8211; &#8230;, 97 &#8211; 112 , Gas\u00f3leo,Gasolina) 1.4 16V, A\u00f1o 03.2005 &#8211; &#8230;, 1399 , 97 1.5 CRDi, A\u00f1o 03.2005 &#8211; &#8230;, 1493 , 110 1.6 CVVT, A\u00f1o 03.2005 &#8211; &#8230;, 1599 , 112 KIA Rio II Berlina (JB) (A\u00f1o 03.2005 &#8211; &#8230;, 97 &#8211; 112 , Gas\u00f3leo,Gasolina) [&hellip;]<\/p>\n","protected":false},"featured_media":14460,"template":"","meta":{"_seopress_robots_primary_cat":"","_seopress_titles_title":"","_seopress_titles_desc":"","_seopress_robots_index":""},"product_cat":[22,215,253],"product_tag":[],"class_list":{"0":"post-14459","1":"product","2":"type-product","3":"status-publish","4":"has-post-thumbnail","6":"product_cat-recambios-kia","7":"product_cat-recambios-kia-magentis","8":"product_cat-recambios-kia-rio","10":"first","11":"instock","12":"taxable","13":"shipping-taxable","14":"purchasable","15":"product-type-simple"},"_links":{"self":[{"href":"https:\/\/galicianparts.com\/shop\/wp-json\/wp\/v2\/product\/14459"}],"collection":[{"href":"https:\/\/galicianparts.com\/shop\/wp-json\/wp\/v2\/product"}],"about":[{"href":"https:\/\/galicianparts.com\/shop\/wp-json\/wp\/v2\/types\/product"}],"wp:featuredmedia":[{"embeddable":true,"href":"https:\/\/galicianparts.com\/shop\/wp-json\/wp\/v2\/media\/14460"}],"wp:attachment":[{"href":"https:\/\/galicianparts.com\/shop\/wp-json\/wp\/v2\/media?parent=14459"}],"wp:term":[{"taxonomy":"product_cat","embeddable":true,"href":"https:\/\/galicianparts.com\/shop\/wp-json\/wp\/v2\/product_cat?post=14459"},{"taxonomy":"product_tag","embeddable":true,"href":"https:\/\/galicianparts.com\/shop\/wp-json\/wp\/v2\/product_tag?post=14459"}],"curies":[{"name":"wp","href":"https:\/\/api.w.org\/{rel}","templated":true}]}}