{"id":14475,"date":"2021-02-24T18:52:39","date_gmt":"2021-02-24T16:52:39","guid":{"rendered":"https:\/\/galicianparts.com\/shop\/producto\/51761152-tubo-toma-de-deposito-limpiaparabrisas-fiat-grande-punto-2005-2010\/"},"modified":"2023-12-11T11:10:01","modified_gmt":"2023-12-11T09:10:01","slug":"51761152-tubo-toma-de-deposito-limpiaparabrisas-fiat-grande-punto-2005-2010","status":"publish","type":"product","link":"https:\/\/galicianparts.com\/shop\/producto\/51761152-tubo-toma-de-deposito-limpiaparabrisas-fiat-grande-punto-2005-2010\/","title":{"rendered":"51761152 Tubo de dep\u00f3sito limpiaparabrisas Fiat Grande Punto (2005-2010)"},"content":{"rendered":"<p>Tubo, toma de llenado del dep\u00f3sito del l\u00edquido de limpiaparabrisas de:<br \/>\nFIAT &#8211; 2Y GRANDE PUNTO (2005-2008)<br \/>\nABARTH &#8211; 4A GRANDE PUNTO ABARTH (2007-2010)<\/p>\n<p>LA PIEZA ES NUEVA Y ORIGINAL.<\/p>\n","protected":false},"excerpt":{"rendered":"<p>Tubo, toma de llenado del dep\u00f3sito del l\u00edquido de limpiaparabrisas de: FIAT &#8211; 2Y GRANDE PUNTO (2005-2008) ABARTH &#8211; 4A GRANDE PUNTO ABARTH (2007-2010) LA PIEZA ES NUEVA Y ORIGINAL.<\/p>\n","protected":false},"featured_media":14476,"template":"","meta":{"_seopress_robots_primary_cat":"","_seopress_titles_title":"","_seopress_titles_desc":"","_seopress_robots_index":""},"product_cat":[20,92],"product_tag":[],"class_list":{"0":"post-14475","1":"product","2":"type-product","3":"status-publish","4":"has-post-thumbnail","6":"product_cat-recambios-fiat","7":"product_cat-recambios-fiat-grande-punto","9":"first","10":"outofstock","11":"taxable","12":"shipping-taxable","13":"purchasable","14":"product-type-simple"},"_links":{"self":[{"href":"https:\/\/galicianparts.com\/shop\/wp-json\/wp\/v2\/product\/14475"}],"collection":[{"href":"https:\/\/galicianparts.com\/shop\/wp-json\/wp\/v2\/product"}],"about":[{"href":"https:\/\/galicianparts.com\/shop\/wp-json\/wp\/v2\/types\/product"}],"wp:featuredmedia":[{"embeddable":true,"href":"https:\/\/galicianparts.com\/shop\/wp-json\/wp\/v2\/media\/14476"}],"wp:attachment":[{"href":"https:\/\/galicianparts.com\/shop\/wp-json\/wp\/v2\/media?parent=14475"}],"wp:term":[{"taxonomy":"product_cat","embeddable":true,"href":"https:\/\/galicianparts.com\/shop\/wp-json\/wp\/v2\/product_cat?post=14475"},{"taxonomy":"product_tag","embeddable":true,"href":"https:\/\/galicianparts.com\/shop\/wp-json\/wp\/v2\/product_tag?post=14475"}],"curies":[{"name":"wp","href":"https:\/\/api.w.org\/{rel}","templated":true}]}}