{"id":14505,"date":"2021-02-24T20:43:52","date_gmt":"2021-02-24T18:43:52","guid":{"rendered":"https:\/\/galicianparts.com\/shop\/producto\/51759514-latiguillo-aire-acondicionado-m-1-3jtd-fiat-punto-idea-lancia-musa-nuevo-original\/"},"modified":"2024-07-22T12:48:01","modified_gmt":"2024-07-22T10:48:01","slug":"51759514-latiguillo-aire-acondicionado-m-1-3jtd-fiat-punto-idea-lancia-musa-nuevo-original","status":"publish","type":"product","link":"https:\/\/galicianparts.com\/shop\/producto\/51759514-latiguillo-aire-acondicionado-m-1-3jtd-fiat-punto-idea-lancia-musa-nuevo-original\/","title":{"rendered":"51759514 Latiguillo aire acondicionado M.1.3JTD Fiat Punto \/ Idea \/ Lancia Musa NUEVO ORIGINAL"},"content":{"rendered":"<p>Tubo, manguito r\u00edgido del condensador de aire acondicionado con el\u00e9ctrov\u00e1lvula de:<br \/>\nFIAT &#8211; 2S IDEA 1300cc 16v JTD (2003-2008)<br \/>\nFIAT &#8211; 4D IDEA (2008-2012)<br \/>\nFIAT &#8211; 2U PUNTO FL.&#8217;03 1300cc 16v JTD (2003-2010)<br \/>\nLANCIA &#8211; TG MUSA 1300cc 16v JTD (2004-2007)<br \/>\nLANCIA &#8211; TJ MUSA (2007-2011)<\/p>\n<p>LA PIEZA ES NUEVA Y ORIGINAL.<\/p>\n","protected":false},"excerpt":{"rendered":"<p>Tubo, manguito r\u00edgido del condensador de aire acondicionado con el\u00e9ctrov\u00e1lvula de: FIAT &#8211; 2S IDEA 1300cc 16v JTD (2003-2008) FIAT &#8211; 4D IDEA (2008-2012) FIAT &#8211; 2U PUNTO FL.&#8217;03 1300cc 16v JTD (2003-2010) LANCIA &#8211; TG MUSA 1300cc 16v JTD (2004-2007) LANCIA &#8211; TJ MUSA (2007-2011) LA PIEZA ES NUEVA Y ORIGINAL.<\/p>\n","protected":false},"featured_media":14506,"template":"","meta":{"_seopress_robots_primary_cat":"","_seopress_titles_title":"","_seopress_titles_desc":"","_seopress_robots_index":""},"product_cat":[20,93,21,121,101],"product_tag":[],"class_list":{"0":"post-14505","1":"product","2":"type-product","3":"status-publish","4":"has-post-thumbnail","6":"product_cat-recambios-fiat","7":"product_cat-recambios-fiat-idea","8":"product_cat-recambios-lancia","9":"product_cat-recambios-lancia-musa","10":"product_cat-recambios-fiat-punto","12":"first","13":"outofstock","14":"taxable","15":"shipping-taxable","16":"purchasable","17":"product-type-simple"},"_links":{"self":[{"href":"https:\/\/galicianparts.com\/shop\/wp-json\/wp\/v2\/product\/14505"}],"collection":[{"href":"https:\/\/galicianparts.com\/shop\/wp-json\/wp\/v2\/product"}],"about":[{"href":"https:\/\/galicianparts.com\/shop\/wp-json\/wp\/v2\/types\/product"}],"wp:featuredmedia":[{"embeddable":true,"href":"https:\/\/galicianparts.com\/shop\/wp-json\/wp\/v2\/media\/14506"}],"wp:attachment":[{"href":"https:\/\/galicianparts.com\/shop\/wp-json\/wp\/v2\/media?parent=14505"}],"wp:term":[{"taxonomy":"product_cat","embeddable":true,"href":"https:\/\/galicianparts.com\/shop\/wp-json\/wp\/v2\/product_cat?post=14505"},{"taxonomy":"product_tag","embeddable":true,"href":"https:\/\/galicianparts.com\/shop\/wp-json\/wp\/v2\/product_tag?post=14505"}],"curies":[{"name":"wp","href":"https:\/\/api.w.org\/{rel}","templated":true}]}}