{"id":14570,"date":"2021-02-25T13:48:45","date_gmt":"2021-02-25T11:48:45","guid":{"rendered":"https:\/\/galicianparts.com\/shop\/producto\/517122f100-disco-freno-kia-cerato-2004-2009-nuevo-original\/"},"modified":"2022-03-10T10:03:11","modified_gmt":"2022-03-10T08:03:11","slug":"517122f100-disco-freno-kia-cerato-2004-2009-nuevo-original","status":"publish","type":"product","link":"https:\/\/galicianparts.com\/shop\/producto\/517122f100-disco-freno-kia-cerato-2004-2009-nuevo-original\/","title":{"rendered":"517122F100 Disco freno KIA Cerato (2004-2009) NUEVO ORIGINAL"},"content":{"rendered":"<p>Disco de freno ventilado di\u00e1metro 275mm de:<br \/>\nKIA Cerato Hatchback (LD) (A\u00f1o 04.2004 &#8211; 05.2007, 90 &#8211; 143 , Gas\u00f3leo,Gasolina)<br \/>\n1.5 CRDi, A\u00f1o 07.2005 &#8211; &#8230;, 1493 , 90<br \/>\n1.5 CRDi, A\u00f1o 07.2005 &#8211; &#8230;, 1493 , 102<br \/>\n1.6, A\u00f1o 07.2004 &#8211; &#8230;, 1599 , 105<br \/>\n1.6, A\u00f1o 05.2006 &#8211; &#8230;, 1591 , 122<br \/>\n1.6 CRDi, A\u00f1o 06.2005 &#8211; &#8230;, 1582 , 115<br \/>\n2.0, A\u00f1o 04.2004 &#8211; 05.2007, 1975 , 143<br \/>\n2.0 CRDi, A\u00f1o 04.2004 &#8211; &#8230;, 1991 , 112<br \/>\nKIA Cerato Berlina (LD) (A\u00f1o 04.2004 &#8211; 12.2009, 102 &#8211; 143 , Gas\u00f3leo,Gasolina)<br \/>\n1.5 CRDi, A\u00f1o 07.2005 &#8211; 08.2006, 1493 , 102<br \/>\n1.6, A\u00f1o 04.2004 &#8211; 12.2009, 1594 , 102<br \/>\n1.6, A\u00f1o 04.2004 &#8211; 12.2009, 1599 , 105<br \/>\n1.6, A\u00f1o 04.2004 &#8211; 01.2007, 1599 , 122<br \/>\n1.6, A\u00f1o 05.2006 &#8211; 12.2009, 1591 , 122<br \/>\n1.6 CRDi, A\u00f1o 06.2005 &#8211; 12.2009, 1582 , 115<br \/>\n2.0, A\u00f1o 04.2004 &#8211; 01.2007, 1975 , 143<br \/>\n2.0 CRDi, A\u00f1o 04.2004 &#8211; 05.2006, 1991 , 112<\/p>\n<p> LA PIEZA ES NUEVA Y ORIGINAL.<\/p>\n","protected":false},"excerpt":{"rendered":"<p>Disco de freno ventilado di\u00e1metro 275mm de: KIA Cerato Hatchback (LD) (A\u00f1o 04.2004 &#8211; 05.2007, 90 &#8211; 143 , Gas\u00f3leo,Gasolina) 1.5 CRDi, A\u00f1o 07.2005 &#8211; &#8230;, 1493 , 90 1.5 CRDi, A\u00f1o 07.2005 &#8211; &#8230;, 1493 , 102 1.6, A\u00f1o 07.2004 &#8211; &#8230;, 1599 , 105 1.6, A\u00f1o 05.2006 &#8211; &#8230;, 1591 , 122 1.6 [&hellip;]<\/p>\n","protected":false},"featured_media":14571,"template":"","meta":{"_seopress_robots_primary_cat":"","_seopress_titles_title":"","_seopress_titles_desc":"","_seopress_robots_index":""},"product_cat":[214,22],"product_tag":[],"class_list":{"0":"post-14570","1":"product","2":"type-product","3":"status-publish","4":"has-post-thumbnail","6":"product_cat-recambios-kia-cerato","7":"product_cat-recambios-kia","9":"first","10":"outofstock","11":"taxable","12":"shipping-taxable","13":"purchasable","14":"product-type-simple"},"_links":{"self":[{"href":"https:\/\/galicianparts.com\/shop\/wp-json\/wp\/v2\/product\/14570"}],"collection":[{"href":"https:\/\/galicianparts.com\/shop\/wp-json\/wp\/v2\/product"}],"about":[{"href":"https:\/\/galicianparts.com\/shop\/wp-json\/wp\/v2\/types\/product"}],"wp:featuredmedia":[{"embeddable":true,"href":"https:\/\/galicianparts.com\/shop\/wp-json\/wp\/v2\/media\/14571"}],"wp:attachment":[{"href":"https:\/\/galicianparts.com\/shop\/wp-json\/wp\/v2\/media?parent=14570"}],"wp:term":[{"taxonomy":"product_cat","embeddable":true,"href":"https:\/\/galicianparts.com\/shop\/wp-json\/wp\/v2\/product_cat?post=14570"},{"taxonomy":"product_tag","embeddable":true,"href":"https:\/\/galicianparts.com\/shop\/wp-json\/wp\/v2\/product_tag?post=14570"}],"curies":[{"name":"wp","href":"https:\/\/api.w.org\/{rel}","templated":true}]}}