{"id":14576,"date":"2021-02-25T14:10:19","date_gmt":"2021-02-25T12:10:19","guid":{"rendered":"https:\/\/galicianparts.com\/shop\/producto\/5171207500-disco-freno-kia-picanto-2004-nuevo-original\/"},"modified":"2022-11-13T21:30:27","modified_gmt":"2022-11-13T19:30:27","slug":"5171207500-disco-freno-kia-picanto-2004-nuevo-original","status":"publish","type":"product","link":"https:\/\/galicianparts.com\/shop\/producto\/5171207500-disco-freno-kia-picanto-2004-nuevo-original\/","title":{"rendered":"5171207500 Disco freno Kia Picanto (2004-&#8230;) NUEVO ORIGINAL"},"content":{"rendered":"<p>Disco de freno de ventilado diametro 241mm de:<br \/>\nKIA Picanto I (SA) (A\u00f1o 04.2004 &#8211; &#8230;, 61 &#8211; 65 , Gasolina)<br \/>\n1.0, A\u00f1o 04.2004 &#8211; &#8230;, 999 , 61<br \/>\n1.0, A\u00f1o 09.2007 &#8211; &#8230;, 999 , 63<br \/>\n1.1, A\u00f1o 04.2004 &#8211; &#8230;, 1086 , 65<br \/>\nKIA Picanto II (TA) (A\u00f1o 05.2011 &#8211; 02.2017, 67 &#8211; 88 , Gasolina,Gasolina\/Etanol,Gasolina\/Gas (LPG))<br \/>\n1.0, A\u00f1o 04.2015 &#8211; &#8230;, 998 , 67<br \/>\n1.0, A\u00f1o 05.2011 &#8211; &#8230;, 998 , 69<br \/>\n1.0 Bi-Fuel, A\u00f1o 05.2011 &#8211; &#8230;, 998 , 82<br \/>\n1.0 Flex, A\u00f1o 08.2011 &#8211; &#8230;, 998 , 80<br \/>\n1.0 LPG, A\u00f1o 08.2013 &#8211; &#8230;, 998 , 67<br \/>\n1.2, A\u00f1o 09.2011 &#8211; &#8230;, 1248 , 85<br \/>\n1.2, A\u00f1o 09.2011 &#8211; 02.2017, 1248 , 87<br \/>\n1.2, A\u00f1o 01.2013 &#8211; &#8230;, 1248 , 88<br \/>\n LA PIEZA ES NUEVA Y ORIGINAL.<\/p>\n","protected":false},"excerpt":{"rendered":"<p>Disco de freno de ventilado diametro 241mm de: KIA Picanto I (SA) (A\u00f1o 04.2004 &#8211; &#8230;, 61 &#8211; 65 , Gasolina) 1.0, A\u00f1o 04.2004 &#8211; &#8230;, 999 , 61 1.0, A\u00f1o 09.2007 &#8211; &#8230;, 999 , 63 1.1, A\u00f1o 04.2004 &#8211; &#8230;, 1086 , 65 KIA Picanto II (TA) (A\u00f1o 05.2011 &#8211; 02.2017, 67 &#8211; [&hellip;]<\/p>\n","protected":false},"featured_media":14582,"template":"","meta":{"_seopress_robots_primary_cat":"","_seopress_titles_title":"","_seopress_titles_desc":"","_seopress_robots_index":""},"product_cat":[22,60],"product_tag":[],"class_list":{"0":"post-14576","1":"product","2":"type-product","3":"status-publish","4":"has-post-thumbnail","6":"product_cat-recambios-kia","7":"product_cat-recambios-kia-picanto","9":"first","10":"outofstock","11":"taxable","12":"shipping-taxable","13":"purchasable","14":"product-type-simple"},"_links":{"self":[{"href":"https:\/\/galicianparts.com\/shop\/wp-json\/wp\/v2\/product\/14576"}],"collection":[{"href":"https:\/\/galicianparts.com\/shop\/wp-json\/wp\/v2\/product"}],"about":[{"href":"https:\/\/galicianparts.com\/shop\/wp-json\/wp\/v2\/types\/product"}],"wp:featuredmedia":[{"embeddable":true,"href":"https:\/\/galicianparts.com\/shop\/wp-json\/wp\/v2\/media\/14582"}],"wp:attachment":[{"href":"https:\/\/galicianparts.com\/shop\/wp-json\/wp\/v2\/media?parent=14576"}],"wp:term":[{"taxonomy":"product_cat","embeddable":true,"href":"https:\/\/galicianparts.com\/shop\/wp-json\/wp\/v2\/product_cat?post=14576"},{"taxonomy":"product_tag","embeddable":true,"href":"https:\/\/galicianparts.com\/shop\/wp-json\/wp\/v2\/product_tag?post=14576"}],"curies":[{"name":"wp","href":"https:\/\/api.w.org\/{rel}","templated":true}]}}