{"id":14637,"date":"2021-02-25T20:54:11","date_gmt":"2021-02-25T18:54:11","guid":{"rendered":"https:\/\/galicianparts.com\/shop\/producto\/0k30c10270a-kit-juntas-de-la-culata-kia-rio-1-3-2000-2005-nuevo-original\/"},"modified":"2025-01-22T20:53:35","modified_gmt":"2025-01-22T18:53:35","slug":"0k30c10270a-kit-juntas-de-la-culata-kia-rio-1-3-2000-2005-nuevo-original","status":"publish","type":"product","link":"https:\/\/galicianparts.com\/shop\/producto\/0k30c10270a-kit-juntas-de-la-culata-kia-rio-1-3-2000-2005-nuevo-original\/","title":{"rendered":"0K30C10270A Kit juntas de la culata Kia R\u00edo 1.3 (2000-2005) NUEVO ORIGINAL"},"content":{"rendered":"<p>Juego, set de descarbonizaci\u00f3n de la culata de:<br \/>\nKIA Rio I Berlina (DC) (A\u00f1o 09.2000 &#8211; 02.2005, 75 , Gasolina)<br \/>\n1.3, A\u00f1o 09.2000 &#8211; 02.2005, 1343 , 75<br \/>\nKIA Rio I Familiar (DC) (A\u00f1o 08.2000 &#8211; 02.2005, 75 , Gasolina)<br \/>\n1.3, A\u00f1o 08.2000 &#8211; 02.2005, 1343 , 75<\/p>\n<p>LA PIEZA ES NUEVA Y ORIGINAL.<\/p>\n","protected":false},"excerpt":{"rendered":"<p>Juego, set de descarbonizaci\u00f3n de la culata de: KIA Rio I Berlina (DC) (A\u00f1o 09.2000 &#8211; 02.2005, 75 , Gasolina) 1.3, A\u00f1o 09.2000 &#8211; 02.2005, 1343 , 75 KIA Rio I Familiar (DC) (A\u00f1o 08.2000 &#8211; 02.2005, 75 , Gasolina) 1.3, A\u00f1o 08.2000 &#8211; 02.2005, 1343 , 75 LA PIEZA ES NUEVA Y ORIGINAL.<\/p>\n","protected":false},"featured_media":14638,"template":"","meta":{"_seopress_robots_primary_cat":"","_seopress_titles_title":"","_seopress_titles_desc":"","_seopress_robots_index":""},"product_cat":[22,253],"product_tag":[],"class_list":{"0":"post-14637","1":"product","2":"type-product","3":"status-publish","4":"has-post-thumbnail","6":"product_cat-recambios-kia","7":"product_cat-recambios-kia-rio","9":"first","10":"outofstock","11":"taxable","12":"shipping-taxable","13":"purchasable","14":"product-type-simple"},"_links":{"self":[{"href":"https:\/\/galicianparts.com\/shop\/wp-json\/wp\/v2\/product\/14637"}],"collection":[{"href":"https:\/\/galicianparts.com\/shop\/wp-json\/wp\/v2\/product"}],"about":[{"href":"https:\/\/galicianparts.com\/shop\/wp-json\/wp\/v2\/types\/product"}],"wp:featuredmedia":[{"embeddable":true,"href":"https:\/\/galicianparts.com\/shop\/wp-json\/wp\/v2\/media\/14638"}],"wp:attachment":[{"href":"https:\/\/galicianparts.com\/shop\/wp-json\/wp\/v2\/media?parent=14637"}],"wp:term":[{"taxonomy":"product_cat","embeddable":true,"href":"https:\/\/galicianparts.com\/shop\/wp-json\/wp\/v2\/product_cat?post=14637"},{"taxonomy":"product_tag","embeddable":true,"href":"https:\/\/galicianparts.com\/shop\/wp-json\/wp\/v2\/product_tag?post=14637"}],"curies":[{"name":"wp","href":"https:\/\/api.w.org\/{rel}","templated":true}]}}