{"id":14667,"date":"2021-02-26T12:29:14","date_gmt":"2021-02-26T10:29:14","guid":{"rendered":"https:\/\/galicianparts.com\/shop\/producto\/9210207010-faro-delantero-derecho-kia-picanto-2004-2011-nuevo-original\/"},"modified":"2024-12-09T20:33:55","modified_gmt":"2024-12-09T18:33:55","slug":"9210207010-faro-delantero-derecho-kia-picanto-2004-2011-nuevo-original","status":"publish","type":"product","link":"https:\/\/galicianparts.com\/shop\/producto\/9210207010-faro-delantero-derecho-kia-picanto-2004-2011-nuevo-original\/","title":{"rendered":"9210207010 Faro delantero derecho Kia Picanto (2004-2011) NUEVO ORIGINAL"},"content":{"rendered":"<p>Faro, piloto delantero derecho de:<br \/>\nKIA Picanto I (SA) (A\u00f1o 04.2004 &#8211; 04.2011, 61 &#8211; 75 , Gas\u00f3leo,Gasolina)<br \/>\n1.0, A\u00f1o 04.2004 &#8211; &#8230;, 999 , 61<br \/>\n1.0, A\u00f1o 04.2004 &#8211; 04.2011, 999 , 72<br \/>\n1.1, A\u00f1o 04.2004 &#8211; &#8230;, 1086 , 65<br \/>\n1.1 CRDi, A\u00f1o 11.2005 &#8211; &#8230;, 1120 , 75<\/p>\n<p> LA PIEZA ES NUEVA Y ORIGINAL.<\/p>\n","protected":false},"excerpt":{"rendered":"<p>Faro, piloto delantero derecho de: KIA Picanto I (SA) (A\u00f1o 04.2004 &#8211; 04.2011, 61 &#8211; 75 , Gas\u00f3leo,Gasolina) 1.0, A\u00f1o 04.2004 &#8211; &#8230;, 999 , 61 1.0, A\u00f1o 04.2004 &#8211; 04.2011, 999 , 72 1.1, A\u00f1o 04.2004 &#8211; &#8230;, 1086 , 65 1.1 CRDi, A\u00f1o 11.2005 &#8211; &#8230;, 1120 , 75 LA PIEZA ES NUEVA [&hellip;]<\/p>\n","protected":false},"featured_media":14668,"template":"","meta":{"_seopress_robots_primary_cat":"","_seopress_titles_title":"","_seopress_titles_desc":"","_seopress_robots_index":""},"product_cat":[22,60],"product_tag":[],"class_list":{"0":"post-14667","1":"product","2":"type-product","3":"status-publish","4":"has-post-thumbnail","6":"product_cat-recambios-kia","7":"product_cat-recambios-kia-picanto","9":"first","10":"outofstock","11":"taxable","12":"shipping-taxable","13":"purchasable","14":"product-type-simple"},"_links":{"self":[{"href":"https:\/\/galicianparts.com\/shop\/wp-json\/wp\/v2\/product\/14667"}],"collection":[{"href":"https:\/\/galicianparts.com\/shop\/wp-json\/wp\/v2\/product"}],"about":[{"href":"https:\/\/galicianparts.com\/shop\/wp-json\/wp\/v2\/types\/product"}],"wp:featuredmedia":[{"embeddable":true,"href":"https:\/\/galicianparts.com\/shop\/wp-json\/wp\/v2\/media\/14668"}],"wp:attachment":[{"href":"https:\/\/galicianparts.com\/shop\/wp-json\/wp\/v2\/media?parent=14667"}],"wp:term":[{"taxonomy":"product_cat","embeddable":true,"href":"https:\/\/galicianparts.com\/shop\/wp-json\/wp\/v2\/product_cat?post=14667"},{"taxonomy":"product_tag","embeddable":true,"href":"https:\/\/galicianparts.com\/shop\/wp-json\/wp\/v2\/product_tag?post=14667"}],"curies":[{"name":"wp","href":"https:\/\/api.w.org\/{rel}","templated":true}]}}